{"id":19199,"date":"2024-08-19T15:09:55","date_gmt":"2024-08-19T13:09:55","guid":{"rendered":"https:\/\/slavej.mk\/product\/speczi%d1%98alni-ortopedski-chevli-po-gipsan-model-za-speczifichni-deformiteti-zoran\/"},"modified":"2025-04-11T13:36:02","modified_gmt":"2025-04-11T11:36:02","slug":"kepuce-te-posacme-ortopedike-model-gjipski-per-shtremberime-te-vecanta-zoran","status":"publish","type":"product","link":"https:\/\/slavej.mk\/sq\/product\/kepuce-te-posacme-ortopedike-model-gjipski-per-shtremberime-te-vecanta-zoran\/","title":{"rendered":"K\u00ebpuc\u00eb t\u00eb posa\u00e7me ortopedike, model gjipski p\u00ebr shtremb\u00ebrime t\u00eb ve\u00e7anta &#8211; Zoran"},"excerpt":{"rendered":"","protected":false},"featured_media":20953,"template":"","meta":[],"product_brand":[],"product_cat":[569,568],"product_tag":[],"class_list":{"0":"post-19199","1":"product","2":"type-product","3":"status-publish","4":"has-post-thumbnail","6":"product_cat-individualni-cevli-sq","7":"product_cat-anatomski-detski-sq","9":"first","10":"onbackorder","11":"shipping-taxable","12":"product-type-simple"},"yoast_head":"<!-- This site is optimized with the Yoast SEO plugin v26.3 - https:\/\/yoast.com\/wordpress\/plugins\/seo\/ -->\n<title>K\u00ebpuc\u00eb t\u00eb posa\u00e7me ortopedike, model gjipski p\u00ebr shtremb\u00ebrime t\u00eb ve\u00e7anta - Zoran - Slavej<\/title>\n<meta name=\"robots\" content=\"index, follow, max-snippet:-1, max-image-preview:large, max-video-preview:-1\" \/>\n<link rel=\"canonical\" href=\"https:\/\/slavej.mk\/sq\/product\/kepuce-te-posacme-ortopedike-model-gjipski-per-shtremberime-te-vecanta-zoran\/\" \/>\n<meta property=\"og:locale\" content=\"sq_AL\" \/>\n<meta property=\"og:type\" content=\"article\" \/>\n<meta property=\"og:title\" content=\"K\u00ebpuc\u00eb t\u00eb posa\u00e7me ortopedike, model gjipski p\u00ebr shtremb\u00ebrime t\u00eb ve\u00e7anta - Zoran - Slavej\" \/>\n<meta property=\"og:url\" content=\"https:\/\/slavej.mk\/sq\/product\/kepuce-te-posacme-ortopedike-model-gjipski-per-shtremberime-te-vecanta-zoran\/\" \/>\n<meta property=\"og:site_name\" content=\"Slavej\" \/>\n<meta property=\"article:modified_time\" content=\"2025-04-11T11:36:02+00:00\" \/>\n<meta property=\"og:image\" content=\"https:\/\/slavej.mk\/wp-content\/uploads\/2024\/08\/zoran1.jpg\" \/>\n\t<meta property=\"og:image:width\" content=\"600\" \/>\n\t<meta property=\"og:image:height\" content=\"600\" \/>\n\t<meta property=\"og:image:type\" content=\"image\/jpeg\" \/>\n<meta name=\"twitter:card\" content=\"summary_large_image\" \/>\n<meta name=\"twitter:label1\" content=\"Est. reading time\" \/>\n\t<meta name=\"twitter:data1\" content=\"1 minute\" \/>\n<script type=\"application\/ld+json\" class=\"yoast-schema-graph\">{\"@context\":\"https:\/\/schema.org\",\"@graph\":[{\"@type\":\"WebPage\",\"@id\":\"https:\/\/slavej.mk\/sq\/product\/kepuce-te-posacme-ortopedike-model-gjipski-per-shtremberime-te-vecanta-zoran\/\",\"url\":\"https:\/\/slavej.mk\/sq\/product\/kepuce-te-posacme-ortopedike-model-gjipski-per-shtremberime-te-vecanta-zoran\/\",\"name\":\"K\u00ebpuc\u00eb t\u00eb posa\u00e7me ortopedike, model gjipski p\u00ebr shtremb\u00ebrime t\u00eb ve\u00e7anta - Zoran - Slavej\",\"isPartOf\":{\"@id\":\"https:\/\/slavej.mk\/#website\"},\"primaryImageOfPage\":{\"@id\":\"https:\/\/slavej.mk\/sq\/product\/kepuce-te-posacme-ortopedike-model-gjipski-per-shtremberime-te-vecanta-zoran\/#primaryimage\"},\"image\":{\"@id\":\"https:\/\/slavej.mk\/sq\/product\/kepuce-te-posacme-ortopedike-model-gjipski-per-shtremberime-te-vecanta-zoran\/#primaryimage\"},\"thumbnailUrl\":\"https:\/\/slavej.mk\/wp-content\/uploads\/2024\/08\/zoran1.jpg\",\"datePublished\":\"2024-08-19T13:09:55+00:00\",\"dateModified\":\"2025-04-11T11:36:02+00:00\",\"breadcrumb\":{\"@id\":\"https:\/\/slavej.mk\/sq\/product\/kepuce-te-posacme-ortopedike-model-gjipski-per-shtremberime-te-vecanta-zoran\/#breadcrumb\"},\"inLanguage\":\"sq-AL\",\"potentialAction\":[{\"@type\":\"ReadAction\",\"target\":[\"https:\/\/slavej.mk\/sq\/product\/kepuce-te-posacme-ortopedike-model-gjipski-per-shtremberime-te-vecanta-zoran\/\"]}]},{\"@type\":\"ImageObject\",\"inLanguage\":\"sq-AL\",\"@id\":\"https:\/\/slavej.mk\/sq\/product\/kepuce-te-posacme-ortopedike-model-gjipski-per-shtremberime-te-vecanta-zoran\/#primaryimage\",\"url\":\"https:\/\/slavej.mk\/wp-content\/uploads\/2024\/08\/zoran1.jpg\",\"contentUrl\":\"https:\/\/slavej.mk\/wp-content\/uploads\/2024\/08\/zoran1.jpg\",\"width\":600,\"height\":600},{\"@type\":\"BreadcrumbList\",\"@id\":\"https:\/\/slavej.mk\/sq\/product\/kepuce-te-posacme-ortopedike-model-gjipski-per-shtremberime-te-vecanta-zoran\/#breadcrumb\",\"itemListElement\":[{\"@type\":\"ListItem\",\"position\":1,\"name\":\"Home\",\"item\":\"https:\/\/slavej.mk\/\"},{\"@type\":\"ListItem\",\"position\":2,\"name\":\"Shop\",\"item\":\"https:\/\/slavej.mk\/sq\/shop\/\"},{\"@type\":\"ListItem\",\"position\":3,\"name\":\"K\u00ebpuc\u00eb t\u00eb posa\u00e7me ortopedike, model gjipski p\u00ebr shtremb\u00ebrime t\u00eb ve\u00e7anta &#8211; Zoran\"}]},{\"@type\":\"WebSite\",\"@id\":\"https:\/\/slavej.mk\/#website\",\"url\":\"https:\/\/slavej.mk\/\",\"name\":\"Slavej\",\"description\":\"\",\"publisher\":{\"@id\":\"https:\/\/slavej.mk\/#organization\"},\"potentialAction\":[{\"@type\":\"SearchAction\",\"target\":{\"@type\":\"EntryPoint\",\"urlTemplate\":\"https:\/\/slavej.mk\/?s={search_term_string}\"},\"query-input\":{\"@type\":\"PropertyValueSpecification\",\"valueRequired\":true,\"valueName\":\"search_term_string\"}}],\"inLanguage\":\"sq-AL\"},{\"@type\":\"Organization\",\"@id\":\"https:\/\/slavej.mk\/#organization\",\"name\":\"Slavej\",\"url\":\"https:\/\/slavej.mk\/\",\"logo\":{\"@type\":\"ImageObject\",\"inLanguage\":\"sq-AL\",\"@id\":\"https:\/\/slavej.mk\/#\/schema\/logo\/image\/\",\"url\":\"\",\"contentUrl\":\"\",\"caption\":\"Slavej\"},\"image\":{\"@id\":\"https:\/\/slavej.mk\/#\/schema\/logo\/image\/\"}}]}<\/script>\n<!-- \/ Yoast SEO plugin. -->","yoast_head_json":{"title":"K\u00ebpuc\u00eb t\u00eb posa\u00e7me ortopedike, model gjipski p\u00ebr shtremb\u00ebrime t\u00eb ve\u00e7anta - Zoran - Slavej","robots":{"index":"index","follow":"follow","max-snippet":"max-snippet:-1","max-image-preview":"max-image-preview:large","max-video-preview":"max-video-preview:-1"},"canonical":"https:\/\/slavej.mk\/sq\/product\/kepuce-te-posacme-ortopedike-model-gjipski-per-shtremberime-te-vecanta-zoran\/","og_locale":"sq_AL","og_type":"article","og_title":"K\u00ebpuc\u00eb t\u00eb posa\u00e7me ortopedike, model gjipski p\u00ebr shtremb\u00ebrime t\u00eb ve\u00e7anta - Zoran - Slavej","og_url":"https:\/\/slavej.mk\/sq\/product\/kepuce-te-posacme-ortopedike-model-gjipski-per-shtremberime-te-vecanta-zoran\/","og_site_name":"Slavej","article_modified_time":"2025-04-11T11:36:02+00:00","og_image":[{"width":600,"height":600,"url":"https:\/\/slavej.mk\/wp-content\/uploads\/2024\/08\/zoran1.jpg","type":"image\/jpeg"}],"twitter_card":"summary_large_image","twitter_misc":{"Est. reading time":"1 minute"},"schema":{"@context":"https:\/\/schema.org","@graph":[{"@type":"WebPage","@id":"https:\/\/slavej.mk\/sq\/product\/kepuce-te-posacme-ortopedike-model-gjipski-per-shtremberime-te-vecanta-zoran\/","url":"https:\/\/slavej.mk\/sq\/product\/kepuce-te-posacme-ortopedike-model-gjipski-per-shtremberime-te-vecanta-zoran\/","name":"K\u00ebpuc\u00eb t\u00eb posa\u00e7me ortopedike, model gjipski p\u00ebr shtremb\u00ebrime t\u00eb ve\u00e7anta - Zoran - Slavej","isPartOf":{"@id":"https:\/\/slavej.mk\/#website"},"primaryImageOfPage":{"@id":"https:\/\/slavej.mk\/sq\/product\/kepuce-te-posacme-ortopedike-model-gjipski-per-shtremberime-te-vecanta-zoran\/#primaryimage"},"image":{"@id":"https:\/\/slavej.mk\/sq\/product\/kepuce-te-posacme-ortopedike-model-gjipski-per-shtremberime-te-vecanta-zoran\/#primaryimage"},"thumbnailUrl":"https:\/\/slavej.mk\/wp-content\/uploads\/2024\/08\/zoran1.jpg","datePublished":"2024-08-19T13:09:55+00:00","dateModified":"2025-04-11T11:36:02+00:00","breadcrumb":{"@id":"https:\/\/slavej.mk\/sq\/product\/kepuce-te-posacme-ortopedike-model-gjipski-per-shtremberime-te-vecanta-zoran\/#breadcrumb"},"inLanguage":"sq-AL","potentialAction":[{"@type":"ReadAction","target":["https:\/\/slavej.mk\/sq\/product\/kepuce-te-posacme-ortopedike-model-gjipski-per-shtremberime-te-vecanta-zoran\/"]}]},{"@type":"ImageObject","inLanguage":"sq-AL","@id":"https:\/\/slavej.mk\/sq\/product\/kepuce-te-posacme-ortopedike-model-gjipski-per-shtremberime-te-vecanta-zoran\/#primaryimage","url":"https:\/\/slavej.mk\/wp-content\/uploads\/2024\/08\/zoran1.jpg","contentUrl":"https:\/\/slavej.mk\/wp-content\/uploads\/2024\/08\/zoran1.jpg","width":600,"height":600},{"@type":"BreadcrumbList","@id":"https:\/\/slavej.mk\/sq\/product\/kepuce-te-posacme-ortopedike-model-gjipski-per-shtremberime-te-vecanta-zoran\/#breadcrumb","itemListElement":[{"@type":"ListItem","position":1,"name":"Home","item":"https:\/\/slavej.mk\/"},{"@type":"ListItem","position":2,"name":"Shop","item":"https:\/\/slavej.mk\/sq\/shop\/"},{"@type":"ListItem","position":3,"name":"K\u00ebpuc\u00eb t\u00eb posa\u00e7me ortopedike, model gjipski p\u00ebr shtremb\u00ebrime t\u00eb ve\u00e7anta &#8211; Zoran"}]},{"@type":"WebSite","@id":"https:\/\/slavej.mk\/#website","url":"https:\/\/slavej.mk\/","name":"Slavej","description":"","publisher":{"@id":"https:\/\/slavej.mk\/#organization"},"potentialAction":[{"@type":"SearchAction","target":{"@type":"EntryPoint","urlTemplate":"https:\/\/slavej.mk\/?s={search_term_string}"},"query-input":{"@type":"PropertyValueSpecification","valueRequired":true,"valueName":"search_term_string"}}],"inLanguage":"sq-AL"},{"@type":"Organization","@id":"https:\/\/slavej.mk\/#organization","name":"Slavej","url":"https:\/\/slavej.mk\/","logo":{"@type":"ImageObject","inLanguage":"sq-AL","@id":"https:\/\/slavej.mk\/#\/schema\/logo\/image\/","url":"","contentUrl":"","caption":"Slavej"},"image":{"@id":"https:\/\/slavej.mk\/#\/schema\/logo\/image\/"}}]}},"_links":{"self":[{"href":"https:\/\/slavej.mk\/sq\/wp-json\/wp\/v2\/product\/19199","targetHints":{"allow":["GET"]}}],"collection":[{"href":"https:\/\/slavej.mk\/sq\/wp-json\/wp\/v2\/product"}],"about":[{"href":"https:\/\/slavej.mk\/sq\/wp-json\/wp\/v2\/types\/product"}],"wp:featuredmedia":[{"embeddable":true,"href":"https:\/\/slavej.mk\/sq\/wp-json\/wp\/v2\/media\/20953"}],"wp:attachment":[{"href":"https:\/\/slavej.mk\/sq\/wp-json\/wp\/v2\/media?parent=19199"}],"wp:term":[{"taxonomy":"product_brand","embeddable":true,"href":"https:\/\/slavej.mk\/sq\/wp-json\/wp\/v2\/product_brand?post=19199"},{"taxonomy":"product_cat","embeddable":true,"href":"https:\/\/slavej.mk\/sq\/wp-json\/wp\/v2\/product_cat?post=19199"},{"taxonomy":"product_tag","embeddable":true,"href":"https:\/\/slavej.mk\/sq\/wp-json\/wp\/v2\/product_tag?post=19199"}],"curies":[{"name":"wp","href":"https:\/\/api.w.org\/{rel}","templated":true}]}}