{"id":19013,"date":"2024-08-14T15:53:43","date_gmt":"2024-08-14T13:53:43","guid":{"rendered":"https:\/\/slavej.mk\/product\/elektromotorna-invalidska-kolichka-detska-forestkids\/"},"modified":"2024-12-27T13:43:41","modified_gmt":"2024-12-27T12:43:41","slug":"karrige-elektromotorike-me-rrota-per-invalide-per-femije-forestkids","status":"publish","type":"product","link":"https:\/\/slavej.mk\/sq\/product\/karrige-elektromotorike-me-rrota-per-invalide-per-femije-forestkids\/","title":{"rendered":"Karrige elektromotorike me rrota, p\u00ebr invalid\u00eb &#8211; p\u00ebr f\u00ebmij\u00eb ForestKids"},"excerpt":{"rendered":"","protected":false},"featured_media":17025,"template":"","meta":[],"product_brand":[],"product_cat":[480,543],"product_tag":[],"class_list":{"0":"post-19013","1":"product","2":"type-product","3":"status-publish","4":"has-post-thumbnail","6":"product_cat-invalidski-kolicki-sq","7":"product_cat-detski-sq","9":"first","10":"onbackorder","11":"shipping-taxable","12":"purchasable","13":"product-type-simple"},"yoast_head":"<!-- This site is optimized with the Yoast SEO plugin v26.3 - https:\/\/yoast.com\/wordpress\/plugins\/seo\/ -->\n<title>Karrige elektromotorike me rrota, p\u00ebr invalid\u00eb - p\u00ebr f\u00ebmij\u00eb ForestKids - Slavej<\/title>\n<meta name=\"robots\" content=\"index, follow, max-snippet:-1, max-image-preview:large, max-video-preview:-1\" \/>\n<link rel=\"canonical\" href=\"https:\/\/slavej.mk\/sq\/product\/karrige-elektromotorike-me-rrota-per-invalide-per-femije-forestkids\/\" \/>\n<meta property=\"og:locale\" content=\"sq_AL\" \/>\n<meta property=\"og:type\" content=\"article\" \/>\n<meta property=\"og:title\" content=\"Karrige elektromotorike me rrota, p\u00ebr invalid\u00eb - p\u00ebr f\u00ebmij\u00eb ForestKids - Slavej\" \/>\n<meta property=\"og:url\" content=\"https:\/\/slavej.mk\/sq\/product\/karrige-elektromotorike-me-rrota-per-invalide-per-femije-forestkids\/\" \/>\n<meta property=\"og:site_name\" content=\"Slavej\" \/>\n<meta property=\"article:modified_time\" content=\"2024-12-27T12:43:41+00:00\" \/>\n<meta property=\"og:image\" content=\"https:\/\/slavej.mk\/wp-content\/uploads\/2024\/08\/1-56.jpg\" \/>\n\t<meta property=\"og:image:width\" content=\"600\" \/>\n\t<meta property=\"og:image:height\" content=\"600\" \/>\n\t<meta property=\"og:image:type\" content=\"image\/jpeg\" \/>\n<meta name=\"twitter:card\" content=\"summary_large_image\" \/>\n<meta name=\"twitter:label1\" content=\"Est. reading time\" \/>\n\t<meta name=\"twitter:data1\" content=\"1 minute\" \/>\n<script type=\"application\/ld+json\" class=\"yoast-schema-graph\">{\"@context\":\"https:\/\/schema.org\",\"@graph\":[{\"@type\":\"WebPage\",\"@id\":\"https:\/\/slavej.mk\/sq\/product\/karrige-elektromotorike-me-rrota-per-invalide-per-femije-forestkids\/\",\"url\":\"https:\/\/slavej.mk\/sq\/product\/karrige-elektromotorike-me-rrota-per-invalide-per-femije-forestkids\/\",\"name\":\"Karrige elektromotorike me rrota, p\u00ebr invalid\u00eb - p\u00ebr f\u00ebmij\u00eb ForestKids - Slavej\",\"isPartOf\":{\"@id\":\"https:\/\/slavej.mk\/#website\"},\"primaryImageOfPage\":{\"@id\":\"https:\/\/slavej.mk\/sq\/product\/karrige-elektromotorike-me-rrota-per-invalide-per-femije-forestkids\/#primaryimage\"},\"image\":{\"@id\":\"https:\/\/slavej.mk\/sq\/product\/karrige-elektromotorike-me-rrota-per-invalide-per-femije-forestkids\/#primaryimage\"},\"thumbnailUrl\":\"https:\/\/slavej.mk\/wp-content\/uploads\/2024\/08\/1-56.jpg\",\"datePublished\":\"2024-08-14T13:53:43+00:00\",\"dateModified\":\"2024-12-27T12:43:41+00:00\",\"breadcrumb\":{\"@id\":\"https:\/\/slavej.mk\/sq\/product\/karrige-elektromotorike-me-rrota-per-invalide-per-femije-forestkids\/#breadcrumb\"},\"inLanguage\":\"sq-AL\",\"potentialAction\":[{\"@type\":\"ReadAction\",\"target\":[\"https:\/\/slavej.mk\/sq\/product\/karrige-elektromotorike-me-rrota-per-invalide-per-femije-forestkids\/\"]}]},{\"@type\":\"ImageObject\",\"inLanguage\":\"sq-AL\",\"@id\":\"https:\/\/slavej.mk\/sq\/product\/karrige-elektromotorike-me-rrota-per-invalide-per-femije-forestkids\/#primaryimage\",\"url\":\"https:\/\/slavej.mk\/wp-content\/uploads\/2024\/08\/1-56.jpg\",\"contentUrl\":\"https:\/\/slavej.mk\/wp-content\/uploads\/2024\/08\/1-56.jpg\",\"width\":600,\"height\":600},{\"@type\":\"BreadcrumbList\",\"@id\":\"https:\/\/slavej.mk\/sq\/product\/karrige-elektromotorike-me-rrota-per-invalide-per-femije-forestkids\/#breadcrumb\",\"itemListElement\":[{\"@type\":\"ListItem\",\"position\":1,\"name\":\"Home\",\"item\":\"https:\/\/slavej.mk\/\"},{\"@type\":\"ListItem\",\"position\":2,\"name\":\"Shop\",\"item\":\"https:\/\/slavej.mk\/sq\/shop\/\"},{\"@type\":\"ListItem\",\"position\":3,\"name\":\"Karrige elektromotorike me rrota, p\u00ebr invalid\u00eb &#8211; p\u00ebr f\u00ebmij\u00eb ForestKids\"}]},{\"@type\":\"WebSite\",\"@id\":\"https:\/\/slavej.mk\/#website\",\"url\":\"https:\/\/slavej.mk\/\",\"name\":\"Slavej\",\"description\":\"\",\"publisher\":{\"@id\":\"https:\/\/slavej.mk\/#organization\"},\"potentialAction\":[{\"@type\":\"SearchAction\",\"target\":{\"@type\":\"EntryPoint\",\"urlTemplate\":\"https:\/\/slavej.mk\/?s={search_term_string}\"},\"query-input\":{\"@type\":\"PropertyValueSpecification\",\"valueRequired\":true,\"valueName\":\"search_term_string\"}}],\"inLanguage\":\"sq-AL\"},{\"@type\":\"Organization\",\"@id\":\"https:\/\/slavej.mk\/#organization\",\"name\":\"Slavej\",\"url\":\"https:\/\/slavej.mk\/\",\"logo\":{\"@type\":\"ImageObject\",\"inLanguage\":\"sq-AL\",\"@id\":\"https:\/\/slavej.mk\/#\/schema\/logo\/image\/\",\"url\":\"\",\"contentUrl\":\"\",\"caption\":\"Slavej\"},\"image\":{\"@id\":\"https:\/\/slavej.mk\/#\/schema\/logo\/image\/\"}}]}<\/script>\n<!-- \/ Yoast SEO plugin. -->","yoast_head_json":{"title":"Karrige elektromotorike me rrota, p\u00ebr invalid\u00eb - p\u00ebr f\u00ebmij\u00eb ForestKids - Slavej","robots":{"index":"index","follow":"follow","max-snippet":"max-snippet:-1","max-image-preview":"max-image-preview:large","max-video-preview":"max-video-preview:-1"},"canonical":"https:\/\/slavej.mk\/sq\/product\/karrige-elektromotorike-me-rrota-per-invalide-per-femije-forestkids\/","og_locale":"sq_AL","og_type":"article","og_title":"Karrige elektromotorike me rrota, p\u00ebr invalid\u00eb - p\u00ebr f\u00ebmij\u00eb ForestKids - Slavej","og_url":"https:\/\/slavej.mk\/sq\/product\/karrige-elektromotorike-me-rrota-per-invalide-per-femije-forestkids\/","og_site_name":"Slavej","article_modified_time":"2024-12-27T12:43:41+00:00","og_image":[{"width":600,"height":600,"url":"https:\/\/slavej.mk\/wp-content\/uploads\/2024\/08\/1-56.jpg","type":"image\/jpeg"}],"twitter_card":"summary_large_image","twitter_misc":{"Est. reading time":"1 minute"},"schema":{"@context":"https:\/\/schema.org","@graph":[{"@type":"WebPage","@id":"https:\/\/slavej.mk\/sq\/product\/karrige-elektromotorike-me-rrota-per-invalide-per-femije-forestkids\/","url":"https:\/\/slavej.mk\/sq\/product\/karrige-elektromotorike-me-rrota-per-invalide-per-femije-forestkids\/","name":"Karrige elektromotorike me rrota, p\u00ebr invalid\u00eb - p\u00ebr f\u00ebmij\u00eb ForestKids - Slavej","isPartOf":{"@id":"https:\/\/slavej.mk\/#website"},"primaryImageOfPage":{"@id":"https:\/\/slavej.mk\/sq\/product\/karrige-elektromotorike-me-rrota-per-invalide-per-femije-forestkids\/#primaryimage"},"image":{"@id":"https:\/\/slavej.mk\/sq\/product\/karrige-elektromotorike-me-rrota-per-invalide-per-femije-forestkids\/#primaryimage"},"thumbnailUrl":"https:\/\/slavej.mk\/wp-content\/uploads\/2024\/08\/1-56.jpg","datePublished":"2024-08-14T13:53:43+00:00","dateModified":"2024-12-27T12:43:41+00:00","breadcrumb":{"@id":"https:\/\/slavej.mk\/sq\/product\/karrige-elektromotorike-me-rrota-per-invalide-per-femije-forestkids\/#breadcrumb"},"inLanguage":"sq-AL","potentialAction":[{"@type":"ReadAction","target":["https:\/\/slavej.mk\/sq\/product\/karrige-elektromotorike-me-rrota-per-invalide-per-femije-forestkids\/"]}]},{"@type":"ImageObject","inLanguage":"sq-AL","@id":"https:\/\/slavej.mk\/sq\/product\/karrige-elektromotorike-me-rrota-per-invalide-per-femije-forestkids\/#primaryimage","url":"https:\/\/slavej.mk\/wp-content\/uploads\/2024\/08\/1-56.jpg","contentUrl":"https:\/\/slavej.mk\/wp-content\/uploads\/2024\/08\/1-56.jpg","width":600,"height":600},{"@type":"BreadcrumbList","@id":"https:\/\/slavej.mk\/sq\/product\/karrige-elektromotorike-me-rrota-per-invalide-per-femije-forestkids\/#breadcrumb","itemListElement":[{"@type":"ListItem","position":1,"name":"Home","item":"https:\/\/slavej.mk\/"},{"@type":"ListItem","position":2,"name":"Shop","item":"https:\/\/slavej.mk\/sq\/shop\/"},{"@type":"ListItem","position":3,"name":"Karrige elektromotorike me rrota, p\u00ebr invalid\u00eb &#8211; p\u00ebr f\u00ebmij\u00eb ForestKids"}]},{"@type":"WebSite","@id":"https:\/\/slavej.mk\/#website","url":"https:\/\/slavej.mk\/","name":"Slavej","description":"","publisher":{"@id":"https:\/\/slavej.mk\/#organization"},"potentialAction":[{"@type":"SearchAction","target":{"@type":"EntryPoint","urlTemplate":"https:\/\/slavej.mk\/?s={search_term_string}"},"query-input":{"@type":"PropertyValueSpecification","valueRequired":true,"valueName":"search_term_string"}}],"inLanguage":"sq-AL"},{"@type":"Organization","@id":"https:\/\/slavej.mk\/#organization","name":"Slavej","url":"https:\/\/slavej.mk\/","logo":{"@type":"ImageObject","inLanguage":"sq-AL","@id":"https:\/\/slavej.mk\/#\/schema\/logo\/image\/","url":"","contentUrl":"","caption":"Slavej"},"image":{"@id":"https:\/\/slavej.mk\/#\/schema\/logo\/image\/"}}]}},"_links":{"self":[{"href":"https:\/\/slavej.mk\/sq\/wp-json\/wp\/v2\/product\/19013","targetHints":{"allow":["GET"]}}],"collection":[{"href":"https:\/\/slavej.mk\/sq\/wp-json\/wp\/v2\/product"}],"about":[{"href":"https:\/\/slavej.mk\/sq\/wp-json\/wp\/v2\/types\/product"}],"wp:featuredmedia":[{"embeddable":true,"href":"https:\/\/slavej.mk\/sq\/wp-json\/wp\/v2\/media\/17025"}],"wp:attachment":[{"href":"https:\/\/slavej.mk\/sq\/wp-json\/wp\/v2\/media?parent=19013"}],"wp:term":[{"taxonomy":"product_brand","embeddable":true,"href":"https:\/\/slavej.mk\/sq\/wp-json\/wp\/v2\/product_brand?post=19013"},{"taxonomy":"product_cat","embeddable":true,"href":"https:\/\/slavej.mk\/sq\/wp-json\/wp\/v2\/product_cat?post=19013"},{"taxonomy":"product_tag","embeddable":true,"href":"https:\/\/slavej.mk\/sq\/wp-json\/wp\/v2\/product_tag?post=19013"}],"curies":[{"name":"wp","href":"https:\/\/api.w.org\/{rel}","templated":true}]}}