{"id":18578,"date":"2024-08-14T16:52:20","date_gmt":"2024-08-14T14:52:20","guid":{"rendered":"https:\/\/slavej.mk\/product\/toaletna-invalidska-kolichka-139e-vermeiren\/"},"modified":"2024-10-30T15:14:44","modified_gmt":"2024-10-30T14:14:44","slug":"karrige-me-rrota-per-invalide-per-tualet-139e-vermeiren","status":"publish","type":"product","link":"https:\/\/slavej.mk\/sq\/product\/karrige-me-rrota-per-invalide-per-tualet-139e-vermeiren\/","title":{"rendered":"Karrige me rrota p\u00ebr invalid\u00eb, p\u00ebr tualet 139E"},"excerpt":{"rendered":"","protected":false},"featured_media":17156,"template":"","meta":[],"product_brand":[],"product_cat":[540,542,480,541],"product_tag":[],"class_list":{"0":"post-18578","1":"product","2":"type-product","3":"status-publish","4":"has-post-thumbnail","6":"product_cat-nega-na-bolen-sq","7":"product_cat-toaletni-pomagala-sq","8":"product_cat-invalidski-kolicki-sq","9":"product_cat-toaletni-sq","11":"first","12":"instock","13":"shipping-taxable","14":"purchasable","15":"product-type-simple"},"yoast_head":"<!-- This site is optimized with the Yoast SEO plugin v26.3 - https:\/\/yoast.com\/wordpress\/plugins\/seo\/ -->\n<title>Karrige me rrota p\u00ebr invalid\u00eb, p\u00ebr tualet 139E - Slavej<\/title>\n<meta name=\"robots\" content=\"index, follow, max-snippet:-1, max-image-preview:large, max-video-preview:-1\" \/>\n<link rel=\"canonical\" href=\"https:\/\/slavej.mk\/sq\/product\/karrige-me-rrota-per-invalide-per-tualet-139e-vermeiren\/\" \/>\n<meta property=\"og:locale\" content=\"sq_AL\" \/>\n<meta property=\"og:type\" content=\"article\" \/>\n<meta property=\"og:title\" content=\"Karrige me rrota p\u00ebr invalid\u00eb, p\u00ebr tualet 139E - Slavej\" \/>\n<meta property=\"og:url\" content=\"https:\/\/slavej.mk\/sq\/product\/karrige-me-rrota-per-invalide-per-tualet-139e-vermeiren\/\" \/>\n<meta property=\"og:site_name\" content=\"Slavej\" \/>\n<meta property=\"article:modified_time\" content=\"2024-10-30T14:14:44+00:00\" \/>\n<meta property=\"og:image\" content=\"https:\/\/slavej.mk\/wp-content\/uploads\/2024\/08\/\u2013-vermeiren.jpg\" \/>\n\t<meta property=\"og:image:width\" content=\"600\" \/>\n\t<meta property=\"og:image:height\" content=\"600\" \/>\n\t<meta property=\"og:image:type\" content=\"image\/jpeg\" \/>\n<meta name=\"twitter:card\" content=\"summary_large_image\" \/>\n<script type=\"application\/ld+json\" class=\"yoast-schema-graph\">{\"@context\":\"https:\/\/schema.org\",\"@graph\":[{\"@type\":\"WebPage\",\"@id\":\"https:\/\/slavej.mk\/sq\/product\/karrige-me-rrota-per-invalide-per-tualet-139e-vermeiren\/\",\"url\":\"https:\/\/slavej.mk\/sq\/product\/karrige-me-rrota-per-invalide-per-tualet-139e-vermeiren\/\",\"name\":\"Karrige me rrota p\u00ebr invalid\u00eb, p\u00ebr tualet 139E - Slavej\",\"isPartOf\":{\"@id\":\"https:\/\/slavej.mk\/#website\"},\"primaryImageOfPage\":{\"@id\":\"https:\/\/slavej.mk\/sq\/product\/karrige-me-rrota-per-invalide-per-tualet-139e-vermeiren\/#primaryimage\"},\"image\":{\"@id\":\"https:\/\/slavej.mk\/sq\/product\/karrige-me-rrota-per-invalide-per-tualet-139e-vermeiren\/#primaryimage\"},\"thumbnailUrl\":\"https:\/\/slavej.mk\/wp-content\/uploads\/2024\/08\/\u2013-vermeiren.jpg\",\"datePublished\":\"2024-08-14T14:52:20+00:00\",\"dateModified\":\"2024-10-30T14:14:44+00:00\",\"breadcrumb\":{\"@id\":\"https:\/\/slavej.mk\/sq\/product\/karrige-me-rrota-per-invalide-per-tualet-139e-vermeiren\/#breadcrumb\"},\"inLanguage\":\"sq-AL\",\"potentialAction\":[{\"@type\":\"ReadAction\",\"target\":[\"https:\/\/slavej.mk\/sq\/product\/karrige-me-rrota-per-invalide-per-tualet-139e-vermeiren\/\"]}]},{\"@type\":\"ImageObject\",\"inLanguage\":\"sq-AL\",\"@id\":\"https:\/\/slavej.mk\/sq\/product\/karrige-me-rrota-per-invalide-per-tualet-139e-vermeiren\/#primaryimage\",\"url\":\"https:\/\/slavej.mk\/wp-content\/uploads\/2024\/08\/\u2013-vermeiren.jpg\",\"contentUrl\":\"https:\/\/slavej.mk\/wp-content\/uploads\/2024\/08\/\u2013-vermeiren.jpg\",\"width\":600,\"height\":600},{\"@type\":\"BreadcrumbList\",\"@id\":\"https:\/\/slavej.mk\/sq\/product\/karrige-me-rrota-per-invalide-per-tualet-139e-vermeiren\/#breadcrumb\",\"itemListElement\":[{\"@type\":\"ListItem\",\"position\":1,\"name\":\"Home\",\"item\":\"https:\/\/slavej.mk\/\"},{\"@type\":\"ListItem\",\"position\":2,\"name\":\"Shop\",\"item\":\"https:\/\/slavej.mk\/sq\/shop\/\"},{\"@type\":\"ListItem\",\"position\":3,\"name\":\"Karrige me rrota p\u00ebr invalid\u00eb, p\u00ebr tualet 139E\"}]},{\"@type\":\"WebSite\",\"@id\":\"https:\/\/slavej.mk\/#website\",\"url\":\"https:\/\/slavej.mk\/\",\"name\":\"Slavej\",\"description\":\"\",\"publisher\":{\"@id\":\"https:\/\/slavej.mk\/#organization\"},\"potentialAction\":[{\"@type\":\"SearchAction\",\"target\":{\"@type\":\"EntryPoint\",\"urlTemplate\":\"https:\/\/slavej.mk\/?s={search_term_string}\"},\"query-input\":{\"@type\":\"PropertyValueSpecification\",\"valueRequired\":true,\"valueName\":\"search_term_string\"}}],\"inLanguage\":\"sq-AL\"},{\"@type\":\"Organization\",\"@id\":\"https:\/\/slavej.mk\/#organization\",\"name\":\"Slavej\",\"url\":\"https:\/\/slavej.mk\/\",\"logo\":{\"@type\":\"ImageObject\",\"inLanguage\":\"sq-AL\",\"@id\":\"https:\/\/slavej.mk\/#\/schema\/logo\/image\/\",\"url\":\"\",\"contentUrl\":\"\",\"caption\":\"Slavej\"},\"image\":{\"@id\":\"https:\/\/slavej.mk\/#\/schema\/logo\/image\/\"}}]}<\/script>\n<!-- \/ Yoast SEO plugin. -->","yoast_head_json":{"title":"Karrige me rrota p\u00ebr invalid\u00eb, p\u00ebr tualet 139E - Slavej","robots":{"index":"index","follow":"follow","max-snippet":"max-snippet:-1","max-image-preview":"max-image-preview:large","max-video-preview":"max-video-preview:-1"},"canonical":"https:\/\/slavej.mk\/sq\/product\/karrige-me-rrota-per-invalide-per-tualet-139e-vermeiren\/","og_locale":"sq_AL","og_type":"article","og_title":"Karrige me rrota p\u00ebr invalid\u00eb, p\u00ebr tualet 139E - Slavej","og_url":"https:\/\/slavej.mk\/sq\/product\/karrige-me-rrota-per-invalide-per-tualet-139e-vermeiren\/","og_site_name":"Slavej","article_modified_time":"2024-10-30T14:14:44+00:00","og_image":[{"width":600,"height":600,"url":"https:\/\/slavej.mk\/wp-content\/uploads\/2024\/08\/\u2013-vermeiren.jpg","type":"image\/jpeg"}],"twitter_card":"summary_large_image","schema":{"@context":"https:\/\/schema.org","@graph":[{"@type":"WebPage","@id":"https:\/\/slavej.mk\/sq\/product\/karrige-me-rrota-per-invalide-per-tualet-139e-vermeiren\/","url":"https:\/\/slavej.mk\/sq\/product\/karrige-me-rrota-per-invalide-per-tualet-139e-vermeiren\/","name":"Karrige me rrota p\u00ebr invalid\u00eb, p\u00ebr tualet 139E - Slavej","isPartOf":{"@id":"https:\/\/slavej.mk\/#website"},"primaryImageOfPage":{"@id":"https:\/\/slavej.mk\/sq\/product\/karrige-me-rrota-per-invalide-per-tualet-139e-vermeiren\/#primaryimage"},"image":{"@id":"https:\/\/slavej.mk\/sq\/product\/karrige-me-rrota-per-invalide-per-tualet-139e-vermeiren\/#primaryimage"},"thumbnailUrl":"https:\/\/slavej.mk\/wp-content\/uploads\/2024\/08\/\u2013-vermeiren.jpg","datePublished":"2024-08-14T14:52:20+00:00","dateModified":"2024-10-30T14:14:44+00:00","breadcrumb":{"@id":"https:\/\/slavej.mk\/sq\/product\/karrige-me-rrota-per-invalide-per-tualet-139e-vermeiren\/#breadcrumb"},"inLanguage":"sq-AL","potentialAction":[{"@type":"ReadAction","target":["https:\/\/slavej.mk\/sq\/product\/karrige-me-rrota-per-invalide-per-tualet-139e-vermeiren\/"]}]},{"@type":"ImageObject","inLanguage":"sq-AL","@id":"https:\/\/slavej.mk\/sq\/product\/karrige-me-rrota-per-invalide-per-tualet-139e-vermeiren\/#primaryimage","url":"https:\/\/slavej.mk\/wp-content\/uploads\/2024\/08\/\u2013-vermeiren.jpg","contentUrl":"https:\/\/slavej.mk\/wp-content\/uploads\/2024\/08\/\u2013-vermeiren.jpg","width":600,"height":600},{"@type":"BreadcrumbList","@id":"https:\/\/slavej.mk\/sq\/product\/karrige-me-rrota-per-invalide-per-tualet-139e-vermeiren\/#breadcrumb","itemListElement":[{"@type":"ListItem","position":1,"name":"Home","item":"https:\/\/slavej.mk\/"},{"@type":"ListItem","position":2,"name":"Shop","item":"https:\/\/slavej.mk\/sq\/shop\/"},{"@type":"ListItem","position":3,"name":"Karrige me rrota p\u00ebr invalid\u00eb, p\u00ebr tualet 139E"}]},{"@type":"WebSite","@id":"https:\/\/slavej.mk\/#website","url":"https:\/\/slavej.mk\/","name":"Slavej","description":"","publisher":{"@id":"https:\/\/slavej.mk\/#organization"},"potentialAction":[{"@type":"SearchAction","target":{"@type":"EntryPoint","urlTemplate":"https:\/\/slavej.mk\/?s={search_term_string}"},"query-input":{"@type":"PropertyValueSpecification","valueRequired":true,"valueName":"search_term_string"}}],"inLanguage":"sq-AL"},{"@type":"Organization","@id":"https:\/\/slavej.mk\/#organization","name":"Slavej","url":"https:\/\/slavej.mk\/","logo":{"@type":"ImageObject","inLanguage":"sq-AL","@id":"https:\/\/slavej.mk\/#\/schema\/logo\/image\/","url":"","contentUrl":"","caption":"Slavej"},"image":{"@id":"https:\/\/slavej.mk\/#\/schema\/logo\/image\/"}}]}},"_links":{"self":[{"href":"https:\/\/slavej.mk\/sq\/wp-json\/wp\/v2\/product\/18578","targetHints":{"allow":["GET"]}}],"collection":[{"href":"https:\/\/slavej.mk\/sq\/wp-json\/wp\/v2\/product"}],"about":[{"href":"https:\/\/slavej.mk\/sq\/wp-json\/wp\/v2\/types\/product"}],"wp:featuredmedia":[{"embeddable":true,"href":"https:\/\/slavej.mk\/sq\/wp-json\/wp\/v2\/media\/17156"}],"wp:attachment":[{"href":"https:\/\/slavej.mk\/sq\/wp-json\/wp\/v2\/media?parent=18578"}],"wp:term":[{"taxonomy":"product_brand","embeddable":true,"href":"https:\/\/slavej.mk\/sq\/wp-json\/wp\/v2\/product_brand?post=18578"},{"taxonomy":"product_cat","embeddable":true,"href":"https:\/\/slavej.mk\/sq\/wp-json\/wp\/v2\/product_cat?post=18578"},{"taxonomy":"product_tag","embeddable":true,"href":"https:\/\/slavej.mk\/sq\/wp-json\/wp\/v2\/product_tag?post=18578"}],"curies":[{"name":"wp","href":"https:\/\/api.w.org\/{rel}","templated":true}]}}