{"id":17929,"date":"2024-08-14T17:04:12","date_gmt":"2024-08-14T15:04:12","guid":{"rendered":"https:\/\/slavej.mk\/product\/imobilizator-za-koleno-za-decza-2\/"},"modified":"2024-11-18T15:51:54","modified_gmt":"2024-11-18T14:51:54","slug":"imobilizues-gjuri-per-femije","status":"publish","type":"product","link":"https:\/\/slavej.mk\/sq\/product\/imobilizues-gjuri-per-femije\/","title":{"rendered":"Imobilizues gjuri p\u00ebr f\u00ebmij\u00eb"},"excerpt":{"rendered":"","protected":false},"featured_media":16963,"template":"","meta":[],"product_brand":[],"product_cat":[486,517],"product_tag":[735],"class_list":{"0":"post-17929","1":"product","2":"type-product","3":"status-publish","4":"has-post-thumbnail","6":"product_cat-ortopedski-stegaci-i-ortozi-sq","7":"product_cat-detski-ortozi-sq","8":"product_tag-gjunj","10":"first","11":"instock","12":"shipping-taxable","13":"purchasable","14":"product-type-variable"},"yoast_head":"<!-- This site is optimized with the Yoast SEO plugin v26.3 - https:\/\/yoast.com\/wordpress\/plugins\/seo\/ -->\n<title>Imobilizues gjuri p\u00ebr f\u00ebmij\u00eb - Slavej<\/title>\n<meta name=\"robots\" content=\"index, follow, max-snippet:-1, max-image-preview:large, max-video-preview:-1\" \/>\n<link rel=\"canonical\" href=\"https:\/\/slavej.mk\/sq\/product\/imobilizues-gjuri-per-femije\/\" \/>\n<meta property=\"og:locale\" content=\"sq_AL\" \/>\n<meta property=\"og:type\" content=\"article\" \/>\n<meta property=\"og:title\" content=\"Imobilizues gjuri p\u00ebr f\u00ebmij\u00eb - Slavej\" \/>\n<meta property=\"og:url\" content=\"https:\/\/slavej.mk\/sq\/product\/imobilizues-gjuri-per-femije\/\" \/>\n<meta property=\"og:site_name\" content=\"Slavej\" \/>\n<meta property=\"article:modified_time\" content=\"2024-11-18T14:51:54+00:00\" \/>\n<meta property=\"og:image\" content=\"https:\/\/slavej.mk\/wp-content\/uploads\/2024\/08\/imobilizator-za-koleno-za-decza-1.jpg\" \/>\n\t<meta property=\"og:image:width\" content=\"600\" \/>\n\t<meta property=\"og:image:height\" content=\"600\" \/>\n\t<meta property=\"og:image:type\" content=\"image\/jpeg\" \/>\n<meta name=\"twitter:card\" content=\"summary_large_image\" \/>\n<script type=\"application\/ld+json\" class=\"yoast-schema-graph\">{\"@context\":\"https:\/\/schema.org\",\"@graph\":[{\"@type\":\"WebPage\",\"@id\":\"https:\/\/slavej.mk\/sq\/product\/imobilizues-gjuri-per-femije\/\",\"url\":\"https:\/\/slavej.mk\/sq\/product\/imobilizues-gjuri-per-femije\/\",\"name\":\"Imobilizues gjuri p\u00ebr f\u00ebmij\u00eb - Slavej\",\"isPartOf\":{\"@id\":\"https:\/\/slavej.mk\/#website\"},\"primaryImageOfPage\":{\"@id\":\"https:\/\/slavej.mk\/sq\/product\/imobilizues-gjuri-per-femije\/#primaryimage\"},\"image\":{\"@id\":\"https:\/\/slavej.mk\/sq\/product\/imobilizues-gjuri-per-femije\/#primaryimage\"},\"thumbnailUrl\":\"https:\/\/slavej.mk\/wp-content\/uploads\/2024\/08\/imobilizator-za-koleno-za-decza-1.jpg\",\"datePublished\":\"2024-08-14T15:04:12+00:00\",\"dateModified\":\"2024-11-18T14:51:54+00:00\",\"breadcrumb\":{\"@id\":\"https:\/\/slavej.mk\/sq\/product\/imobilizues-gjuri-per-femije\/#breadcrumb\"},\"inLanguage\":\"sq-AL\",\"potentialAction\":[{\"@type\":\"ReadAction\",\"target\":[\"https:\/\/slavej.mk\/sq\/product\/imobilizues-gjuri-per-femije\/\"]}]},{\"@type\":\"ImageObject\",\"inLanguage\":\"sq-AL\",\"@id\":\"https:\/\/slavej.mk\/sq\/product\/imobilizues-gjuri-per-femije\/#primaryimage\",\"url\":\"https:\/\/slavej.mk\/wp-content\/uploads\/2024\/08\/imobilizator-za-koleno-za-decza-1.jpg\",\"contentUrl\":\"https:\/\/slavej.mk\/wp-content\/uploads\/2024\/08\/imobilizator-za-koleno-za-decza-1.jpg\",\"width\":600,\"height\":600},{\"@type\":\"BreadcrumbList\",\"@id\":\"https:\/\/slavej.mk\/sq\/product\/imobilizues-gjuri-per-femije\/#breadcrumb\",\"itemListElement\":[{\"@type\":\"ListItem\",\"position\":1,\"name\":\"Home\",\"item\":\"https:\/\/slavej.mk\/\"},{\"@type\":\"ListItem\",\"position\":2,\"name\":\"Shop\",\"item\":\"https:\/\/slavej.mk\/sq\/shop\/\"},{\"@type\":\"ListItem\",\"position\":3,\"name\":\"Imobilizues gjuri p\u00ebr f\u00ebmij\u00eb\"}]},{\"@type\":\"WebSite\",\"@id\":\"https:\/\/slavej.mk\/#website\",\"url\":\"https:\/\/slavej.mk\/\",\"name\":\"Slavej\",\"description\":\"\",\"publisher\":{\"@id\":\"https:\/\/slavej.mk\/#organization\"},\"potentialAction\":[{\"@type\":\"SearchAction\",\"target\":{\"@type\":\"EntryPoint\",\"urlTemplate\":\"https:\/\/slavej.mk\/?s={search_term_string}\"},\"query-input\":{\"@type\":\"PropertyValueSpecification\",\"valueRequired\":true,\"valueName\":\"search_term_string\"}}],\"inLanguage\":\"sq-AL\"},{\"@type\":\"Organization\",\"@id\":\"https:\/\/slavej.mk\/#organization\",\"name\":\"Slavej\",\"url\":\"https:\/\/slavej.mk\/\",\"logo\":{\"@type\":\"ImageObject\",\"inLanguage\":\"sq-AL\",\"@id\":\"https:\/\/slavej.mk\/#\/schema\/logo\/image\/\",\"url\":\"\",\"contentUrl\":\"\",\"caption\":\"Slavej\"},\"image\":{\"@id\":\"https:\/\/slavej.mk\/#\/schema\/logo\/image\/\"}}]}<\/script>\n<!-- \/ Yoast SEO plugin. -->","yoast_head_json":{"title":"Imobilizues gjuri p\u00ebr f\u00ebmij\u00eb - Slavej","robots":{"index":"index","follow":"follow","max-snippet":"max-snippet:-1","max-image-preview":"max-image-preview:large","max-video-preview":"max-video-preview:-1"},"canonical":"https:\/\/slavej.mk\/sq\/product\/imobilizues-gjuri-per-femije\/","og_locale":"sq_AL","og_type":"article","og_title":"Imobilizues gjuri p\u00ebr f\u00ebmij\u00eb - Slavej","og_url":"https:\/\/slavej.mk\/sq\/product\/imobilizues-gjuri-per-femije\/","og_site_name":"Slavej","article_modified_time":"2024-11-18T14:51:54+00:00","og_image":[{"width":600,"height":600,"url":"https:\/\/slavej.mk\/wp-content\/uploads\/2024\/08\/imobilizator-za-koleno-za-decza-1.jpg","type":"image\/jpeg"}],"twitter_card":"summary_large_image","schema":{"@context":"https:\/\/schema.org","@graph":[{"@type":"WebPage","@id":"https:\/\/slavej.mk\/sq\/product\/imobilizues-gjuri-per-femije\/","url":"https:\/\/slavej.mk\/sq\/product\/imobilizues-gjuri-per-femije\/","name":"Imobilizues gjuri p\u00ebr f\u00ebmij\u00eb - Slavej","isPartOf":{"@id":"https:\/\/slavej.mk\/#website"},"primaryImageOfPage":{"@id":"https:\/\/slavej.mk\/sq\/product\/imobilizues-gjuri-per-femije\/#primaryimage"},"image":{"@id":"https:\/\/slavej.mk\/sq\/product\/imobilizues-gjuri-per-femije\/#primaryimage"},"thumbnailUrl":"https:\/\/slavej.mk\/wp-content\/uploads\/2024\/08\/imobilizator-za-koleno-za-decza-1.jpg","datePublished":"2024-08-14T15:04:12+00:00","dateModified":"2024-11-18T14:51:54+00:00","breadcrumb":{"@id":"https:\/\/slavej.mk\/sq\/product\/imobilizues-gjuri-per-femije\/#breadcrumb"},"inLanguage":"sq-AL","potentialAction":[{"@type":"ReadAction","target":["https:\/\/slavej.mk\/sq\/product\/imobilizues-gjuri-per-femije\/"]}]},{"@type":"ImageObject","inLanguage":"sq-AL","@id":"https:\/\/slavej.mk\/sq\/product\/imobilizues-gjuri-per-femije\/#primaryimage","url":"https:\/\/slavej.mk\/wp-content\/uploads\/2024\/08\/imobilizator-za-koleno-za-decza-1.jpg","contentUrl":"https:\/\/slavej.mk\/wp-content\/uploads\/2024\/08\/imobilizator-za-koleno-za-decza-1.jpg","width":600,"height":600},{"@type":"BreadcrumbList","@id":"https:\/\/slavej.mk\/sq\/product\/imobilizues-gjuri-per-femije\/#breadcrumb","itemListElement":[{"@type":"ListItem","position":1,"name":"Home","item":"https:\/\/slavej.mk\/"},{"@type":"ListItem","position":2,"name":"Shop","item":"https:\/\/slavej.mk\/sq\/shop\/"},{"@type":"ListItem","position":3,"name":"Imobilizues gjuri p\u00ebr f\u00ebmij\u00eb"}]},{"@type":"WebSite","@id":"https:\/\/slavej.mk\/#website","url":"https:\/\/slavej.mk\/","name":"Slavej","description":"","publisher":{"@id":"https:\/\/slavej.mk\/#organization"},"potentialAction":[{"@type":"SearchAction","target":{"@type":"EntryPoint","urlTemplate":"https:\/\/slavej.mk\/?s={search_term_string}"},"query-input":{"@type":"PropertyValueSpecification","valueRequired":true,"valueName":"search_term_string"}}],"inLanguage":"sq-AL"},{"@type":"Organization","@id":"https:\/\/slavej.mk\/#organization","name":"Slavej","url":"https:\/\/slavej.mk\/","logo":{"@type":"ImageObject","inLanguage":"sq-AL","@id":"https:\/\/slavej.mk\/#\/schema\/logo\/image\/","url":"","contentUrl":"","caption":"Slavej"},"image":{"@id":"https:\/\/slavej.mk\/#\/schema\/logo\/image\/"}}]}},"_links":{"self":[{"href":"https:\/\/slavej.mk\/sq\/wp-json\/wp\/v2\/product\/17929","targetHints":{"allow":["GET"]}}],"collection":[{"href":"https:\/\/slavej.mk\/sq\/wp-json\/wp\/v2\/product"}],"about":[{"href":"https:\/\/slavej.mk\/sq\/wp-json\/wp\/v2\/types\/product"}],"wp:featuredmedia":[{"embeddable":true,"href":"https:\/\/slavej.mk\/sq\/wp-json\/wp\/v2\/media\/16963"}],"wp:attachment":[{"href":"https:\/\/slavej.mk\/sq\/wp-json\/wp\/v2\/media?parent=17929"}],"wp:term":[{"taxonomy":"product_brand","embeddable":true,"href":"https:\/\/slavej.mk\/sq\/wp-json\/wp\/v2\/product_brand?post=17929"},{"taxonomy":"product_cat","embeddable":true,"href":"https:\/\/slavej.mk\/sq\/wp-json\/wp\/v2\/product_cat?post=17929"},{"taxonomy":"product_tag","embeddable":true,"href":"https:\/\/slavej.mk\/sq\/wp-json\/wp\/v2\/product_tag?post=17929"}],"curies":[{"name":"wp","href":"https:\/\/api.w.org\/{rel}","templated":true}]}}