{"id":25148,"date":"2025-11-11T12:14:01","date_gmt":"2025-11-11T11:14:01","guid":{"rendered":"https:\/\/slavej.mk\/uslovi-za-isporaka\/"},"modified":"2025-11-20T15:38:11","modified_gmt":"2025-11-20T14:38:11","slug":"uslovi-za-isporaka","status":"publish","type":"page","link":"https:\/\/slavej.mk\/sq\/uslovi-za-isporaka\/","title":{"rendered":"Kushtet e d\u00ebrgimit"},"content":{"rendered":"<p>D\u00ebrgesa b\u00ebhen vet\u00ebm n\u00eb territorin e Republik\u00ebs s\u00eb Maqedonis\u00eb s\u00eb Veriut.<\/p>\n<p><strong>D\u00cbRGESA E RREGULLT<\/strong><\/p>\n<p>Korrieri d\u00ebrgon porosin\u00eb n\u00eb adres\u00ebn e duhur t\u00eb bler\u00ebsit n\u00eb periudh\u00ebn kohore prej or\u00ebs 9:00 deri 16:00. Ju lutemi q\u00eb gjat\u00eb k\u00ebsaj kohe t\u00eb jet\u00eb dikush n\u00eb adres\u00ebn e duhur p\u00ebr t\u00eb pranuar porosin\u00eb. N\u00ebse korrieri nuk ju gjen n\u00eb adres\u00ebn e dh\u00ebn\u00eb, ka detyr\u00eb q\u00eb t\u2019ju telefonoj\u00eb p\u00ebrs\u00ebri n\u00eb numrin q\u00eb e keni l\u00ebn\u00eb gjat\u00eb urdh\u00ebrblerjes, p\u00ebr t\u00eb caktuar koh\u00ebn e re t\u00eb dor\u00ebzimit t\u00eb porosis\u00eb. N\u00ebse nuk ju gjen n\u00eb adres\u00ebn e dh\u00ebn\u00eb edhe n\u00eb tentimin e tret\u00eb, porosin\u00eb tuaj na e kthen neve.<\/p>\n<p><strong>Afati i d\u00ebrgimit<\/strong><\/p>\n<p>Afati i d\u00ebrgimit \u00ebsht\u00eb tri deri pes\u00eb dit\u00eb pune. P\u00ebr shkaqe t\u00eb ndryshme, porosia mund t\u00eb vonohet p\u00ebr disa dit\u00eb pas afatit t\u00eb caktuar t\u00eb d\u00ebrgimit.<\/p>\n<p><strong>\u00a0Shpenzimet e d\u00ebrges\u00ebs<\/strong><\/p>\n<ul>\n<li>\u00c7mimi p\u00ebr d\u00ebrges\u00ebn e produkteve me vler\u00eb mbi 3.000,00 denar\u00eb \u00ebsht\u00eb falas.<\/li>\n<li>\u00c7mimi p\u00ebr d\u00ebrges\u00ebn e produkteve me vler\u00eb n\u00ebn 3.000,00 denar\u00eb \u00ebsht\u00eb:<br \/>\n*200 denar\u00eb p\u00ebr porosi t\u00eb paguara online me kartel\u00eb pagese.<br \/>\n*200 denar\u00eb p\u00ebr porosi t\u00eb paguara me para n\u00eb dor\u00eb pas pranimit t\u00eb d\u00ebrges\u00ebs.<\/li>\n<\/ul>\n<div style=\"all: initial !important;\"><\/div>\n<div style=\"all: initial !important;\"><\/div>\n","protected":false},"excerpt":{"rendered":"<p>D\u00ebrgesa b\u00ebhen vet\u00ebm n\u00eb territorin e Republik\u00ebs s\u00eb Maqedonis\u00eb s\u00eb Veriut. D\u00cbRGESA E RREGULLT Korrieri d\u00ebrgon porosin\u00eb n\u00eb adres\u00ebn e duhur t\u00eb bler\u00ebsit n\u00eb periudh\u00ebn kohore prej or\u00ebs 9:00 deri 16:00. Ju lutemi q\u00eb gjat\u00eb k\u00ebsaj kohe t\u00eb jet\u00eb dikush n\u00eb adres\u00ebn e duhur p\u00ebr t\u00eb pranuar porosin\u00eb. N\u00ebse korrieri nuk ju gjen n\u00eb adres\u00ebn [&hellip;]<\/p>\n","protected":false},"author":188,"featured_media":0,"parent":0,"menu_order":0,"comment_status":"closed","ping_status":"closed","template":"templates\/generic.php","meta":{"footnotes":""},"class_list":["post-25148","page","type-page","status-publish","hentry"],"yoast_head":"<!-- This site is optimized with the Yoast SEO plugin v26.3 - https:\/\/yoast.com\/wordpress\/plugins\/seo\/ -->\n<title>Kushtet e d\u00ebrgimit - Slavej<\/title>\n<meta name=\"robots\" content=\"index, follow, max-snippet:-1, max-image-preview:large, max-video-preview:-1\" \/>\n<link rel=\"canonical\" href=\"https:\/\/slavej.mk\/sq\/uslovi-za-isporaka\/\" \/>\n<meta property=\"og:locale\" content=\"sq_AL\" \/>\n<meta property=\"og:type\" content=\"article\" \/>\n<meta property=\"og:title\" content=\"Kushtet e d\u00ebrgimit - Slavej\" \/>\n<meta property=\"og:description\" content=\"D\u00ebrgesa b\u00ebhen vet\u00ebm n\u00eb territorin e Republik\u00ebs s\u00eb Maqedonis\u00eb s\u00eb Veriut. D\u00cbRGESA E RREGULLT Korrieri d\u00ebrgon porosin\u00eb n\u00eb adres\u00ebn e duhur t\u00eb bler\u00ebsit n\u00eb periudh\u00ebn kohore prej or\u00ebs 9:00 deri 16:00. Ju lutemi q\u00eb gjat\u00eb k\u00ebsaj kohe t\u00eb jet\u00eb dikush n\u00eb adres\u00ebn e duhur p\u00ebr t\u00eb pranuar porosin\u00eb. N\u00ebse korrieri nuk ju gjen n\u00eb adres\u00ebn [&hellip;]\" \/>\n<meta property=\"og:url\" content=\"https:\/\/slavej.mk\/sq\/uslovi-za-isporaka\/\" \/>\n<meta property=\"og:site_name\" content=\"Slavej\" \/>\n<meta property=\"article:modified_time\" content=\"2025-11-20T14:38:11+00:00\" \/>\n<meta name=\"twitter:card\" content=\"summary_large_image\" \/>\n<meta name=\"twitter:label1\" content=\"Est. reading time\" \/>\n\t<meta name=\"twitter:data1\" content=\"1 minute\" \/>\n<script type=\"application\/ld+json\" class=\"yoast-schema-graph\">{\"@context\":\"https:\/\/schema.org\",\"@graph\":[{\"@type\":\"WebPage\",\"@id\":\"https:\/\/slavej.mk\/sq\/uslovi-za-isporaka\/\",\"url\":\"https:\/\/slavej.mk\/sq\/uslovi-za-isporaka\/\",\"name\":\"Kushtet e d\u00ebrgimit - Slavej\",\"isPartOf\":{\"@id\":\"https:\/\/slavej.mk\/sq\/#website\"},\"datePublished\":\"2025-11-11T11:14:01+00:00\",\"dateModified\":\"2025-11-20T14:38:11+00:00\",\"breadcrumb\":{\"@id\":\"https:\/\/slavej.mk\/sq\/uslovi-za-isporaka\/#breadcrumb\"},\"inLanguage\":\"sq-AL\",\"potentialAction\":[{\"@type\":\"ReadAction\",\"target\":[\"https:\/\/slavej.mk\/sq\/uslovi-za-isporaka\/\"]}]},{\"@type\":\"BreadcrumbList\",\"@id\":\"https:\/\/slavej.mk\/sq\/uslovi-za-isporaka\/#breadcrumb\",\"itemListElement\":[{\"@type\":\"ListItem\",\"position\":1,\"name\":\"Home\",\"item\":\"https:\/\/slavej.mk\/sq\/pochetna\/\"},{\"@type\":\"ListItem\",\"position\":2,\"name\":\"Kushtet e d\u00ebrgimit\"}]},{\"@type\":\"WebSite\",\"@id\":\"https:\/\/slavej.mk\/sq\/#website\",\"url\":\"https:\/\/slavej.mk\/sq\/\",\"name\":\"Slavej\",\"description\":\"\",\"publisher\":{\"@id\":\"https:\/\/slavej.mk\/sq\/#organization\"},\"potentialAction\":[{\"@type\":\"SearchAction\",\"target\":{\"@type\":\"EntryPoint\",\"urlTemplate\":\"https:\/\/slavej.mk\/sq\/?s={search_term_string}\"},\"query-input\":{\"@type\":\"PropertyValueSpecification\",\"valueRequired\":true,\"valueName\":\"search_term_string\"}}],\"inLanguage\":\"sq-AL\"},{\"@type\":\"Organization\",\"@id\":\"https:\/\/slavej.mk\/sq\/#organization\",\"name\":\"Slavej\",\"url\":\"https:\/\/slavej.mk\/sq\/\",\"logo\":{\"@type\":\"ImageObject\",\"inLanguage\":\"sq-AL\",\"@id\":\"https:\/\/slavej.mk\/sq\/#\/schema\/logo\/image\/\",\"url\":\"\",\"contentUrl\":\"\",\"caption\":\"Slavej\"},\"image\":{\"@id\":\"https:\/\/slavej.mk\/sq\/#\/schema\/logo\/image\/\"}}]}<\/script>\n<!-- \/ Yoast SEO plugin. -->","yoast_head_json":{"title":"Kushtet e d\u00ebrgimit - Slavej","robots":{"index":"index","follow":"follow","max-snippet":"max-snippet:-1","max-image-preview":"max-image-preview:large","max-video-preview":"max-video-preview:-1"},"canonical":"https:\/\/slavej.mk\/sq\/uslovi-za-isporaka\/","og_locale":"sq_AL","og_type":"article","og_title":"Kushtet e d\u00ebrgimit - Slavej","og_description":"D\u00ebrgesa b\u00ebhen vet\u00ebm n\u00eb territorin e Republik\u00ebs s\u00eb Maqedonis\u00eb s\u00eb Veriut. D\u00cbRGESA E RREGULLT Korrieri d\u00ebrgon porosin\u00eb n\u00eb adres\u00ebn e duhur t\u00eb bler\u00ebsit n\u00eb periudh\u00ebn kohore prej or\u00ebs 9:00 deri 16:00. Ju lutemi q\u00eb gjat\u00eb k\u00ebsaj kohe t\u00eb jet\u00eb dikush n\u00eb adres\u00ebn e duhur p\u00ebr t\u00eb pranuar porosin\u00eb. N\u00ebse korrieri nuk ju gjen n\u00eb adres\u00ebn [&hellip;]","og_url":"https:\/\/slavej.mk\/sq\/uslovi-za-isporaka\/","og_site_name":"Slavej","article_modified_time":"2025-11-20T14:38:11+00:00","twitter_card":"summary_large_image","twitter_misc":{"Est. reading time":"1 minute"},"schema":{"@context":"https:\/\/schema.org","@graph":[{"@type":"WebPage","@id":"https:\/\/slavej.mk\/sq\/uslovi-za-isporaka\/","url":"https:\/\/slavej.mk\/sq\/uslovi-za-isporaka\/","name":"Kushtet e d\u00ebrgimit - Slavej","isPartOf":{"@id":"https:\/\/slavej.mk\/sq\/#website"},"datePublished":"2025-11-11T11:14:01+00:00","dateModified":"2025-11-20T14:38:11+00:00","breadcrumb":{"@id":"https:\/\/slavej.mk\/sq\/uslovi-za-isporaka\/#breadcrumb"},"inLanguage":"sq-AL","potentialAction":[{"@type":"ReadAction","target":["https:\/\/slavej.mk\/sq\/uslovi-za-isporaka\/"]}]},{"@type":"BreadcrumbList","@id":"https:\/\/slavej.mk\/sq\/uslovi-za-isporaka\/#breadcrumb","itemListElement":[{"@type":"ListItem","position":1,"name":"Home","item":"https:\/\/slavej.mk\/sq\/pochetna\/"},{"@type":"ListItem","position":2,"name":"Kushtet e d\u00ebrgimit"}]},{"@type":"WebSite","@id":"https:\/\/slavej.mk\/sq\/#website","url":"https:\/\/slavej.mk\/sq\/","name":"Slavej","description":"","publisher":{"@id":"https:\/\/slavej.mk\/sq\/#organization"},"potentialAction":[{"@type":"SearchAction","target":{"@type":"EntryPoint","urlTemplate":"https:\/\/slavej.mk\/sq\/?s={search_term_string}"},"query-input":{"@type":"PropertyValueSpecification","valueRequired":true,"valueName":"search_term_string"}}],"inLanguage":"sq-AL"},{"@type":"Organization","@id":"https:\/\/slavej.mk\/sq\/#organization","name":"Slavej","url":"https:\/\/slavej.mk\/sq\/","logo":{"@type":"ImageObject","inLanguage":"sq-AL","@id":"https:\/\/slavej.mk\/sq\/#\/schema\/logo\/image\/","url":"","contentUrl":"","caption":"Slavej"},"image":{"@id":"https:\/\/slavej.mk\/sq\/#\/schema\/logo\/image\/"}}]}},"_links":{"self":[{"href":"https:\/\/slavej.mk\/sq\/wp-json\/wp\/v2\/pages\/25148","targetHints":{"allow":["GET"]}}],"collection":[{"href":"https:\/\/slavej.mk\/sq\/wp-json\/wp\/v2\/pages"}],"about":[{"href":"https:\/\/slavej.mk\/sq\/wp-json\/wp\/v2\/types\/page"}],"author":[{"embeddable":true,"href":"https:\/\/slavej.mk\/sq\/wp-json\/wp\/v2\/users\/188"}],"replies":[{"embeddable":true,"href":"https:\/\/slavej.mk\/sq\/wp-json\/wp\/v2\/comments?post=25148"}],"version-history":[{"count":2,"href":"https:\/\/slavej.mk\/sq\/wp-json\/wp\/v2\/pages\/25148\/revisions"}],"predecessor-version":[{"id":25282,"href":"https:\/\/slavej.mk\/sq\/wp-json\/wp\/v2\/pages\/25148\/revisions\/25282"}],"wp:attachment":[{"href":"https:\/\/slavej.mk\/sq\/wp-json\/wp\/v2\/media?parent=25148"}],"curies":[{"name":"wp","href":"https:\/\/api.w.org\/{rel}","templated":true}]}}