{"id":25142,"date":"2025-11-11T12:11:21","date_gmt":"2025-11-11T11:11:21","guid":{"rendered":"https:\/\/slavej.mk\/politika-na-privatnost\/"},"modified":"2025-11-13T14:31:44","modified_gmt":"2025-11-13T13:31:44","slug":"politika-na-privatnost","status":"publish","type":"page","link":"https:\/\/slavej.mk\/sq\/politika-na-privatnost\/","title":{"rendered":"Politika e privat\u00ebsis\u00eb"},"content":{"rendered":"<p>Kjo politik\u00eb e privat\u00ebsis\u00eb p\u00ebrmban sqarime p\u00ebr p\u00ebrpunimin e t\u00eb dh\u00ebnave personale gjat\u00eb vizit\u00ebs dhe\/ose p\u00ebrdorimit t\u00eb sh\u00ebrbimeve t\u00eb internetit n\u00eb dispozicion n\u00eb faqen ton\u00eb t\u00eb internetit\u00a0<a href=\"http:\/\/www.slavej.mk\">www.slavej.mk<\/a><\/p>\n<p><strong>Q\u00cbLLIMET DHE M\u00cbNYRA E P\u00cbRPUNIMIT<\/strong><\/p>\n<p>L\u00ebnd\u00eb e p\u00ebrpunimit jan\u00eb t\u00eb dh\u00ebnat p\u00ebr vizitor\u00ebt e faqes s\u00eb internetit www.slavej.mk dhe bler\u00ebsit e produkteve n\u00ebp\u00ebrmjet k\u00ebsaj faqeje t\u00eb internetit (n\u00eb tekstin e m\u00ebtejm\u00eb &#8220;p\u00ebrdoruesit&#8221;).<\/p>\n<p>P\u00ebr realizimin e suksessh\u00ebm t\u00eb porosive, duhet patjet\u00ebr t\u00eb p\u00ebrpunohen t\u00eb dh\u00ebnat p\u00ebr emrin dhe mbiemrin e porosit\u00ebsit, adres\u00ebn e d\u00ebrgimit, adres\u00ebn e-mail dhe numrin e telefonit. Me ndihm\u00ebn e t\u00eb dh\u00ebnave t\u00eb p\u00ebrmendura mund t\u00eb d\u00ebrgojm\u00eb produktet e d\u00ebshiruara, si dhe t&#8217;i informojm\u00eb bler\u00ebsit p\u00ebr statusin aktual t\u00eb porosis\u00eb. N\u00eb em\u00ebr t\u00eb kompanis\u00eb Qendra e Ortotik\u00ebs dhe e Protetik\u00ebs Sllavej ShA Shkup, marrim p\u00ebrsip\u00ebr t\u00eb mbrojm\u00eb privat\u00ebsin\u00eb e t\u00eb gjith\u00eb bler\u00ebsve tan\u00eb. Ne mbledhim vet\u00ebm t\u00eb dh\u00ebnat baz\u00eb t\u00eb p\u00ebrmendura m\u00eb sip\u00ebr t\u00eb atyre q\u00eb blejn\u00eb prej nesh (p\u00ebrdoruesit), t\u00eb dh\u00ebna q\u00eb jan\u00eb t\u00eb domosdoshme p\u00ebr t\u00eb p\u00ebrpunuar porosit\u00eb dhe p\u00ebr t\u00eb informuar p\u00ebrdoruesit n\u00eb p\u00ebrputhje me praktikat e mira t\u00eb afarizmit dhe p\u00ebr t\u00eb ofruar sh\u00ebrbim cil\u00ebsor. N\u00eb rastin e kthimit ose nd\u00ebrrimit t\u00eb produkteve, ne p\u00ebrpunojm\u00eb t\u00eb dh\u00ebnat q\u00eb jan\u00eb t\u00eb domosdoshme p\u00ebr p\u00ebrpunimin e k\u00ebrkes\u00ebs s\u00eb atij q\u00eb blen. T\u00eb gjitha t\u00eb dh\u00ebnat e bler\u00ebsve\/p\u00ebrdoruesve ruhen me kujdes q\u00eb t\u00eb mos humbin, shkat\u00ebrrohen, falsifikohen ose t\u00eb jen\u00eb n\u00eb dispozicion n\u00eb m\u00ebnyr\u00eb t\u00eb paautorizuar. Punonj\u00ebsit e Sllavej ShA Shkup jan\u00eb t\u00eb detyruar t\u00eb respektojn\u00eb fsheht\u00ebsin\u00eb e t\u00eb dh\u00ebnave tuaja dhe t\u00eb zbatojn\u00eb masat p\u00ebr mbrojtjen e tyre.<\/p>\n<p>P\u00ebrve\u00e7 t\u00eb dh\u00ebnave t\u00eb m\u00ebsip\u00ebrme, mbledhim, analizojm\u00eb dhe p\u00ebrpunojm\u00eb t\u00eb dh\u00ebna p\u00ebr produktet q\u00eb p\u00ebrdoruesit tan\u00eb i k\u00ebrkojn\u00eb dhe i blejn\u00eb, si dhe faqet q\u00eb vizitojn\u00eb. Ne i p\u00ebrdorim t\u00eb dh\u00ebnat e marra p\u00ebr t\u00eb p\u00ebrmir\u00ebsuar ofert\u00ebn dhe pamjen e faqes son\u00eb t\u00eb internetit dhe p\u00ebr t&#8217;u ofruar vizitor\u00ebve p\u00ebrdorim t\u00eb thjesht\u00eb dhe blerje t\u00eb sigurta dhe t\u00eb lehta.<\/p>\n<p>T\u00eb dh\u00ebnat personale p\u00ebrpunohen me p\u00ebrgjegj\u00ebsi dhe transparenc\u00eb, n\u00eb p\u00ebrputhje me rregulloret n\u00eb fuqi p\u00ebr mbrojtjen e t\u00eb dh\u00ebnave personale, n\u00eb mas\u00ebn e nevojshme dhe t\u00eb mjaftueshme vet\u00ebm dhe vet\u00ebm p\u00ebr t\u00eb arritur q\u00ebllimet e p\u00ebrpunimit t\u00eb t\u00eb dh\u00ebnave personale.<\/p>\n<p>Gjat\u00eb p\u00ebrpunimit t\u00eb t\u00eb dh\u00ebnave personale, merren masat e nevojshme teknike dhe organizative p\u00ebr t\u00eb siguruar nivelin e p\u00ebrshtatsh\u00ebm t\u00eb siguris\u00eb t\u00eb t\u00eb dh\u00ebnave personale, p\u00ebrfshir\u00eb mbrojtjen nga p\u00ebrpunimi i paautorizuar ose i paligjsh\u00ebm, si dhe humbja, shkat\u00ebrrimi ose d\u00ebmtimi aksidental i tyre.<\/p>\n<p>T\u00eb dh\u00ebnat personale q\u00eb p\u00ebrpunohen nuk ndahen me pal\u00eb t\u00eb treta, p\u00ebrve\u00e7 kur ekziston nj\u00eb detyrim ligjor dhe baz\u00eb ligjore p\u00ebr k\u00ebt\u00eb, vet\u00ebn n\u00eb p\u00ebrputhje me m\u00ebnyrat dhe procedurat e me rregulloret n\u00eb fuqi p\u00ebr mbrojtjen e t\u00eb dh\u00ebnave personale. Po ashtu, kur subjektet e autorizuara angazhohen p\u00ebr t\u00eb ofruar sh\u00ebrbime postare p\u00ebr t\u00eb d\u00ebrguar produktet e porositura te bler\u00ebsi, edhe ata, si p\u00ebrpunues, jan\u00eb t\u00eb detyruar t\u00eb sigurojn\u00eb mbrojtjen e t\u00eb dh\u00ebnave personale q\u00eb duhet t\u00eb p\u00ebrpunohen gjat\u00eb procesit t\u00eb ofrimit t\u00eb sh\u00ebrbimeve t\u00eb tyre.<\/p>\n<p>Faqja e internetit <a href=\"http:\/\/www.slavej.mk\">www.slavej.mk<\/a> nuk \u00ebsht\u00eb e menduar p\u00ebr persona n\u00ebn mosh\u00ebn 14 vje\u00e7are. Sllavej ShA Shkup nuk synon t\u00eb mbledh\u00eb dhe t\u00eb p\u00ebrpunoj\u00eb t\u00eb dh\u00ebna personale t\u00eb personave n\u00ebn mosh\u00ebn 14 vje\u00e7. N\u00eb rast se nj\u00eb person n\u00ebn mosh\u00ebn 14 vje\u00e7 ka paraqitur t\u00eb dh\u00ebnat e tij personale pa p\u00eblqimin e prind\u00ebrve dhe\/ose kujdestar\u00ebve t\u00eb tij, duhet t\u00eb na njoftoni menj\u00ebher\u00eb n\u00ebp\u00ebrmjet kontaktit t\u00eb sh\u00ebnuar m\u00eb posht\u00eb.<\/p>\n<p>Faqja e internetit <a href=\"http:\/\/www.slavej.mk\">www.slavej.mk<\/a> p\u00ebrdor\u00a0 biskota (cookies) p\u00ebr t\u00eb ndihmuar p\u00ebrdoruesit t\u00eb personalizojn\u00eb p\u00ebrdorimin e internetit sipas nevojave t\u00eb tyre. \u00c7do biskot\u00eb \u00ebsht\u00eb nj\u00eb skedar teksti q\u00eb vendoset n\u00eb harddiskun e kompjuterit t\u00eb p\u00ebrdoruesit nga serveri i rrjetit. Biskotat nuk mund t\u00eb p\u00ebrdoren p\u00ebr t\u00eb nisur nj\u00eb program ose p\u00ebr t\u00eb transferuar nj\u00eb virus n\u00eb kompjuterin e p\u00ebrdoruesit. Ato u shp\u00ebrndahen vet\u00ebm p\u00ebrdoruesve dhe mund t\u00eb lexohen nga serveri i internetit n\u00eb domenin q\u00eb jua ka d\u00ebrguar. Nj\u00eb nga q\u00ebllimet kryesore t\u00eb biskotave \u00ebsht\u00eb t&#8217;ju ofrojn\u00eb komoditete q\u00eb do t&#8217;ju kursejn\u00eb koh\u00eb. P\u00ebr m\u00eb tep\u00ebr holl\u00ebsi p\u00ebr Politikat e biskotave mund t\u2019i lexoni n\u00eb k\u00ebt\u00eb <a href=\"https:\/\/www.fashiongroup.com.mk\/cookies-policy\">vjeg\u00ebz<\/a>.<\/p>\n<p>T\u00eb dh\u00ebnat personale t\u00eb p\u00ebrpunuara n\u00ebp\u00ebrmjet faqes s\u00eb internetit <a href=\"http:\/\/www.slavej.mk\">www.slavej.mk<\/a> mund t\u00eb p\u00ebrdoren p\u00ebr marketing t\u00eb drejtp\u00ebrdrejt\u00eb vet\u00ebm me p\u00eblqimin e personave t\u00eb cil\u00ebve u p\u00ebrpunohen t\u00eb dh\u00ebnat. Ne u ofrojm\u00eb p\u00ebrdoruesve mund\u00ebsi zgjedhjeje, duke p\u00ebrfshir\u00eb mund\u00ebsin\u00eb p\u00ebr t\u00eb t\u00ebrhequr kurdoher\u00eb t\u00eb p\u00eblqimin p\u00ebr p\u00ebrpunimin e t\u00eb dh\u00ebnave t\u00eb tyre personale p\u00ebr marketing t\u00eb drejtp\u00ebrdrejt\u00eb. P\u00ebr m\u00eb tep\u00ebr holl\u00ebsi p\u00ebr Politikat e p\u00ebrdorimit t\u00eb t\u00eb dh\u00ebnave personale p\u00ebr marketing t\u00eb drejtp\u00ebrdrejt\u00eb mund t\u2019i lexoni n\u00eb k\u00ebt\u00eb <a href=\"https:\/\/www.fashiongroup.com.mk\/politika-za-koristenje-na-licni-podatoci-za-marketing\">vjeg\u00ebz<\/a>.<\/p>\n<p>T\u00eb dh\u00ebnat personale t\u00eb paraqitura n\u00ebp\u00ebrmjet faqes s\u00eb internetit ruhen p\u00ebr aq koh\u00eb sa \u00ebsht\u00eb e nevojshme p\u00ebr t\u00eb p\u00ebrmbushur q\u00ebllimet p\u00ebr t\u00eb cilat p\u00ebrpunohen t\u00eb dh\u00ebnat personale, me \u00e7\u2019rast zbatohen k\u00ebto afate:<\/p>\n<p>&#8211; T\u00eb dh\u00ebnat q\u00eb jepen p\u00ebr realizimin e porosive dhe pagesave ruhen deri n\u00eb p\u00ebrfundimin e procedurave administrative dhe t\u00eb kontabilitetit, nd\u00ebrsa t\u00eb dh\u00ebnat e urdh\u00ebrpagesave ruhen p\u00ebr 10 vjet nga data e l\u00ebshimit t\u00eb fatur\u00ebs;<\/p>\n<p>&#8211; T\u00eb dh\u00ebnat q\u00eb jepen n\u00eb lidhje me procedurat e kthimit ose t\u00eb nd\u00ebrrimit t\u00eb produkteve ruhen deri n\u00eb skadimin e afateve ligjore p\u00ebr reklamacion dhe nd\u00ebrrim;<\/p>\n<p>&#8211; T\u00eb dh\u00ebnat q\u00eb jepen gjat\u00eb regjistrimit, hyrjes n\u00eb sistem, si dhe p\u00ebr q\u00ebllime marketingu ruhen derisa t\u00eb t\u00ebrhiqet p\u00eblqimi, d.m.th. derisa t\u00eb zbatohet nj\u00eb k\u00ebrkes\u00eb p\u00ebr fshirjen e t\u00eb dh\u00ebnave;<\/p>\n<p><strong>T\u00cb DREJTAT E P\u00cbRDORUESVE<\/strong><\/p>\n<p>P\u00ebrdoruesit kan\u00eb t\u00eb drejt\u00eb t\u00eb informohen n\u00eb lidhje me p\u00ebrpunimin e t\u00eb dh\u00ebnave t\u00eb tyre personale, si dhe t\u00eb drejt\u00ebn p\u00ebr t\u00eb k\u00ebrkuar qasje, korrigjim ose fshirje t\u00eb t\u00eb dh\u00ebnave personale, kufizim t\u00eb p\u00ebrpunimit t\u00eb t\u00eb dh\u00ebnave t\u00eb tyre personale ose p\u00ebr t\u00eb paraqitur rekurs.<\/p>\n<p>P\u00ebrdoruesit kan\u00eb t\u00eb drejt\u00eb t\u00eb t\u00ebrheqin kurdoher\u00eb p\u00eblqimin e tyre p\u00ebr p\u00ebrpunimin e t\u00eb dh\u00ebnave t\u00eb tyre personale.<\/p>\n<p><strong>P\u00cbLQIMI DHE NDRYSHIMI I KUSHTEVE<\/strong><\/p>\n<p>P\u00ebrdorimi i sh\u00ebrbimeve tona n\u00ebnkupton p\u00eblqim nga p\u00ebrdoruesi me kushtet e p\u00ebrcaktuara t\u00eb p\u00ebrdorimit. Ne zotohemi t&#8217;i p\u00ebrmbahemi \u00e7do gj\u00ebje t\u00eb deklaruar m\u00eb sip\u00ebr, dhe t\u00eb gjitha ndryshimet n\u00eb kushte hyjn\u00eb n\u00eb fuqi vet\u00ebm pas botimit n\u00eb k\u00ebt\u00eb faqe interneti.<\/p>\n<p><strong>KONTAKTI<\/strong><\/p>\n<p>T\u00eb gjitha pyetjet dhe k\u00ebrkesat n\u00eb lidhje me p\u00ebrpunimin e t\u00eb dh\u00ebnave personale n\u00ebp\u00ebrmjet faqes s\u00eb internetit <a href=\"http:\/\/www.slavej.mk\">www.slavej.mk<\/a> dhe n\u00eb lidhje me k\u00ebt\u00eb Politik\u00eb privat\u00ebsie, p\u00ebrdoruesit mund t&#8217;i drejtojn\u00eb te p\u00ebrgjegj\u00ebsja p\u00ebr Mbrojtjen e t\u00eb Dh\u00ebnave Personale, Biljana Ko\u00e7oska Dukoska n\u00eb kontaktin e m\u00ebposht\u00ebm:<\/p>\n<p>&nbsp;<\/p>\n<ul>\n<li>Telefoni<strong>: <\/strong><a href=\"tel:02%203217%20633\"><strong>02 3217 633<\/strong><\/a><\/li>\n<li>e-mail: b.dukoska@slavej.mk<\/li>\n<\/ul>\n<p>&nbsp;<\/p>\n<p>&nbsp;<\/p>\n<p>&nbsp;<\/p>\n<p>&nbsp;<\/p>\n<div style=\"all: initial !important;\"><\/div>\n<div style=\"all: initial !important;\"><\/div>\n<div style=\"all: initial !important;\"><\/div>\n","protected":false},"excerpt":{"rendered":"<p>Kjo politik\u00eb e privat\u00ebsis\u00eb p\u00ebrmban sqarime p\u00ebr p\u00ebrpunimin e t\u00eb dh\u00ebnave personale gjat\u00eb vizit\u00ebs dhe\/ose p\u00ebrdorimit t\u00eb sh\u00ebrbimeve t\u00eb internetit n\u00eb dispozicion n\u00eb faqen ton\u00eb t\u00eb internetit\u00a0www.slavej.mk Q\u00cbLLIMET DHE M\u00cbNYRA E P\u00cbRPUNIMIT L\u00ebnd\u00eb e p\u00ebrpunimit jan\u00eb t\u00eb dh\u00ebnat p\u00ebr vizitor\u00ebt e faqes s\u00eb internetit www.slavej.mk dhe bler\u00ebsit e produkteve n\u00ebp\u00ebrmjet k\u00ebsaj faqeje t\u00eb internetit (n\u00eb [&hellip;]<\/p>\n","protected":false},"author":188,"featured_media":0,"parent":0,"menu_order":0,"comment_status":"closed","ping_status":"closed","template":"templates\/generic.php","meta":{"footnotes":""},"class_list":["post-25142","page","type-page","status-publish","hentry"],"yoast_head":"<!-- This site is optimized with the Yoast SEO plugin v26.3 - https:\/\/yoast.com\/wordpress\/plugins\/seo\/ -->\n<title>Politika e privat\u00ebsis\u00eb - Slavej<\/title>\n<meta name=\"robots\" content=\"index, follow, max-snippet:-1, max-image-preview:large, max-video-preview:-1\" \/>\n<link rel=\"canonical\" href=\"https:\/\/slavej.mk\/sq\/politika-na-privatnost\/\" \/>\n<meta property=\"og:locale\" content=\"sq_AL\" \/>\n<meta property=\"og:type\" content=\"article\" \/>\n<meta property=\"og:title\" content=\"Politika e privat\u00ebsis\u00eb - Slavej\" \/>\n<meta property=\"og:description\" content=\"Kjo politik\u00eb e privat\u00ebsis\u00eb p\u00ebrmban sqarime p\u00ebr p\u00ebrpunimin e t\u00eb dh\u00ebnave personale gjat\u00eb vizit\u00ebs dhe\/ose p\u00ebrdorimit t\u00eb sh\u00ebrbimeve t\u00eb internetit n\u00eb dispozicion n\u00eb faqen ton\u00eb t\u00eb internetit\u00a0www.slavej.mk Q\u00cbLLIMET DHE M\u00cbNYRA E P\u00cbRPUNIMIT L\u00ebnd\u00eb e p\u00ebrpunimit jan\u00eb t\u00eb dh\u00ebnat p\u00ebr vizitor\u00ebt e faqes s\u00eb internetit www.slavej.mk dhe bler\u00ebsit e produkteve n\u00ebp\u00ebrmjet k\u00ebsaj faqeje t\u00eb internetit (n\u00eb [&hellip;]\" \/>\n<meta property=\"og:url\" content=\"https:\/\/slavej.mk\/sq\/politika-na-privatnost\/\" \/>\n<meta property=\"og:site_name\" content=\"Slavej\" \/>\n<meta property=\"article:modified_time\" content=\"2025-11-13T13:31:44+00:00\" \/>\n<meta name=\"twitter:card\" content=\"summary_large_image\" \/>\n<meta name=\"twitter:label1\" content=\"Est. reading time\" \/>\n\t<meta name=\"twitter:data1\" content=\"6 minutes\" \/>\n<script type=\"application\/ld+json\" class=\"yoast-schema-graph\">{\"@context\":\"https:\/\/schema.org\",\"@graph\":[{\"@type\":\"WebPage\",\"@id\":\"https:\/\/slavej.mk\/sq\/politika-na-privatnost\/\",\"url\":\"https:\/\/slavej.mk\/sq\/politika-na-privatnost\/\",\"name\":\"Politika e privat\u00ebsis\u00eb - Slavej\",\"isPartOf\":{\"@id\":\"https:\/\/slavej.mk\/sq\/#website\"},\"datePublished\":\"2025-11-11T11:11:21+00:00\",\"dateModified\":\"2025-11-13T13:31:44+00:00\",\"breadcrumb\":{\"@id\":\"https:\/\/slavej.mk\/sq\/politika-na-privatnost\/#breadcrumb\"},\"inLanguage\":\"sq-AL\",\"potentialAction\":[{\"@type\":\"ReadAction\",\"target\":[\"https:\/\/slavej.mk\/sq\/politika-na-privatnost\/\"]}]},{\"@type\":\"BreadcrumbList\",\"@id\":\"https:\/\/slavej.mk\/sq\/politika-na-privatnost\/#breadcrumb\",\"itemListElement\":[{\"@type\":\"ListItem\",\"position\":1,\"name\":\"Home\",\"item\":\"https:\/\/slavej.mk\/sq\/pochetna\/\"},{\"@type\":\"ListItem\",\"position\":2,\"name\":\"Politika e privat\u00ebsis\u00eb\"}]},{\"@type\":\"WebSite\",\"@id\":\"https:\/\/slavej.mk\/sq\/#website\",\"url\":\"https:\/\/slavej.mk\/sq\/\",\"name\":\"Slavej\",\"description\":\"\",\"publisher\":{\"@id\":\"https:\/\/slavej.mk\/sq\/#organization\"},\"potentialAction\":[{\"@type\":\"SearchAction\",\"target\":{\"@type\":\"EntryPoint\",\"urlTemplate\":\"https:\/\/slavej.mk\/sq\/?s={search_term_string}\"},\"query-input\":{\"@type\":\"PropertyValueSpecification\",\"valueRequired\":true,\"valueName\":\"search_term_string\"}}],\"inLanguage\":\"sq-AL\"},{\"@type\":\"Organization\",\"@id\":\"https:\/\/slavej.mk\/sq\/#organization\",\"name\":\"Slavej\",\"url\":\"https:\/\/slavej.mk\/sq\/\",\"logo\":{\"@type\":\"ImageObject\",\"inLanguage\":\"sq-AL\",\"@id\":\"https:\/\/slavej.mk\/sq\/#\/schema\/logo\/image\/\",\"url\":\"\",\"contentUrl\":\"\",\"caption\":\"Slavej\"},\"image\":{\"@id\":\"https:\/\/slavej.mk\/sq\/#\/schema\/logo\/image\/\"}}]}<\/script>\n<!-- \/ Yoast SEO plugin. -->","yoast_head_json":{"title":"Politika e privat\u00ebsis\u00eb - Slavej","robots":{"index":"index","follow":"follow","max-snippet":"max-snippet:-1","max-image-preview":"max-image-preview:large","max-video-preview":"max-video-preview:-1"},"canonical":"https:\/\/slavej.mk\/sq\/politika-na-privatnost\/","og_locale":"sq_AL","og_type":"article","og_title":"Politika e privat\u00ebsis\u00eb - Slavej","og_description":"Kjo politik\u00eb e privat\u00ebsis\u00eb p\u00ebrmban sqarime p\u00ebr p\u00ebrpunimin e t\u00eb dh\u00ebnave personale gjat\u00eb vizit\u00ebs dhe\/ose p\u00ebrdorimit t\u00eb sh\u00ebrbimeve t\u00eb internetit n\u00eb dispozicion n\u00eb faqen ton\u00eb t\u00eb internetit\u00a0www.slavej.mk Q\u00cbLLIMET DHE M\u00cbNYRA E P\u00cbRPUNIMIT L\u00ebnd\u00eb e p\u00ebrpunimit jan\u00eb t\u00eb dh\u00ebnat p\u00ebr vizitor\u00ebt e faqes s\u00eb internetit www.slavej.mk dhe bler\u00ebsit e produkteve n\u00ebp\u00ebrmjet k\u00ebsaj faqeje t\u00eb internetit (n\u00eb [&hellip;]","og_url":"https:\/\/slavej.mk\/sq\/politika-na-privatnost\/","og_site_name":"Slavej","article_modified_time":"2025-11-13T13:31:44+00:00","twitter_card":"summary_large_image","twitter_misc":{"Est. reading time":"6 minutes"},"schema":{"@context":"https:\/\/schema.org","@graph":[{"@type":"WebPage","@id":"https:\/\/slavej.mk\/sq\/politika-na-privatnost\/","url":"https:\/\/slavej.mk\/sq\/politika-na-privatnost\/","name":"Politika e privat\u00ebsis\u00eb - Slavej","isPartOf":{"@id":"https:\/\/slavej.mk\/sq\/#website"},"datePublished":"2025-11-11T11:11:21+00:00","dateModified":"2025-11-13T13:31:44+00:00","breadcrumb":{"@id":"https:\/\/slavej.mk\/sq\/politika-na-privatnost\/#breadcrumb"},"inLanguage":"sq-AL","potentialAction":[{"@type":"ReadAction","target":["https:\/\/slavej.mk\/sq\/politika-na-privatnost\/"]}]},{"@type":"BreadcrumbList","@id":"https:\/\/slavej.mk\/sq\/politika-na-privatnost\/#breadcrumb","itemListElement":[{"@type":"ListItem","position":1,"name":"Home","item":"https:\/\/slavej.mk\/sq\/pochetna\/"},{"@type":"ListItem","position":2,"name":"Politika e privat\u00ebsis\u00eb"}]},{"@type":"WebSite","@id":"https:\/\/slavej.mk\/sq\/#website","url":"https:\/\/slavej.mk\/sq\/","name":"Slavej","description":"","publisher":{"@id":"https:\/\/slavej.mk\/sq\/#organization"},"potentialAction":[{"@type":"SearchAction","target":{"@type":"EntryPoint","urlTemplate":"https:\/\/slavej.mk\/sq\/?s={search_term_string}"},"query-input":{"@type":"PropertyValueSpecification","valueRequired":true,"valueName":"search_term_string"}}],"inLanguage":"sq-AL"},{"@type":"Organization","@id":"https:\/\/slavej.mk\/sq\/#organization","name":"Slavej","url":"https:\/\/slavej.mk\/sq\/","logo":{"@type":"ImageObject","inLanguage":"sq-AL","@id":"https:\/\/slavej.mk\/sq\/#\/schema\/logo\/image\/","url":"","contentUrl":"","caption":"Slavej"},"image":{"@id":"https:\/\/slavej.mk\/sq\/#\/schema\/logo\/image\/"}}]}},"_links":{"self":[{"href":"https:\/\/slavej.mk\/sq\/wp-json\/wp\/v2\/pages\/25142","targetHints":{"allow":["GET"]}}],"collection":[{"href":"https:\/\/slavej.mk\/sq\/wp-json\/wp\/v2\/pages"}],"about":[{"href":"https:\/\/slavej.mk\/sq\/wp-json\/wp\/v2\/types\/page"}],"author":[{"embeddable":true,"href":"https:\/\/slavej.mk\/sq\/wp-json\/wp\/v2\/users\/188"}],"replies":[{"embeddable":true,"href":"https:\/\/slavej.mk\/sq\/wp-json\/wp\/v2\/comments?post=25142"}],"version-history":[{"count":4,"href":"https:\/\/slavej.mk\/sq\/wp-json\/wp\/v2\/pages\/25142\/revisions"}],"predecessor-version":[{"id":25224,"href":"https:\/\/slavej.mk\/sq\/wp-json\/wp\/v2\/pages\/25142\/revisions\/25224"}],"wp:attachment":[{"href":"https:\/\/slavej.mk\/sq\/wp-json\/wp\/v2\/media?parent=25142"}],"curies":[{"name":"wp","href":"https:\/\/api.w.org\/{rel}","templated":true}]}}