{"id":25131,"date":"2025-11-11T12:05:01","date_gmt":"2025-11-11T11:05:01","guid":{"rendered":"https:\/\/slavej.mk\/pravo-na-povlekuvane-vrakane-na-proizvod\/"},"modified":"2025-11-14T10:01:22","modified_gmt":"2025-11-14T09:01:22","slug":"pravo-na-povlekuvane-vrakane-na-proizvod","status":"publish","type":"page","link":"https:\/\/slavej.mk\/sq\/pravo-na-povlekuvane-vrakane-na-proizvod\/","title":{"rendered":"E drejta e heqjes dor\u00eb\/kthimit t\u00eb produktit"},"content":{"rendered":"<p>Produkti mund t\u00eb kthehet brenda 15 dit\u00ebsh nga pranimi i produktit, duke i bashk\u00ebngjitur fatur\u00ebn, me \u00e7\u2019rast produkti duhet t\u00eb kthehet i pap\u00ebrdorur, i ruajtur dhe pa cil\u00ebsi p\u00ebrdorimi, i pad\u00ebmtuar, i palar\u00eb, n\u00eb paketimin origjinal, me shenja dhe etiketa t\u00eb ruajtura t\u00eb fabrikimit. Produkti nuk mund t\u00eb kthehet n\u00ebse \u00ebsht\u00eb p\u00ebrdorur. P\u00ebrndryshe bler\u00ebsi humb t\u00eb drejt\u00ebn e heqjes dor\u00eb. Ai nuk mund t\u00eb shfryt\u00ebzoj\u00eb t\u00eb drejt\u00ebn e heqjes dor\u00eb po qe se ka bler\u00eb produkte t\u00eb mbyllura dhe origjinale q\u00eb nuk jan\u00eb t\u00eb p\u00ebrshtatshme p\u00ebr t\u2019i kthyer p\u00ebr shkaqe higjienike ose mbrojtje t\u00eb sh\u00ebndetit, por q\u00eb jan\u00eb \u00e7elur pas pranimit t\u00eb porosis\u00eb.<\/p>\n<p><strong>*V\u00ebrejtje:<\/strong> P\u00ebr shkaqe higjiene, k\u00ebto produkte nuk kthehen: \u00e7orapet e kompresimit dhe getat, dyshek\u00ebt e antidekubitit dhe pajisjet ortopedike p\u00ebr tualet.<\/p>\n<p>T\u00eb drejt\u00ebn e kthimit t\u00eb produktit mund ta realizoni brenda 15 dit\u00ebsh pas pranimit t\u00eb produktit, duke plot\u00ebsuar dhe d\u00ebrguar <a href=\"https:\/\/slavej.mk\/wp-content\/uploads\/2025\/11\/kerkese-per-kthimin-e-produktit-nga-bleresi.docx\">K\u00ebrkes\u00eb p\u00ebr kthimin e produktit nga bler\u00ebsi<\/a>, q\u00eb \u00ebsht\u00eb n\u00eb dispozicion n\u00eb k\u00ebt\u00eb <strong>VJEG\u00cbZ<\/strong> ose duke shkruar nj\u00eb deklarat\u00eb t\u00eb \u00e7far\u00ebdoshme t\u00eb qart\u00eb p\u00ebr vendimin e juaj. P\u00ebr t\u00eb sakt\u00ebsuar k\u00ebrkes\u00ebn tuaj p\u00ebr kthimin e produktit, ju lutemi q\u00eb t\u00eb na e d\u00ebrgoni n\u00eb post\u00ebn elektronike <a href=\"mailto:online@slavej.mk\">online@slavej.mk<\/a> ose na telefononi n\u00eb numrin 075 385 221. Me parashtrimin e k\u00ebrkes\u00ebs p\u00ebr kthimin e produktit pajtoheni q\u00eb t\u00eb p\u00ebrpunojm\u00eb t\u00eb dh\u00ebnat e juaja personale, p\u00ebrfshir\u00eb llogarin\u00eb e transaksionit, n\u00ebse \u00ebsht\u00eb e domosdoshme. K\u00ebto t\u00eb dh\u00ebna jan\u00eb t\u00eb patjet\u00ebrsueshme p\u00ebr procedimin e k\u00ebrkes\u00ebs suaj p\u00ebr kthimin e produktit dhe kthimin e mjeteve. M\u00eb tep\u00ebr informacione mund t\u00eb lexoni n\u00eb pjes\u00ebn <strong><a href=\"https:\/\/slavej.mk\/sq\/politika-na-privatnost\/\">Politika e privat\u00ebsis\u00eb<\/a>.<\/strong><\/p>\n<p>Kthimi i produktit ose heqja dor\u00eb nga porosia mund t\u00eb b\u00ebhet vet\u00ebm online, pra nuk mund t\u00eb kthehet produkti duke e sjell\u00eb fizikisht n\u00eb dyqanet tona.<\/p>\n<p>Pasi t\u00eb kthehet produkti n\u00eb dyqan, do t\u00eb v\u00ebrtetohet n\u00ebse \u00ebsht\u00eb kthyer n\u00eb gjendjen e rregullt, pra i pad\u00ebmtuar. N\u00ebse v\u00ebrtetohet q\u00eb produkti nuk \u00ebsht\u00eb n\u00eb gjendjen e duhur, do t\u00eb refuzohet k\u00ebrkesa p\u00ebr kthim dhe produkti do t\u2019i kthehet bler\u00ebsit i cili i paguan edhe shpenzimet.<\/p>\n<p>Pa komunikim t\u00eb m\u00ebparsh\u00ebm dhe ujdi me operator\u00ebt e Shitores <em>online, <\/em>n\u00ebp\u00ebrmjet telefonit t\u00eb kontaktit ose post\u00ebs elektronike t\u00eb p\u00ebrmendur m\u00eb lart\u00eb, nuk mund q\u00eb me nism\u00eb personale ta ktheni produktin n\u00eb objektet e tregtis\u00eb me pakic\u00eb t\u00eb produktit t\u00eb porositur.<\/p>\n<p>Po qe se produkti i bler\u00eb ka mungesa n\u00eb aspekt t\u00eb dispozitave sipas Ligjit t\u00eb Mbrojtjes s\u00eb Konsumatorit, ju lutem t\u00eb na kontaktoni n\u00eb numrin 075 385 221, e h\u00ebn\u00eb \u2013 e premte, 08-16h ose d\u00ebrgoni porosi me post\u00eb elektronike (emri, mbiemri dhe numri i telefonit) n\u00eb <a href=\"mailto:online@slavej.mk\">online@slavej.mk<\/a> p\u00ebr t\u00eb marr\u00eb udh\u00ebzime t\u00eb m\u00ebtejshme p\u00ebr procedimin e k\u00ebrkes\u00ebs suaj.<\/p>\n<p><strong>AFATI P\u00cbR KTHIMIN E PRODUKTIT<\/strong><\/p>\n<p>Bler\u00ebsi mund ta filloj\u00eb procedur\u00ebn e kthimit t\u00eb produktit brenda 15 dit\u00ebsh pas pranimit t\u00eb produktit.<\/p>\n<p><strong>SHPENTZIMET P\u00cbR KTHIMIN E PRODUKTIT<\/strong><\/p>\n<p>N\u00eb rast t\u00eb heqjes dor\u00eb\/nd\u00ebrrimit t\u00eb produktit, s\u00eb pari duhet t\u00eb na kontaktoni n\u00eb k\u00ebt\u00eb num\u00ebr telefoni 075 385 221 ose t\u00eb na shkruani b\u00eb post\u00ebn elektronike <a href=\"mailto:online@slavej.mk\">online@slavej.mk<\/a>.<\/p>\n<p>Shpenzimet e kthimit do t\u00eb p\u00ebrcaktohen sipas \u00e7mimores zyrtare t\u00eb Kargo ekspres, duke u llogaritur pesha dhe v\u00ebllimi i porosis\u00eb. P\u00ebrjashtim b\u00ebn rasti kur bler\u00ebsi ka pranuar produkt t\u00eb d\u00ebmtuar ose tjet\u00ebr. N\u00eb k\u00ebt\u00eb rast vlejn\u00eb rregullat e <a href=\"https:\/\/slavej.mk\/sq\/reklamacii\/\">REKLAMACIONIT<\/a> t\u00eb botuara n\u00eb faqen tone t\u00eb internetit.<\/p>\n<p><strong>KTHIMI I PARAVE<\/strong><\/p>\n<p>N\u00eb rast t\u00eb kthimit t\u00eb mjeteve, pa pasur parasysh shkaqet e kthimit t\u00eb produktit, Sllavej ShA Shkup \u00ebsht\u00eb e detyruar ta b\u00ebj\u00eb kthimin e parave vet\u00ebm n\u00ebp\u00ebrmjet llogaris\u00eb s\u00eb transaksionit t\u00eb bler\u00ebsit. E gjith\u00eb procedura e kthimit t\u00eb parave mund t\u00eb zgjas\u00eb 15 deri 30 dit\u00eb.<\/p>\n<p><strong>V\u00cbREJTJE:<\/strong><\/p>\n<p>Me v\u00ebrtetimin e porosis\u00eb, duke trysur n\u00eb sust\u00ebn V\u00cbRTETO, pajtoheni me kushtet e t\u00ebrheqjes nga marr\u00ebveshja dhe kthimin e produktit.<\/p>\n<div style=\"all: initial !important;\"><\/div>\n<div style=\"all: initial !important;\"><\/div>\n<div style=\"all: initial !important;\"><\/div>\n<div style=\"all: initial !important;\"><\/div>\n<div style=\"all: initial !important;\"><\/div>\n<div style=\"all: initial !important;\"><\/div>\n<div style=\"all: initial !important;\"><\/div>\n","protected":false},"excerpt":{"rendered":"<p>Produkti mund t\u00eb kthehet brenda 15 dit\u00ebsh nga pranimi i produktit, duke i bashk\u00ebngjitur fatur\u00ebn, me \u00e7\u2019rast produkti duhet t\u00eb kthehet i pap\u00ebrdorur, i ruajtur dhe pa cil\u00ebsi p\u00ebrdorimi, i pad\u00ebmtuar, i palar\u00eb, n\u00eb paketimin origjinal, me shenja dhe etiketa t\u00eb ruajtura t\u00eb fabrikimit. Produkti nuk mund t\u00eb kthehet n\u00ebse \u00ebsht\u00eb p\u00ebrdorur. P\u00ebrndryshe bler\u00ebsi humb [&hellip;]<\/p>\n","protected":false},"author":188,"featured_media":0,"parent":0,"menu_order":0,"comment_status":"closed","ping_status":"closed","template":"templates\/generic.php","meta":{"footnotes":""},"class_list":["post-25131","page","type-page","status-publish","hentry"],"yoast_head":"<!-- This site is optimized with the Yoast SEO plugin v26.3 - https:\/\/yoast.com\/wordpress\/plugins\/seo\/ -->\n<title>E drejta e heqjes dor\u00eb\/kthimit t\u00eb produktit - Slavej<\/title>\n<meta name=\"robots\" content=\"index, follow, max-snippet:-1, max-image-preview:large, max-video-preview:-1\" \/>\n<link rel=\"canonical\" href=\"https:\/\/slavej.mk\/sq\/pravo-na-povlekuvane-vrakane-na-proizvod\/\" \/>\n<meta property=\"og:locale\" content=\"sq_AL\" \/>\n<meta property=\"og:type\" content=\"article\" \/>\n<meta property=\"og:title\" content=\"E drejta e heqjes dor\u00eb\/kthimit t\u00eb produktit - Slavej\" \/>\n<meta property=\"og:description\" content=\"Produkti mund t\u00eb kthehet brenda 15 dit\u00ebsh nga pranimi i produktit, duke i bashk\u00ebngjitur fatur\u00ebn, me \u00e7\u2019rast produkti duhet t\u00eb kthehet i pap\u00ebrdorur, i ruajtur dhe pa cil\u00ebsi p\u00ebrdorimi, i pad\u00ebmtuar, i palar\u00eb, n\u00eb paketimin origjinal, me shenja dhe etiketa t\u00eb ruajtura t\u00eb fabrikimit. Produkti nuk mund t\u00eb kthehet n\u00ebse \u00ebsht\u00eb p\u00ebrdorur. P\u00ebrndryshe bler\u00ebsi humb [&hellip;]\" \/>\n<meta property=\"og:url\" content=\"https:\/\/slavej.mk\/sq\/pravo-na-povlekuvane-vrakane-na-proizvod\/\" \/>\n<meta property=\"og:site_name\" content=\"Slavej\" \/>\n<meta property=\"article:modified_time\" content=\"2025-11-14T09:01:22+00:00\" \/>\n<meta name=\"twitter:card\" content=\"summary_large_image\" \/>\n<meta name=\"twitter:label1\" content=\"Est. reading time\" \/>\n\t<meta name=\"twitter:data1\" content=\"4 minutes\" \/>\n<script type=\"application\/ld+json\" class=\"yoast-schema-graph\">{\"@context\":\"https:\/\/schema.org\",\"@graph\":[{\"@type\":\"WebPage\",\"@id\":\"https:\/\/slavej.mk\/sq\/pravo-na-povlekuvane-vrakane-na-proizvod\/\",\"url\":\"https:\/\/slavej.mk\/sq\/pravo-na-povlekuvane-vrakane-na-proizvod\/\",\"name\":\"E drejta e heqjes dor\u00eb\/kthimit t\u00eb produktit - Slavej\",\"isPartOf\":{\"@id\":\"https:\/\/slavej.mk\/sq\/#website\"},\"datePublished\":\"2025-11-11T11:05:01+00:00\",\"dateModified\":\"2025-11-14T09:01:22+00:00\",\"breadcrumb\":{\"@id\":\"https:\/\/slavej.mk\/sq\/pravo-na-povlekuvane-vrakane-na-proizvod\/#breadcrumb\"},\"inLanguage\":\"sq-AL\",\"potentialAction\":[{\"@type\":\"ReadAction\",\"target\":[\"https:\/\/slavej.mk\/sq\/pravo-na-povlekuvane-vrakane-na-proizvod\/\"]}]},{\"@type\":\"BreadcrumbList\",\"@id\":\"https:\/\/slavej.mk\/sq\/pravo-na-povlekuvane-vrakane-na-proizvod\/#breadcrumb\",\"itemListElement\":[{\"@type\":\"ListItem\",\"position\":1,\"name\":\"Home\",\"item\":\"https:\/\/slavej.mk\/sq\/pochetna\/\"},{\"@type\":\"ListItem\",\"position\":2,\"name\":\"E drejta e heqjes dor\u00eb\/kthimit t\u00eb produktit\"}]},{\"@type\":\"WebSite\",\"@id\":\"https:\/\/slavej.mk\/sq\/#website\",\"url\":\"https:\/\/slavej.mk\/sq\/\",\"name\":\"Slavej\",\"description\":\"\",\"publisher\":{\"@id\":\"https:\/\/slavej.mk\/sq\/#organization\"},\"potentialAction\":[{\"@type\":\"SearchAction\",\"target\":{\"@type\":\"EntryPoint\",\"urlTemplate\":\"https:\/\/slavej.mk\/sq\/?s={search_term_string}\"},\"query-input\":{\"@type\":\"PropertyValueSpecification\",\"valueRequired\":true,\"valueName\":\"search_term_string\"}}],\"inLanguage\":\"sq-AL\"},{\"@type\":\"Organization\",\"@id\":\"https:\/\/slavej.mk\/sq\/#organization\",\"name\":\"Slavej\",\"url\":\"https:\/\/slavej.mk\/sq\/\",\"logo\":{\"@type\":\"ImageObject\",\"inLanguage\":\"sq-AL\",\"@id\":\"https:\/\/slavej.mk\/sq\/#\/schema\/logo\/image\/\",\"url\":\"\",\"contentUrl\":\"\",\"caption\":\"Slavej\"},\"image\":{\"@id\":\"https:\/\/slavej.mk\/sq\/#\/schema\/logo\/image\/\"}}]}<\/script>\n<!-- \/ Yoast SEO plugin. -->","yoast_head_json":{"title":"E drejta e heqjes dor\u00eb\/kthimit t\u00eb produktit - Slavej","robots":{"index":"index","follow":"follow","max-snippet":"max-snippet:-1","max-image-preview":"max-image-preview:large","max-video-preview":"max-video-preview:-1"},"canonical":"https:\/\/slavej.mk\/sq\/pravo-na-povlekuvane-vrakane-na-proizvod\/","og_locale":"sq_AL","og_type":"article","og_title":"E drejta e heqjes dor\u00eb\/kthimit t\u00eb produktit - Slavej","og_description":"Produkti mund t\u00eb kthehet brenda 15 dit\u00ebsh nga pranimi i produktit, duke i bashk\u00ebngjitur fatur\u00ebn, me \u00e7\u2019rast produkti duhet t\u00eb kthehet i pap\u00ebrdorur, i ruajtur dhe pa cil\u00ebsi p\u00ebrdorimi, i pad\u00ebmtuar, i palar\u00eb, n\u00eb paketimin origjinal, me shenja dhe etiketa t\u00eb ruajtura t\u00eb fabrikimit. Produkti nuk mund t\u00eb kthehet n\u00ebse \u00ebsht\u00eb p\u00ebrdorur. P\u00ebrndryshe bler\u00ebsi humb [&hellip;]","og_url":"https:\/\/slavej.mk\/sq\/pravo-na-povlekuvane-vrakane-na-proizvod\/","og_site_name":"Slavej","article_modified_time":"2025-11-14T09:01:22+00:00","twitter_card":"summary_large_image","twitter_misc":{"Est. reading time":"4 minutes"},"schema":{"@context":"https:\/\/schema.org","@graph":[{"@type":"WebPage","@id":"https:\/\/slavej.mk\/sq\/pravo-na-povlekuvane-vrakane-na-proizvod\/","url":"https:\/\/slavej.mk\/sq\/pravo-na-povlekuvane-vrakane-na-proizvod\/","name":"E drejta e heqjes dor\u00eb\/kthimit t\u00eb produktit - Slavej","isPartOf":{"@id":"https:\/\/slavej.mk\/sq\/#website"},"datePublished":"2025-11-11T11:05:01+00:00","dateModified":"2025-11-14T09:01:22+00:00","breadcrumb":{"@id":"https:\/\/slavej.mk\/sq\/pravo-na-povlekuvane-vrakane-na-proizvod\/#breadcrumb"},"inLanguage":"sq-AL","potentialAction":[{"@type":"ReadAction","target":["https:\/\/slavej.mk\/sq\/pravo-na-povlekuvane-vrakane-na-proizvod\/"]}]},{"@type":"BreadcrumbList","@id":"https:\/\/slavej.mk\/sq\/pravo-na-povlekuvane-vrakane-na-proizvod\/#breadcrumb","itemListElement":[{"@type":"ListItem","position":1,"name":"Home","item":"https:\/\/slavej.mk\/sq\/pochetna\/"},{"@type":"ListItem","position":2,"name":"E drejta e heqjes dor\u00eb\/kthimit t\u00eb produktit"}]},{"@type":"WebSite","@id":"https:\/\/slavej.mk\/sq\/#website","url":"https:\/\/slavej.mk\/sq\/","name":"Slavej","description":"","publisher":{"@id":"https:\/\/slavej.mk\/sq\/#organization"},"potentialAction":[{"@type":"SearchAction","target":{"@type":"EntryPoint","urlTemplate":"https:\/\/slavej.mk\/sq\/?s={search_term_string}"},"query-input":{"@type":"PropertyValueSpecification","valueRequired":true,"valueName":"search_term_string"}}],"inLanguage":"sq-AL"},{"@type":"Organization","@id":"https:\/\/slavej.mk\/sq\/#organization","name":"Slavej","url":"https:\/\/slavej.mk\/sq\/","logo":{"@type":"ImageObject","inLanguage":"sq-AL","@id":"https:\/\/slavej.mk\/sq\/#\/schema\/logo\/image\/","url":"","contentUrl":"","caption":"Slavej"},"image":{"@id":"https:\/\/slavej.mk\/sq\/#\/schema\/logo\/image\/"}}]}},"_links":{"self":[{"href":"https:\/\/slavej.mk\/sq\/wp-json\/wp\/v2\/pages\/25131","targetHints":{"allow":["GET"]}}],"collection":[{"href":"https:\/\/slavej.mk\/sq\/wp-json\/wp\/v2\/pages"}],"about":[{"href":"https:\/\/slavej.mk\/sq\/wp-json\/wp\/v2\/types\/page"}],"author":[{"embeddable":true,"href":"https:\/\/slavej.mk\/sq\/wp-json\/wp\/v2\/users\/188"}],"replies":[{"embeddable":true,"href":"https:\/\/slavej.mk\/sq\/wp-json\/wp\/v2\/comments?post=25131"}],"version-history":[{"count":7,"href":"https:\/\/slavej.mk\/sq\/wp-json\/wp\/v2\/pages\/25131\/revisions"}],"predecessor-version":[{"id":25230,"href":"https:\/\/slavej.mk\/sq\/wp-json\/wp\/v2\/pages\/25131\/revisions\/25230"}],"wp:attachment":[{"href":"https:\/\/slavej.mk\/sq\/wp-json\/wp\/v2\/media?parent=25131"}],"curies":[{"name":"wp","href":"https:\/\/api.w.org\/{rel}","templated":true}]}}