{"id":25126,"date":"2025-11-11T12:01:08","date_gmt":"2025-11-11T11:01:08","guid":{"rendered":"https:\/\/slavej.mk\/politika-za-koristene-na-licnite-podatoci-za-celi-na-direkten-marketing\/"},"modified":"2025-11-11T12:02:12","modified_gmt":"2025-11-11T11:02:12","slug":"politika-za-koristene-na-licnite-podatoci-za-celi-na-direkten-marketing","status":"publish","type":"page","link":"https:\/\/slavej.mk\/sq\/politika-za-koristene-na-licnite-podatoci-za-celi-na-direkten-marketing\/","title":{"rendered":"Politika e shfryt\u00ebzimit t\u00eb t\u00eb dh\u00ebnave personale p\u00ebr marketing t\u00eb drejtp\u00ebrdrejt\u00eb"},"content":{"rendered":"<p>T\u00eb dh\u00ebnat personale q\u00eb p\u00ebrpunohen n\u00ebp\u00ebrmjet faqes s\u00eb internetit <a href=\"http:\/\/www.slavej.mk\">www.slavej.mk<\/a> (n\u00eb tekstin e m\u00ebtejm\u00eb: faqja e internetit) mund t\u00eb p\u00ebrdoren p\u00ebr marketing t\u00eb drejtp\u00ebrdrejt\u00eb vet\u00ebm me p\u00eblqimin e dh\u00ebn\u00eb nga personat, t\u00eb dh\u00ebnat e t\u00eb cil\u00ebve p\u00ebrpunohen (n\u00eb tekstin e m\u00ebtejm\u00eb: p\u00eblqimdh\u00ebn\u00ebsi ose dh\u00ebn\u00ebsi).<\/p>\n<p>P\u00eblqimi p\u00ebr p\u00ebrdorimin e t\u00eb dh\u00ebnave personale p\u00ebr marketing t\u00eb drejtp\u00ebrdrejt\u00eb jepet gjat\u00eb regjistrimit n\u00eb faqen e internetit, duke zgjedhur mund\u00ebsin\u00eb &#8211; Pajtohem t\u00eb marr njoftime n\u00eb post\u00ebn elektronike (e-mail), me \u00e7\u2019rast p\u00eblqimi i dh\u00ebn\u00eb vlen vet\u00ebm p\u00ebr marketing t\u00eb drejtp\u00ebrdrejt\u00eb, duke d\u00ebrguar njoftime dhe materiale marketingu n\u00eb adres\u00ebn e-mail t\u00eb dh\u00ebn\u00eb nga p\u00eblqimdh\u00ebn\u00ebsi, pa e lidhur k\u00ebt\u00eb p\u00eblqim me humbjen e ndonj\u00eb t\u00eb drejte tjet\u00ebr t\u00eb dh\u00ebn\u00ebsit n\u00eb lidhje me sh\u00ebrbimet e ofruara n\u00ebp\u00ebrmjet faqes s\u00eb internetit.<\/p>\n<p>\u00c7do person q\u00eb ka dh\u00ebn\u00eb p\u00eblqimin p\u00ebr p\u00ebrdorimin e t\u00eb dh\u00ebnave personale p\u00ebr marketing t\u00eb drejtp\u00ebrdrejt\u00eb, ka t\u00eb drejt\u00eb n\u00eb \u00e7do koh\u00eb, pa pages\u00eb dhe duke p\u00ebrdorur mjete t\u00eb thjeshta, t\u00eb ndryshoj\u00eb ose t\u00ebrheq\u00eb p\u00eblqimin p\u00ebr p\u00ebrpunimin e t\u00eb dh\u00ebnave personale p\u00ebr marketing t\u00eb drejtp\u00ebrdrejt\u00eb duke trysur n\u00eb mund\u00ebsin\u00eb e p\u00ebrdit\u00ebsimit t\u00eb parap\u00eblqimeve (Update your preferences) (p\u00ebr ndryshim) dhe \u00e7regjistrohu nga kjo list\u00eb (Unsubscribe from the list) (p\u00ebr t\u00ebrheqjen e p\u00eblqimit), mund\u00ebsi q\u00eb ndodhet n\u00eb pjes\u00ebn e poshtme, pra n\u00eb fund t\u00eb faqes s\u00eb t\u00eb gjitha materialeve t\u00eb marketingut q\u00eb d\u00ebrgohen p\u00ebr marketing t\u00eb drejtp\u00ebrdrejt\u00eb sipas p\u00eblqimit t\u00eb dh\u00ebn\u00eb, pa e lidhur k\u00ebt\u00eb t\u00ebrheqje t\u00eb p\u00eblqimit p\u00ebr marketing t\u00eb drejtp\u00ebrdrejt\u00eb me me humbjen e ndonj\u00eb t\u00eb drejte tjet\u00ebr t\u00eb dh\u00ebn\u00ebsit n\u00eb lidhje me sh\u00ebrbimet e ofruara n\u00ebp\u00ebrmjet faqes s\u00eb internetit.<\/p>\n<p>Duke dh\u00ebn\u00eb p\u00eblqimin p\u00ebr p\u00ebrdorimin e t\u00eb dh\u00ebnave p\u00ebr marketing t\u00eb drejtp\u00ebrdrejt\u00eb, klient\u00ebt mund t\u00eb japin p\u00eblqimin p\u00ebr t\u00eb marr\u00eb njoftime n\u00eb e-mail, si dhe mesazhe SMS dhe Viber. P\u00ebr t\u00eb anuluar marrjen e njoftimeve n\u00eb e-mail, duhet t\u00eb zgjidhni mund\u00ebsin\u00eb e \u00e7regjistrimit nga kjo list\u00eb (Unsubscribe from this list); n\u00ebse duhet t\u00eb anuloni p\u00eblqimin p\u00ebr t\u00eb marr\u00eb mesazhe Viber dhe SMS, at\u00ebher\u00eb n\u00eb k\u00ebt\u00eb e-mail: <a href=\"mailto:online@slavej.mk\">online@slavej.mk<\/a>, duhet t\u00eb na shkruani numrin e telefonit t\u00eb kontaktit t\u00eb p\u00ebrdoruesit q\u00eb duhet t\u00eb fshihet nga lista.<\/p>\n<p>&nbsp;<\/p>\n<div style=\"all: initial !important;\"><\/div>\n","protected":false},"excerpt":{"rendered":"<p>T\u00eb dh\u00ebnat personale q\u00eb p\u00ebrpunohen n\u00ebp\u00ebrmjet faqes s\u00eb internetit www.slavej.mk (n\u00eb tekstin e m\u00ebtejm\u00eb: faqja e internetit) mund t\u00eb p\u00ebrdoren p\u00ebr marketing t\u00eb drejtp\u00ebrdrejt\u00eb vet\u00ebm me p\u00eblqimin e dh\u00ebn\u00eb nga personat, t\u00eb dh\u00ebnat e t\u00eb cil\u00ebve p\u00ebrpunohen (n\u00eb tekstin e m\u00ebtejm\u00eb: p\u00eblqimdh\u00ebn\u00ebsi ose dh\u00ebn\u00ebsi). P\u00eblqimi p\u00ebr p\u00ebrdorimin e t\u00eb dh\u00ebnave personale p\u00ebr marketing t\u00eb drejtp\u00ebrdrejt\u00eb [&hellip;]<\/p>\n","protected":false},"author":188,"featured_media":0,"parent":0,"menu_order":0,"comment_status":"closed","ping_status":"closed","template":"templates\/generic.php","meta":{"footnotes":""},"class_list":["post-25126","page","type-page","status-publish","hentry"],"yoast_head":"<!-- This site is optimized with the Yoast SEO plugin v26.3 - https:\/\/yoast.com\/wordpress\/plugins\/seo\/ -->\n<title>Politika e shfryt\u00ebzimit t\u00eb t\u00eb dh\u00ebnave personale p\u00ebr marketing t\u00eb drejtp\u00ebrdrejt\u00eb - Slavej<\/title>\n<meta name=\"robots\" content=\"index, follow, max-snippet:-1, max-image-preview:large, max-video-preview:-1\" \/>\n<link rel=\"canonical\" href=\"https:\/\/slavej.mk\/sq\/politika-za-koristene-na-licnite-podatoci-za-celi-na-direkten-marketing\/\" \/>\n<meta property=\"og:locale\" content=\"sq_AL\" \/>\n<meta property=\"og:type\" content=\"article\" \/>\n<meta property=\"og:title\" content=\"Politika e shfryt\u00ebzimit t\u00eb t\u00eb dh\u00ebnave personale p\u00ebr marketing t\u00eb drejtp\u00ebrdrejt\u00eb - Slavej\" \/>\n<meta property=\"og:description\" content=\"T\u00eb dh\u00ebnat personale q\u00eb p\u00ebrpunohen n\u00ebp\u00ebrmjet faqes s\u00eb internetit www.slavej.mk (n\u00eb tekstin e m\u00ebtejm\u00eb: faqja e internetit) mund t\u00eb p\u00ebrdoren p\u00ebr marketing t\u00eb drejtp\u00ebrdrejt\u00eb vet\u00ebm me p\u00eblqimin e dh\u00ebn\u00eb nga personat, t\u00eb dh\u00ebnat e t\u00eb cil\u00ebve p\u00ebrpunohen (n\u00eb tekstin e m\u00ebtejm\u00eb: p\u00eblqimdh\u00ebn\u00ebsi ose dh\u00ebn\u00ebsi). P\u00eblqimi p\u00ebr p\u00ebrdorimin e t\u00eb dh\u00ebnave personale p\u00ebr marketing t\u00eb drejtp\u00ebrdrejt\u00eb [&hellip;]\" \/>\n<meta property=\"og:url\" content=\"https:\/\/slavej.mk\/sq\/politika-za-koristene-na-licnite-podatoci-za-celi-na-direkten-marketing\/\" \/>\n<meta property=\"og:site_name\" content=\"Slavej\" \/>\n<meta property=\"article:modified_time\" content=\"2025-11-11T11:02:12+00:00\" \/>\n<meta name=\"twitter:card\" content=\"summary_large_image\" \/>\n<meta name=\"twitter:label1\" content=\"Est. reading time\" \/>\n\t<meta name=\"twitter:data1\" content=\"2 minutes\" \/>\n<script type=\"application\/ld+json\" class=\"yoast-schema-graph\">{\"@context\":\"https:\/\/schema.org\",\"@graph\":[{\"@type\":\"WebPage\",\"@id\":\"https:\/\/slavej.mk\/sq\/politika-za-koristene-na-licnite-podatoci-za-celi-na-direkten-marketing\/\",\"url\":\"https:\/\/slavej.mk\/sq\/politika-za-koristene-na-licnite-podatoci-za-celi-na-direkten-marketing\/\",\"name\":\"Politika e shfryt\u00ebzimit t\u00eb t\u00eb dh\u00ebnave personale p\u00ebr marketing t\u00eb drejtp\u00ebrdrejt\u00eb - Slavej\",\"isPartOf\":{\"@id\":\"https:\/\/slavej.mk\/sq\/#website\"},\"datePublished\":\"2025-11-11T11:01:08+00:00\",\"dateModified\":\"2025-11-11T11:02:12+00:00\",\"breadcrumb\":{\"@id\":\"https:\/\/slavej.mk\/sq\/politika-za-koristene-na-licnite-podatoci-za-celi-na-direkten-marketing\/#breadcrumb\"},\"inLanguage\":\"sq-AL\",\"potentialAction\":[{\"@type\":\"ReadAction\",\"target\":[\"https:\/\/slavej.mk\/sq\/politika-za-koristene-na-licnite-podatoci-za-celi-na-direkten-marketing\/\"]}]},{\"@type\":\"BreadcrumbList\",\"@id\":\"https:\/\/slavej.mk\/sq\/politika-za-koristene-na-licnite-podatoci-za-celi-na-direkten-marketing\/#breadcrumb\",\"itemListElement\":[{\"@type\":\"ListItem\",\"position\":1,\"name\":\"Home\",\"item\":\"https:\/\/slavej.mk\/sq\/pochetna\/\"},{\"@type\":\"ListItem\",\"position\":2,\"name\":\"Politika e shfryt\u00ebzimit t\u00eb t\u00eb dh\u00ebnave personale p\u00ebr marketing t\u00eb drejtp\u00ebrdrejt\u00eb\"}]},{\"@type\":\"WebSite\",\"@id\":\"https:\/\/slavej.mk\/sq\/#website\",\"url\":\"https:\/\/slavej.mk\/sq\/\",\"name\":\"Slavej\",\"description\":\"\",\"publisher\":{\"@id\":\"https:\/\/slavej.mk\/sq\/#organization\"},\"potentialAction\":[{\"@type\":\"SearchAction\",\"target\":{\"@type\":\"EntryPoint\",\"urlTemplate\":\"https:\/\/slavej.mk\/sq\/?s={search_term_string}\"},\"query-input\":{\"@type\":\"PropertyValueSpecification\",\"valueRequired\":true,\"valueName\":\"search_term_string\"}}],\"inLanguage\":\"sq-AL\"},{\"@type\":\"Organization\",\"@id\":\"https:\/\/slavej.mk\/sq\/#organization\",\"name\":\"Slavej\",\"url\":\"https:\/\/slavej.mk\/sq\/\",\"logo\":{\"@type\":\"ImageObject\",\"inLanguage\":\"sq-AL\",\"@id\":\"https:\/\/slavej.mk\/sq\/#\/schema\/logo\/image\/\",\"url\":\"\",\"contentUrl\":\"\",\"caption\":\"Slavej\"},\"image\":{\"@id\":\"https:\/\/slavej.mk\/sq\/#\/schema\/logo\/image\/\"}}]}<\/script>\n<!-- \/ Yoast SEO plugin. -->","yoast_head_json":{"title":"Politika e shfryt\u00ebzimit t\u00eb t\u00eb dh\u00ebnave personale p\u00ebr marketing t\u00eb drejtp\u00ebrdrejt\u00eb - Slavej","robots":{"index":"index","follow":"follow","max-snippet":"max-snippet:-1","max-image-preview":"max-image-preview:large","max-video-preview":"max-video-preview:-1"},"canonical":"https:\/\/slavej.mk\/sq\/politika-za-koristene-na-licnite-podatoci-za-celi-na-direkten-marketing\/","og_locale":"sq_AL","og_type":"article","og_title":"Politika e shfryt\u00ebzimit t\u00eb t\u00eb dh\u00ebnave personale p\u00ebr marketing t\u00eb drejtp\u00ebrdrejt\u00eb - Slavej","og_description":"T\u00eb dh\u00ebnat personale q\u00eb p\u00ebrpunohen n\u00ebp\u00ebrmjet faqes s\u00eb internetit www.slavej.mk (n\u00eb tekstin e m\u00ebtejm\u00eb: faqja e internetit) mund t\u00eb p\u00ebrdoren p\u00ebr marketing t\u00eb drejtp\u00ebrdrejt\u00eb vet\u00ebm me p\u00eblqimin e dh\u00ebn\u00eb nga personat, t\u00eb dh\u00ebnat e t\u00eb cil\u00ebve p\u00ebrpunohen (n\u00eb tekstin e m\u00ebtejm\u00eb: p\u00eblqimdh\u00ebn\u00ebsi ose dh\u00ebn\u00ebsi). P\u00eblqimi p\u00ebr p\u00ebrdorimin e t\u00eb dh\u00ebnave personale p\u00ebr marketing t\u00eb drejtp\u00ebrdrejt\u00eb [&hellip;]","og_url":"https:\/\/slavej.mk\/sq\/politika-za-koristene-na-licnite-podatoci-za-celi-na-direkten-marketing\/","og_site_name":"Slavej","article_modified_time":"2025-11-11T11:02:12+00:00","twitter_card":"summary_large_image","twitter_misc":{"Est. reading time":"2 minutes"},"schema":{"@context":"https:\/\/schema.org","@graph":[{"@type":"WebPage","@id":"https:\/\/slavej.mk\/sq\/politika-za-koristene-na-licnite-podatoci-za-celi-na-direkten-marketing\/","url":"https:\/\/slavej.mk\/sq\/politika-za-koristene-na-licnite-podatoci-za-celi-na-direkten-marketing\/","name":"Politika e shfryt\u00ebzimit t\u00eb t\u00eb dh\u00ebnave personale p\u00ebr marketing t\u00eb drejtp\u00ebrdrejt\u00eb - Slavej","isPartOf":{"@id":"https:\/\/slavej.mk\/sq\/#website"},"datePublished":"2025-11-11T11:01:08+00:00","dateModified":"2025-11-11T11:02:12+00:00","breadcrumb":{"@id":"https:\/\/slavej.mk\/sq\/politika-za-koristene-na-licnite-podatoci-za-celi-na-direkten-marketing\/#breadcrumb"},"inLanguage":"sq-AL","potentialAction":[{"@type":"ReadAction","target":["https:\/\/slavej.mk\/sq\/politika-za-koristene-na-licnite-podatoci-za-celi-na-direkten-marketing\/"]}]},{"@type":"BreadcrumbList","@id":"https:\/\/slavej.mk\/sq\/politika-za-koristene-na-licnite-podatoci-za-celi-na-direkten-marketing\/#breadcrumb","itemListElement":[{"@type":"ListItem","position":1,"name":"Home","item":"https:\/\/slavej.mk\/sq\/pochetna\/"},{"@type":"ListItem","position":2,"name":"Politika e shfryt\u00ebzimit t\u00eb t\u00eb dh\u00ebnave personale p\u00ebr marketing t\u00eb drejtp\u00ebrdrejt\u00eb"}]},{"@type":"WebSite","@id":"https:\/\/slavej.mk\/sq\/#website","url":"https:\/\/slavej.mk\/sq\/","name":"Slavej","description":"","publisher":{"@id":"https:\/\/slavej.mk\/sq\/#organization"},"potentialAction":[{"@type":"SearchAction","target":{"@type":"EntryPoint","urlTemplate":"https:\/\/slavej.mk\/sq\/?s={search_term_string}"},"query-input":{"@type":"PropertyValueSpecification","valueRequired":true,"valueName":"search_term_string"}}],"inLanguage":"sq-AL"},{"@type":"Organization","@id":"https:\/\/slavej.mk\/sq\/#organization","name":"Slavej","url":"https:\/\/slavej.mk\/sq\/","logo":{"@type":"ImageObject","inLanguage":"sq-AL","@id":"https:\/\/slavej.mk\/sq\/#\/schema\/logo\/image\/","url":"","contentUrl":"","caption":"Slavej"},"image":{"@id":"https:\/\/slavej.mk\/sq\/#\/schema\/logo\/image\/"}}]}},"_links":{"self":[{"href":"https:\/\/slavej.mk\/sq\/wp-json\/wp\/v2\/pages\/25126","targetHints":{"allow":["GET"]}}],"collection":[{"href":"https:\/\/slavej.mk\/sq\/wp-json\/wp\/v2\/pages"}],"about":[{"href":"https:\/\/slavej.mk\/sq\/wp-json\/wp\/v2\/types\/page"}],"author":[{"embeddable":true,"href":"https:\/\/slavej.mk\/sq\/wp-json\/wp\/v2\/users\/188"}],"replies":[{"embeddable":true,"href":"https:\/\/slavej.mk\/sq\/wp-json\/wp\/v2\/comments?post=25126"}],"version-history":[{"count":1,"href":"https:\/\/slavej.mk\/sq\/wp-json\/wp\/v2\/pages\/25126\/revisions"}],"predecessor-version":[{"id":25127,"href":"https:\/\/slavej.mk\/sq\/wp-json\/wp\/v2\/pages\/25126\/revisions\/25127"}],"wp:attachment":[{"href":"https:\/\/slavej.mk\/sq\/wp-json\/wp\/v2\/media?parent=25126"}],"curies":[{"name":"wp","href":"https:\/\/api.w.org\/{rel}","templated":true}]}}