{"id":25116,"date":"2025-11-11T11:55:31","date_gmt":"2025-11-11T10:55:31","guid":{"rendered":"https:\/\/slavej.mk\/politika-za-koristene-na-kolacina\/"},"modified":"2025-11-11T11:57:22","modified_gmt":"2025-11-11T10:57:22","slug":"politika-za-koristene-na-kolacina","status":"publish","type":"page","link":"https:\/\/slavej.mk\/sq\/politika-za-koristene-na-kolacina\/","title":{"rendered":"Politika e p\u00ebrdorimit t\u00eb biskotave"},"content":{"rendered":"<p><strong>\u00c7far\u00eb jan\u00eb biskotat (cookies)?<\/strong><\/p>\n<p>Biskotat (cookies) jan\u00eb skedar\u00eb t\u00eb vegj\u00ebl teksti q\u00eb vendosen n\u00eb kompjuterin ose telefonin e juaj celular nga faqet e internetit q\u00eb vizitoni. K\u00ebto skedar\u00eb teksti mund t\u00eb lexohen nga faqet e internetit q\u00eb vizitoni dhe ndihmojn\u00eb n\u00eb identifikimin e juaj kur e vizitoni p\u00ebrs\u00ebri at\u00eb faqe e internetit. K\u00ebto skedar\u00eb teksti mund t\u00eb jen\u00eb &#8220;t\u00eb p\u00ebrhersh\u00ebm&#8221; ose &#8220;t\u00eb p\u00ebrkohsh\u00ebm&#8221;. Biskotat e p\u00ebrhershme (cookies) mbeten n\u00eb kompjuterin tuaj edhe kur e mbyllni shfletuesin (kaloni jasht\u00eb linje &#8211; <em>offline<\/em>), nd\u00ebrsa biskotat e p\u00ebrkohshme fshihen sapo ta mbyllni shfletuesin.<\/p>\n<p>Biskotat (cookies) p\u00ebrdoren p\u00ebr q\u00ebllime t\u00eb shum\u00ebfishta, si p\u00ebr shembull mbajtjen mend t\u00eb aktiviteteve dhe parap\u00eblqimeve t\u00eb juaja (hyrjet, parap\u00eblqimet gjuh\u00ebsore, madh\u00ebsia e shkronjave ose m\u00ebnyra se si duket faqja), pastaj p\u00ebr t\u00eb ofruar p\u00ebrmbajtje t\u00eb personalizuara\/t\u00eb p\u00ebrshtatura n\u00eb faqen e internetit dhe p\u00ebr t\u00eb treguar historikun e juaj t\u00eb vizitave.<\/p>\n<p><strong>Pse p\u00ebrdorim biskota (cookies)?<\/strong><\/p>\n<p>N\u00eb k\u00ebt\u00eb faqe t\u00eb internetit p\u00ebrdorim biskota (cookies) p\u00ebr k\u00ebto shkaqe:<\/p>\n<ul>\n<li>P\u00ebr funksionimin teknik t\u00eb faqes s\u00eb internetit;<\/li>\n<li>P\u00ebr mbledhjen e t\u00eb dh\u00ebnave t\u00eb p\u00ebrmbledhura dhe anonime statistikore;<\/li>\n<li>P\u00ebr t\u00eb mbajtur mend parap\u00eblqimet e juaja se si t\u00eb duket faqja (parap\u00eblqimet e ve\u00e7orive t\u00eb ekranit), si p\u00ebr shembull kontrasti i ngjyrave ose madh\u00ebsia e germave.<\/li>\n<li>P\u00ebr t\u00eb mbajtur mend\/t\u00eb na kujtohet n\u00ebse pajtoheni )ose jo) me p\u00ebrdorimin ton\u00eb t\u00eb biskotave (cookies) n\u00eb k\u00ebt\u00eb faqe interneti.<\/li>\n<\/ul>\n<p>Kur vizitoni faqen ton\u00eb t\u00eb internetit, mund t\u00eb mbledhim disa t\u00eb dh\u00ebna nga shfletimi i juaj, si\u00e7 \u00ebsht\u00eb adresa e juaj IP, p\u00ebrmbajtja n\u00eb faqen e internetit q\u00eb keni vizituar, kur e keni vizituar dhe nga cila faqe interneti keni kaluar n\u00eb faqen ton\u00eb.<\/p>\n<p>Kur vizitoni faqen ton\u00eb t\u00eb internetit, ne p\u00ebrdorim nj\u00eb sh\u00ebrbim t\u00eb pal\u00ebs s\u00eb tret\u00eb \u2013 Google Analytics, p\u00ebr t\u00eb mbledhur informacione standarde t\u00eb qasjes dhe holl\u00ebsi t\u00eb sjelljes s\u00eb vizitor\u00ebve, por pa pasur mund\u00ebsin\u00eb e identifikimit t\u00eb ndonj\u00ebrit. Madje as Google nuk ka mund\u00ebsi t\u00eb zbuloj\u00eb identitetin e atyre q\u00eb kan\u00eb vizituar faqen ton\u00eb t\u00eb internetit.<\/p>\n<p><strong>\u00c7far\u00eb lloj biskotash (cookies) p\u00ebrdorim?<\/strong><\/p>\n<p>N\u00eb faqen ton\u00eb t\u00eb internetit p\u00ebrdorin k\u00ebto biskota:<\/p>\n<ul>\n<li><strong>Biskotat e detyrueshme<\/strong> e b\u00ebjn\u00eb faqen t\u00eb p\u00ebrdorshme, d.m.th. mund\u00ebsojn\u00eb funksione themelore, si\u00e7 jan\u00eb lundrimi n\u00eb faqe dhe qasja n\u00eb zonat e mbrojtura. slavej.mk p\u00ebrdor biskotat q\u00eb jan\u00eb t\u00eb domosdoshme p\u00ebr funksionimin e duhur t\u00eb faqes son\u00eb t\u00eb internetit p\u00ebr t\u00eb mund\u00ebsuar funksione t\u00eb caktuara teknike dhe p\u00ebr t\u2019i siguruar p\u00ebrdoruesit nj\u00eb p\u00ebrvoj\u00eb pozitive.<\/li>\n<li><strong>Biskotat p\u00ebr statistika<\/strong>, duke mbledhur dhe d\u00ebrguar t\u00eb dh\u00ebna n\u00eb m\u00ebnyr\u00eb anonime, u ndihmojn\u00eb pronar\u00ebve t\u00eb faqeve t\u00eb internetit t\u00eb kuptojn\u00eb se si bashk\u00ebveprojn\u00eb vizitor\u00ebt me faqen. K\u00ebto biskota q\u00eb ia mund\u00ebsojn\u00eb slavej.mk t\u00eb kryej\u00eb analiza rrjeti, pra t\u00eb analizoj\u00eb p\u00ebrdorimin e faqes son\u00eb dhe t\u00eb mat\u00eb vizitueshm\u00ebrin\u00eb. K\u00ebt\u00eb e zbaton slavej.mk p\u00ebr t\u00eb p\u00ebrmir\u00ebsuar cil\u00ebsin\u00eb dhe p\u00ebrmbajtjen e sh\u00ebrbimeve t\u00eb ofruara.<\/li>\n<li><strong>Biskotat e marketingut<\/strong> p\u00ebrdoren p\u00ebr t\u00eb gjurmuar vizitor\u00ebt n\u00ebp\u00ebr faqet e internetit. k\u00ebto p\u00ebrdoren p\u00ebr t&#8217;u shfaqur p\u00ebrdoruesve reklama t\u00eb r\u00ebnd\u00ebsishme dhe p\u00ebr t&#8217;i inkurajuar t\u00eb marrin pjes\u00eb, di\u00e7ka q\u00eb \u00ebsht\u00eb e r\u00ebnd\u00ebsishme p\u00ebr botuesit dhe reklamuesit e pal\u00ebve t\u00eb treta. slavej.mk p\u00ebrdor biskotat e Google Analytics p\u00ebr reklamat\/audiencat dhe mbledh biskotat e Facebook.<\/li>\n<\/ul>\n<p>Ne p\u00ebrdorim biskota t\u00eb p\u00ebrhershme (cookies) t\u00eb cilat e mbajn\u00eb mend k\u00ebrkimin\/sesionin kur p\u00ebrdoruesi mbyll shfletuesin, p\u00ebr t\u00eb ruajtur gjendja e p\u00ebrdoruesit.<\/p>\n<p><strong>A mund t\u00eb fshini ose t\u00eb kontrolloni biskotat (cookies)?<\/strong><\/p>\n<p>Informacionet q\u00eb kan\u00eb t\u00eb b\u00ebjn\u00eb me biskotat (cookies) nuk p\u00ebrdoren p\u00ebr identifikimin tuaj. Pranimi i k\u00ebtyre biskotave nuk \u00ebsht\u00eb i patjet\u00ebrsuesh\u00ebm q\u00eb faqja e internetit t\u00eb funksionoj\u00eb, por k\u00ebto mund t&#8217;ju ofrojn\u00eb nj\u00eb p\u00ebrvoj\u00eb m\u00eb t\u00eb mir\u00eb shfletimi. N\u00ebse d\u00ebshironi, mund t&#8217;i fshini ose bllokoni k\u00ebto biskota, por n\u00ebse e b\u00ebni k\u00ebt\u00eb, disa ve\u00e7ori t\u00eb k\u00ebsaj faqeje interneti mund t\u00eb mos funksionojn\u00eb si\u00e7 duhet.<\/p>\n<p>Mund t\u2019i fshini t\u00eb gjitha biskotat q\u00eb ndodhen tashm\u00eb n\u00eb kompjuterin e juaj dhe mund t\u00eb konfiguroni shumic\u00ebn e shfletuesve q\u00eb t\u2019i pengoni. N\u00ebse e b\u00ebni k\u00ebt\u00eb, mund t\u2019ju \u200b\u200bduhet t\u00eb rregulloni manualisht parap\u00eblqimet e juaja sa her\u00eb q\u00eb vizitoni nj\u00eb faqe interneti dhe disa sh\u00ebrbime dhe funksione mund t\u00eb mos punojn\u00eb.<\/p>\n<p>&nbsp;<\/p>\n<div style=\"all: initial !important;\"><\/div>\n<div style=\"all: initial !important;\"><\/div>\n<div style=\"all: initial !important;\"><\/div>\n<div style=\"all: initial !important;\"><\/div>\n","protected":false},"excerpt":{"rendered":"<p>\u00c7far\u00eb jan\u00eb biskotat (cookies)? Biskotat (cookies) jan\u00eb skedar\u00eb t\u00eb vegj\u00ebl teksti q\u00eb vendosen n\u00eb kompjuterin ose telefonin e juaj celular nga faqet e internetit q\u00eb vizitoni. K\u00ebto skedar\u00eb teksti mund t\u00eb lexohen nga faqet e internetit q\u00eb vizitoni dhe ndihmojn\u00eb n\u00eb identifikimin e juaj kur e vizitoni p\u00ebrs\u00ebri at\u00eb faqe e internetit. K\u00ebto skedar\u00eb teksti [&hellip;]<\/p>\n","protected":false},"author":188,"featured_media":0,"parent":0,"menu_order":0,"comment_status":"closed","ping_status":"closed","template":"templates\/generic.php","meta":{"footnotes":""},"class_list":["post-25116","page","type-page","status-publish","hentry"],"yoast_head":"<!-- This site is optimized with the Yoast SEO plugin v26.3 - https:\/\/yoast.com\/wordpress\/plugins\/seo\/ -->\n<title>Politika e p\u00ebrdorimit t\u00eb biskotave - Slavej<\/title>\n<meta name=\"robots\" content=\"index, follow, max-snippet:-1, max-image-preview:large, max-video-preview:-1\" \/>\n<link rel=\"canonical\" href=\"https:\/\/slavej.mk\/sq\/politika-za-koristene-na-kolacina\/\" \/>\n<meta property=\"og:locale\" content=\"sq_AL\" \/>\n<meta property=\"og:type\" content=\"article\" \/>\n<meta property=\"og:title\" content=\"Politika e p\u00ebrdorimit t\u00eb biskotave - Slavej\" \/>\n<meta property=\"og:description\" content=\"\u00c7far\u00eb jan\u00eb biskotat (cookies)? Biskotat (cookies) jan\u00eb skedar\u00eb t\u00eb vegj\u00ebl teksti q\u00eb vendosen n\u00eb kompjuterin ose telefonin e juaj celular nga faqet e internetit q\u00eb vizitoni. K\u00ebto skedar\u00eb teksti mund t\u00eb lexohen nga faqet e internetit q\u00eb vizitoni dhe ndihmojn\u00eb n\u00eb identifikimin e juaj kur e vizitoni p\u00ebrs\u00ebri at\u00eb faqe e internetit. K\u00ebto skedar\u00eb teksti [&hellip;]\" \/>\n<meta property=\"og:url\" content=\"https:\/\/slavej.mk\/sq\/politika-za-koristene-na-kolacina\/\" \/>\n<meta property=\"og:site_name\" content=\"Slavej\" \/>\n<meta property=\"article:modified_time\" content=\"2025-11-11T10:57:22+00:00\" \/>\n<meta name=\"twitter:card\" content=\"summary_large_image\" \/>\n<meta name=\"twitter:label1\" content=\"Est. reading time\" \/>\n\t<meta name=\"twitter:data1\" content=\"4 minutes\" \/>\n<script type=\"application\/ld+json\" class=\"yoast-schema-graph\">{\"@context\":\"https:\/\/schema.org\",\"@graph\":[{\"@type\":\"WebPage\",\"@id\":\"https:\/\/slavej.mk\/sq\/politika-za-koristene-na-kolacina\/\",\"url\":\"https:\/\/slavej.mk\/sq\/politika-za-koristene-na-kolacina\/\",\"name\":\"Politika e p\u00ebrdorimit t\u00eb biskotave - Slavej\",\"isPartOf\":{\"@id\":\"https:\/\/slavej.mk\/sq\/#website\"},\"datePublished\":\"2025-11-11T10:55:31+00:00\",\"dateModified\":\"2025-11-11T10:57:22+00:00\",\"breadcrumb\":{\"@id\":\"https:\/\/slavej.mk\/sq\/politika-za-koristene-na-kolacina\/#breadcrumb\"},\"inLanguage\":\"sq-AL\",\"potentialAction\":[{\"@type\":\"ReadAction\",\"target\":[\"https:\/\/slavej.mk\/sq\/politika-za-koristene-na-kolacina\/\"]}]},{\"@type\":\"BreadcrumbList\",\"@id\":\"https:\/\/slavej.mk\/sq\/politika-za-koristene-na-kolacina\/#breadcrumb\",\"itemListElement\":[{\"@type\":\"ListItem\",\"position\":1,\"name\":\"Home\",\"item\":\"https:\/\/slavej.mk\/sq\/pochetna\/\"},{\"@type\":\"ListItem\",\"position\":2,\"name\":\"Politika e p\u00ebrdorimit t\u00eb biskotave\"}]},{\"@type\":\"WebSite\",\"@id\":\"https:\/\/slavej.mk\/sq\/#website\",\"url\":\"https:\/\/slavej.mk\/sq\/\",\"name\":\"Slavej\",\"description\":\"\",\"publisher\":{\"@id\":\"https:\/\/slavej.mk\/sq\/#organization\"},\"potentialAction\":[{\"@type\":\"SearchAction\",\"target\":{\"@type\":\"EntryPoint\",\"urlTemplate\":\"https:\/\/slavej.mk\/sq\/?s={search_term_string}\"},\"query-input\":{\"@type\":\"PropertyValueSpecification\",\"valueRequired\":true,\"valueName\":\"search_term_string\"}}],\"inLanguage\":\"sq-AL\"},{\"@type\":\"Organization\",\"@id\":\"https:\/\/slavej.mk\/sq\/#organization\",\"name\":\"Slavej\",\"url\":\"https:\/\/slavej.mk\/sq\/\",\"logo\":{\"@type\":\"ImageObject\",\"inLanguage\":\"sq-AL\",\"@id\":\"https:\/\/slavej.mk\/sq\/#\/schema\/logo\/image\/\",\"url\":\"\",\"contentUrl\":\"\",\"caption\":\"Slavej\"},\"image\":{\"@id\":\"https:\/\/slavej.mk\/sq\/#\/schema\/logo\/image\/\"}}]}<\/script>\n<!-- \/ Yoast SEO plugin. -->","yoast_head_json":{"title":"Politika e p\u00ebrdorimit t\u00eb biskotave - Slavej","robots":{"index":"index","follow":"follow","max-snippet":"max-snippet:-1","max-image-preview":"max-image-preview:large","max-video-preview":"max-video-preview:-1"},"canonical":"https:\/\/slavej.mk\/sq\/politika-za-koristene-na-kolacina\/","og_locale":"sq_AL","og_type":"article","og_title":"Politika e p\u00ebrdorimit t\u00eb biskotave - Slavej","og_description":"\u00c7far\u00eb jan\u00eb biskotat (cookies)? Biskotat (cookies) jan\u00eb skedar\u00eb t\u00eb vegj\u00ebl teksti q\u00eb vendosen n\u00eb kompjuterin ose telefonin e juaj celular nga faqet e internetit q\u00eb vizitoni. K\u00ebto skedar\u00eb teksti mund t\u00eb lexohen nga faqet e internetit q\u00eb vizitoni dhe ndihmojn\u00eb n\u00eb identifikimin e juaj kur e vizitoni p\u00ebrs\u00ebri at\u00eb faqe e internetit. K\u00ebto skedar\u00eb teksti [&hellip;]","og_url":"https:\/\/slavej.mk\/sq\/politika-za-koristene-na-kolacina\/","og_site_name":"Slavej","article_modified_time":"2025-11-11T10:57:22+00:00","twitter_card":"summary_large_image","twitter_misc":{"Est. reading time":"4 minutes"},"schema":{"@context":"https:\/\/schema.org","@graph":[{"@type":"WebPage","@id":"https:\/\/slavej.mk\/sq\/politika-za-koristene-na-kolacina\/","url":"https:\/\/slavej.mk\/sq\/politika-za-koristene-na-kolacina\/","name":"Politika e p\u00ebrdorimit t\u00eb biskotave - Slavej","isPartOf":{"@id":"https:\/\/slavej.mk\/sq\/#website"},"datePublished":"2025-11-11T10:55:31+00:00","dateModified":"2025-11-11T10:57:22+00:00","breadcrumb":{"@id":"https:\/\/slavej.mk\/sq\/politika-za-koristene-na-kolacina\/#breadcrumb"},"inLanguage":"sq-AL","potentialAction":[{"@type":"ReadAction","target":["https:\/\/slavej.mk\/sq\/politika-za-koristene-na-kolacina\/"]}]},{"@type":"BreadcrumbList","@id":"https:\/\/slavej.mk\/sq\/politika-za-koristene-na-kolacina\/#breadcrumb","itemListElement":[{"@type":"ListItem","position":1,"name":"Home","item":"https:\/\/slavej.mk\/sq\/pochetna\/"},{"@type":"ListItem","position":2,"name":"Politika e p\u00ebrdorimit t\u00eb biskotave"}]},{"@type":"WebSite","@id":"https:\/\/slavej.mk\/sq\/#website","url":"https:\/\/slavej.mk\/sq\/","name":"Slavej","description":"","publisher":{"@id":"https:\/\/slavej.mk\/sq\/#organization"},"potentialAction":[{"@type":"SearchAction","target":{"@type":"EntryPoint","urlTemplate":"https:\/\/slavej.mk\/sq\/?s={search_term_string}"},"query-input":{"@type":"PropertyValueSpecification","valueRequired":true,"valueName":"search_term_string"}}],"inLanguage":"sq-AL"},{"@type":"Organization","@id":"https:\/\/slavej.mk\/sq\/#organization","name":"Slavej","url":"https:\/\/slavej.mk\/sq\/","logo":{"@type":"ImageObject","inLanguage":"sq-AL","@id":"https:\/\/slavej.mk\/sq\/#\/schema\/logo\/image\/","url":"","contentUrl":"","caption":"Slavej"},"image":{"@id":"https:\/\/slavej.mk\/sq\/#\/schema\/logo\/image\/"}}]}},"_links":{"self":[{"href":"https:\/\/slavej.mk\/sq\/wp-json\/wp\/v2\/pages\/25116","targetHints":{"allow":["GET"]}}],"collection":[{"href":"https:\/\/slavej.mk\/sq\/wp-json\/wp\/v2\/pages"}],"about":[{"href":"https:\/\/slavej.mk\/sq\/wp-json\/wp\/v2\/types\/page"}],"author":[{"embeddable":true,"href":"https:\/\/slavej.mk\/sq\/wp-json\/wp\/v2\/users\/188"}],"replies":[{"embeddable":true,"href":"https:\/\/slavej.mk\/sq\/wp-json\/wp\/v2\/comments?post=25116"}],"version-history":[{"count":2,"href":"https:\/\/slavej.mk\/sq\/wp-json\/wp\/v2\/pages\/25116\/revisions"}],"predecessor-version":[{"id":25118,"href":"https:\/\/slavej.mk\/sq\/wp-json\/wp\/v2\/pages\/25116\/revisions\/25118"}],"wp:attachment":[{"href":"https:\/\/slavej.mk\/sq\/wp-json\/wp\/v2\/media?parent=25116"}],"curies":[{"name":"wp","href":"https:\/\/api.w.org\/{rel}","templated":true}]}}