{"id":25109,"date":"2025-11-11T11:49:05","date_gmt":"2025-11-11T10:49:05","guid":{"rendered":"https:\/\/slavej.mk\/25099-2\/"},"modified":"2025-11-11T11:54:21","modified_gmt":"2025-11-11T10:54:21","slug":"25099-2","status":"publish","type":"page","link":"https:\/\/slavej.mk\/sq\/25099-2\/","title":{"rendered":"Pagesa"},"content":{"rendered":"<p>T\u00eb gjitha \u00e7mimet e shpallura n\u00eb faqen e Sllavej ShA Shkup p\u00ebrfshijn\u00eb edhe TVSh.<\/p>\n<p>Ka dy mund\u00ebsi p\u00ebr t\u00eb bler\u00eb n\u00ebp\u00ebrmjet faqes s\u00eb internetit: me kartel\u00eb pagese ose pages\u00eb me para n\u00eb dor\u00eb pas pranimit t\u00eb produktit<\/p>\n<p><strong>Pagesa pas pranimit t\u00eb d\u00ebrges\u00ebs<\/strong><strong>:<\/strong><br \/>\nI paguhet korrierit, menj\u00ebher\u00eb pas pranimit t\u00eb porosis\u00eb suaj, vet\u00ebm me para n\u00eb dor\u00eb.<\/p>\n<p>N\u00ebse duhet t\u00eb kthehen parat\u00eb p\u00ebr produkte t\u00eb cilat jan\u00eb porositur p\u00ebr tu paguar me para n\u00eb dor\u00eb, pas pranimit t\u00eb d\u00ebrges\u00ebs, kthimi i parave b\u00ebhet vet\u00ebm n\u00ebp\u00ebrmjet llogaris\u00eb s\u00eb transaksionit t\u00eb p\u00ebrdoruesit.<\/p>\n<p><strong>Pagesa me kartel\u00eb pagese:<\/strong><\/p>\n<p>Mund t\u00eb paguani me kartel\u00eb pagese Visa, Visa Electron, MasterVard, Maestro ose Diners. Banka q\u00eb jep kartel\u00ebn duhet patjet\u00ebr t\u00eb ket\u00eb miratuar pagesat <em>online.<\/em><\/p>\n<p>Gjat\u00eb procedimit t\u00eb blerjes <em>online, <\/em>pas zgjedhjes s\u00eb m\u00ebnyr\u00ebs s\u00eb pages\u00ebs, do t\u00eb shfaqet faqja CPAY e cila \u00ebsht\u00eb e sigurt dhe e mbrojtur p\u00ebr pagesa t\u00eb k\u00ebtilla. T\u00eb dh\u00ebnat e kartel\u00ebs suaj nuk jan\u00eb n\u00eb asnj\u00eb \u00e7ast n\u00eb dispozicion n\u00eb sistemin ton\u00eb.<\/p>\n<p><img loading=\"lazy\" decoding=\"async\" class=\"alignnone wp-image-25104\" src=\"https:\/\/slavej.mk\/wp-content\/uploads\/2025\/11\/picture1-300x168.png\" alt=\"\" width=\"437\" height=\"245\" srcset=\"https:\/\/slavej.mk\/wp-content\/uploads\/2025\/11\/picture1-300x168.png 300w, https:\/\/slavej.mk\/wp-content\/uploads\/2025\/11\/picture1.png 544w\" sizes=\"auto, (max-width: 437px) 100vw, 437px\" \/><\/p>\n<p>N\u00eb k\u00ebt\u00eb faqe duhet t\u00eb sh\u00ebnoni k\u00ebto t\u00eb dh\u00ebna:<\/p>\n<p>&#8211;\u00a0\u00a0\u00a0 Numrin e kartel\u00ebs s\u00eb pagesave<\/p>\n<p>&#8211;\u00a0\u00a0\u00a0 Emrin dhe mbiemrin e zot\u00ebruesit t\u00eb kartel\u00ebs<\/p>\n<p>&#8211;\u00a0\u00a0\u00a0 Dat\u00ebn e vlefshm\u00ebris\u00eb s\u00eb kartel\u00ebs<\/p>\n<p>&#8211;\u00a0\u00a0\u00a0 Kodin CVV2\/CVC2 n\u00eb an\u00ebn tjet\u00ebr t\u00eb kartel\u00ebs<\/p>\n<p><img loading=\"lazy\" decoding=\"async\" class=\"alignnone wp-image-25106\" src=\"https:\/\/slavej.mk\/wp-content\/uploads\/2025\/11\/picture2-300x160.jpg\" alt=\"\" width=\"461\" height=\"246\" srcset=\"https:\/\/slavej.mk\/wp-content\/uploads\/2025\/11\/picture2-300x160.jpg 300w, https:\/\/slavej.mk\/wp-content\/uploads\/2025\/11\/picture2.jpg 435w\" sizes=\"auto, (max-width: 461px) 100vw, 461px\" \/><\/p>\n<p>T\u00eb dh\u00ebnat q\u00eb sh\u00ebnohen p\u00ebrdoren sidomos vet\u00ebm p\u00ebr komunikim nd\u00ebrmjet p\u00ebrdoruesit t\u00eb kartel\u00ebs dhe Bank\u00ebs Komerciale\/CPAY, nd\u00ebrsa tregtari <em>online <\/em>nuk ka asnj\u00eb k\u00ebqyrje ose qasje n\u00eb t\u00eb dh\u00ebnat q\u00eb sh\u00ebnohen.<\/p>\n<p>Sllavej ShA Shkup ua mund\u00ebson klient\u00ebve t\u00eb vet mund\u00ebsin\u00eb Card on File, pra klient\u00ebt kan\u00eb mund\u00ebsi t\u00eb ruajn\u00eb t\u00eb dh\u00ebnat e kartelave t\u00eb pagesave p\u00ebr blerjet e ardhshme. Me k\u00ebt\u00eb rast, Sllavej ShA Shkup nuk i ruan, e as q\u00eb i p\u00ebrpunon t\u00eb dh\u00ebnat e kartel\u00ebs. Numri i kartel\u00ebs fshihet duke l\u00ebn\u00eb t\u00eb duksh\u00ebm vet\u00ebm shifr\u00ebn e par\u00eb dhe kat\u00ebr t\u00eb fundit. T\u00eb gjitha transaksionet e zbatuara me kartela pagese realizohen n\u00ebp\u00ebrmjet cPay, q\u00eb mund\u00ebsohet nga CaSys. N\u00ebse klienti, pas ruajtjes s\u00eb t\u00eb dh\u00ebnave, d\u00ebshiron q\u00eb t\u2019i fshij\u00eb, mund q\u00eb ta b\u00ebj\u00eb k\u00ebt\u00eb nga profili i vet.<\/p>\n<p><strong>V\u00ebrejtje: N\u00eb rast t\u00eb heqjes dor\u00eb nga porosia, mjetet e juaja do t\u2019ju kthehen brenda 15 deri 30 dit\u00ebve.<\/strong><\/p>\n<p>**V\u00ebrejtje p\u00ebr p\u00ebrdoruesit e kartelave <strong>Diners Club<\/strong>. P\u00ebr \u00e7do pyetje p\u00ebr leht\u00ebsime, paraqituni n\u00eb numrin e telefonit 15 155.<\/p>\n<p>&nbsp;<\/p>\n<div style=\"all: initial !important;\"><\/div>\n","protected":false},"excerpt":{"rendered":"<p>T\u00eb gjitha \u00e7mimet e shpallura n\u00eb faqen e Sllavej ShA Shkup p\u00ebrfshijn\u00eb edhe TVSh. Ka dy mund\u00ebsi p\u00ebr t\u00eb bler\u00eb n\u00ebp\u00ebrmjet faqes s\u00eb internetit: me kartel\u00eb pagese ose pages\u00eb me para n\u00eb dor\u00eb pas pranimit t\u00eb produktit Pagesa pas pranimit t\u00eb d\u00ebrges\u00ebs: I paguhet korrierit, menj\u00ebher\u00eb pas pranimit t\u00eb porosis\u00eb suaj, vet\u00ebm me para n\u00eb [&hellip;]<\/p>\n","protected":false},"author":188,"featured_media":0,"parent":0,"menu_order":0,"comment_status":"closed","ping_status":"closed","template":"templates\/generic.php","meta":{"footnotes":""},"class_list":["post-25109","page","type-page","status-publish","hentry"],"yoast_head":"<!-- This site is optimized with the Yoast SEO plugin v26.3 - https:\/\/yoast.com\/wordpress\/plugins\/seo\/ -->\n<title>Pagesa - Slavej<\/title>\n<meta name=\"robots\" content=\"index, follow, max-snippet:-1, max-image-preview:large, max-video-preview:-1\" \/>\n<link rel=\"canonical\" href=\"https:\/\/slavej.mk\/sq\/25099-2\/\" \/>\n<meta property=\"og:locale\" content=\"sq_AL\" \/>\n<meta property=\"og:type\" content=\"article\" \/>\n<meta property=\"og:title\" content=\"Pagesa - Slavej\" \/>\n<meta property=\"og:description\" content=\"T\u00eb gjitha \u00e7mimet e shpallura n\u00eb faqen e Sllavej ShA Shkup p\u00ebrfshijn\u00eb edhe TVSh. Ka dy mund\u00ebsi p\u00ebr t\u00eb bler\u00eb n\u00ebp\u00ebrmjet faqes s\u00eb internetit: me kartel\u00eb pagese ose pages\u00eb me para n\u00eb dor\u00eb pas pranimit t\u00eb produktit Pagesa pas pranimit t\u00eb d\u00ebrges\u00ebs: I paguhet korrierit, menj\u00ebher\u00eb pas pranimit t\u00eb porosis\u00eb suaj, vet\u00ebm me para n\u00eb [&hellip;]\" \/>\n<meta property=\"og:url\" content=\"https:\/\/slavej.mk\/sq\/25099-2\/\" \/>\n<meta property=\"og:site_name\" content=\"Slavej\" \/>\n<meta property=\"article:modified_time\" content=\"2025-11-11T10:54:21+00:00\" \/>\n<meta property=\"og:image\" content=\"https:\/\/slavej.mk\/wp-content\/uploads\/2025\/11\/picture1-300x168.png\" \/>\n<meta name=\"twitter:card\" content=\"summary_large_image\" \/>\n<meta name=\"twitter:label1\" content=\"Est. reading time\" \/>\n\t<meta name=\"twitter:data1\" content=\"3 minutes\" \/>\n<script type=\"application\/ld+json\" class=\"yoast-schema-graph\">{\"@context\":\"https:\/\/schema.org\",\"@graph\":[{\"@type\":\"WebPage\",\"@id\":\"https:\/\/slavej.mk\/sq\/25099-2\/\",\"url\":\"https:\/\/slavej.mk\/sq\/25099-2\/\",\"name\":\"Pagesa - Slavej\",\"isPartOf\":{\"@id\":\"https:\/\/slavej.mk\/sq\/#website\"},\"primaryImageOfPage\":{\"@id\":\"https:\/\/slavej.mk\/sq\/25099-2\/#primaryimage\"},\"image\":{\"@id\":\"https:\/\/slavej.mk\/sq\/25099-2\/#primaryimage\"},\"thumbnailUrl\":\"https:\/\/slavej.mk\/wp-content\/uploads\/2025\/11\/picture1-300x168.png\",\"datePublished\":\"2025-11-11T10:49:05+00:00\",\"dateModified\":\"2025-11-11T10:54:21+00:00\",\"breadcrumb\":{\"@id\":\"https:\/\/slavej.mk\/sq\/25099-2\/#breadcrumb\"},\"inLanguage\":\"sq-AL\",\"potentialAction\":[{\"@type\":\"ReadAction\",\"target\":[\"https:\/\/slavej.mk\/sq\/25099-2\/\"]}]},{\"@type\":\"ImageObject\",\"inLanguage\":\"sq-AL\",\"@id\":\"https:\/\/slavej.mk\/sq\/25099-2\/#primaryimage\",\"url\":\"https:\/\/slavej.mk\/wp-content\/uploads\/2025\/11\/picture1-300x168.png\",\"contentUrl\":\"https:\/\/slavej.mk\/wp-content\/uploads\/2025\/11\/picture1-300x168.png\"},{\"@type\":\"BreadcrumbList\",\"@id\":\"https:\/\/slavej.mk\/sq\/25099-2\/#breadcrumb\",\"itemListElement\":[{\"@type\":\"ListItem\",\"position\":1,\"name\":\"Home\",\"item\":\"https:\/\/slavej.mk\/sq\/pochetna\/\"},{\"@type\":\"ListItem\",\"position\":2,\"name\":\"Pagesa\"}]},{\"@type\":\"WebSite\",\"@id\":\"https:\/\/slavej.mk\/sq\/#website\",\"url\":\"https:\/\/slavej.mk\/sq\/\",\"name\":\"Slavej\",\"description\":\"\",\"publisher\":{\"@id\":\"https:\/\/slavej.mk\/sq\/#organization\"},\"potentialAction\":[{\"@type\":\"SearchAction\",\"target\":{\"@type\":\"EntryPoint\",\"urlTemplate\":\"https:\/\/slavej.mk\/sq\/?s={search_term_string}\"},\"query-input\":{\"@type\":\"PropertyValueSpecification\",\"valueRequired\":true,\"valueName\":\"search_term_string\"}}],\"inLanguage\":\"sq-AL\"},{\"@type\":\"Organization\",\"@id\":\"https:\/\/slavej.mk\/sq\/#organization\",\"name\":\"Slavej\",\"url\":\"https:\/\/slavej.mk\/sq\/\",\"logo\":{\"@type\":\"ImageObject\",\"inLanguage\":\"sq-AL\",\"@id\":\"https:\/\/slavej.mk\/sq\/#\/schema\/logo\/image\/\",\"url\":\"\",\"contentUrl\":\"\",\"caption\":\"Slavej\"},\"image\":{\"@id\":\"https:\/\/slavej.mk\/sq\/#\/schema\/logo\/image\/\"}}]}<\/script>\n<!-- \/ Yoast SEO plugin. -->","yoast_head_json":{"title":"Pagesa - Slavej","robots":{"index":"index","follow":"follow","max-snippet":"max-snippet:-1","max-image-preview":"max-image-preview:large","max-video-preview":"max-video-preview:-1"},"canonical":"https:\/\/slavej.mk\/sq\/25099-2\/","og_locale":"sq_AL","og_type":"article","og_title":"Pagesa - Slavej","og_description":"T\u00eb gjitha \u00e7mimet e shpallura n\u00eb faqen e Sllavej ShA Shkup p\u00ebrfshijn\u00eb edhe TVSh. Ka dy mund\u00ebsi p\u00ebr t\u00eb bler\u00eb n\u00ebp\u00ebrmjet faqes s\u00eb internetit: me kartel\u00eb pagese ose pages\u00eb me para n\u00eb dor\u00eb pas pranimit t\u00eb produktit Pagesa pas pranimit t\u00eb d\u00ebrges\u00ebs: I paguhet korrierit, menj\u00ebher\u00eb pas pranimit t\u00eb porosis\u00eb suaj, vet\u00ebm me para n\u00eb [&hellip;]","og_url":"https:\/\/slavej.mk\/sq\/25099-2\/","og_site_name":"Slavej","article_modified_time":"2025-11-11T10:54:21+00:00","og_image":[{"url":"https:\/\/slavej.mk\/wp-content\/uploads\/2025\/11\/picture1-300x168.png","type":"","width":"","height":""}],"twitter_card":"summary_large_image","twitter_misc":{"Est. reading time":"3 minutes"},"schema":{"@context":"https:\/\/schema.org","@graph":[{"@type":"WebPage","@id":"https:\/\/slavej.mk\/sq\/25099-2\/","url":"https:\/\/slavej.mk\/sq\/25099-2\/","name":"Pagesa - Slavej","isPartOf":{"@id":"https:\/\/slavej.mk\/sq\/#website"},"primaryImageOfPage":{"@id":"https:\/\/slavej.mk\/sq\/25099-2\/#primaryimage"},"image":{"@id":"https:\/\/slavej.mk\/sq\/25099-2\/#primaryimage"},"thumbnailUrl":"https:\/\/slavej.mk\/wp-content\/uploads\/2025\/11\/picture1-300x168.png","datePublished":"2025-11-11T10:49:05+00:00","dateModified":"2025-11-11T10:54:21+00:00","breadcrumb":{"@id":"https:\/\/slavej.mk\/sq\/25099-2\/#breadcrumb"},"inLanguage":"sq-AL","potentialAction":[{"@type":"ReadAction","target":["https:\/\/slavej.mk\/sq\/25099-2\/"]}]},{"@type":"ImageObject","inLanguage":"sq-AL","@id":"https:\/\/slavej.mk\/sq\/25099-2\/#primaryimage","url":"https:\/\/slavej.mk\/wp-content\/uploads\/2025\/11\/picture1-300x168.png","contentUrl":"https:\/\/slavej.mk\/wp-content\/uploads\/2025\/11\/picture1-300x168.png"},{"@type":"BreadcrumbList","@id":"https:\/\/slavej.mk\/sq\/25099-2\/#breadcrumb","itemListElement":[{"@type":"ListItem","position":1,"name":"Home","item":"https:\/\/slavej.mk\/sq\/pochetna\/"},{"@type":"ListItem","position":2,"name":"Pagesa"}]},{"@type":"WebSite","@id":"https:\/\/slavej.mk\/sq\/#website","url":"https:\/\/slavej.mk\/sq\/","name":"Slavej","description":"","publisher":{"@id":"https:\/\/slavej.mk\/sq\/#organization"},"potentialAction":[{"@type":"SearchAction","target":{"@type":"EntryPoint","urlTemplate":"https:\/\/slavej.mk\/sq\/?s={search_term_string}"},"query-input":{"@type":"PropertyValueSpecification","valueRequired":true,"valueName":"search_term_string"}}],"inLanguage":"sq-AL"},{"@type":"Organization","@id":"https:\/\/slavej.mk\/sq\/#organization","name":"Slavej","url":"https:\/\/slavej.mk\/sq\/","logo":{"@type":"ImageObject","inLanguage":"sq-AL","@id":"https:\/\/slavej.mk\/sq\/#\/schema\/logo\/image\/","url":"","contentUrl":"","caption":"Slavej"},"image":{"@id":"https:\/\/slavej.mk\/sq\/#\/schema\/logo\/image\/"}}]}},"_links":{"self":[{"href":"https:\/\/slavej.mk\/sq\/wp-json\/wp\/v2\/pages\/25109","targetHints":{"allow":["GET"]}}],"collection":[{"href":"https:\/\/slavej.mk\/sq\/wp-json\/wp\/v2\/pages"}],"about":[{"href":"https:\/\/slavej.mk\/sq\/wp-json\/wp\/v2\/types\/page"}],"author":[{"embeddable":true,"href":"https:\/\/slavej.mk\/sq\/wp-json\/wp\/v2\/users\/188"}],"replies":[{"embeddable":true,"href":"https:\/\/slavej.mk\/sq\/wp-json\/wp\/v2\/comments?post=25109"}],"version-history":[{"count":2,"href":"https:\/\/slavej.mk\/sq\/wp-json\/wp\/v2\/pages\/25109\/revisions"}],"predecessor-version":[{"id":25111,"href":"https:\/\/slavej.mk\/sq\/wp-json\/wp\/v2\/pages\/25109\/revisions\/25111"}],"wp:attachment":[{"href":"https:\/\/slavej.mk\/sq\/wp-json\/wp\/v2\/media?parent=25109"}],"curies":[{"name":"wp","href":"https:\/\/api.w.org\/{rel}","templated":true}]}}