{"id":25097,"date":"2025-11-11T11:46:44","date_gmt":"2025-11-11T10:46:44","guid":{"rendered":"https:\/\/slavej.mk\/zamena-i-refundacija-na-proizvodi\/"},"modified":"2025-11-14T09:53:09","modified_gmt":"2025-11-14T08:53:09","slug":"zamena-i-refundacija-na-proizvodi","status":"publish","type":"page","link":"https:\/\/slavej.mk\/sq\/zamena-i-refundacija-na-proizvodi\/","title":{"rendered":"Nd\u00ebrrimi dhe kthimi i parave t\u00eb produktit"},"content":{"rendered":"<p><strong>PROCEDURA E ND\u00cbRRIMIT\/KTHIMIT T\u00cb PARAVE T\u00cb PRODUKTIT<\/strong><\/p>\n<p>N\u00ebse pas pranimit t\u00eb produktit t\u00eb porositur d\u00ebshironi ta nd\u00ebrroni me nj\u00eb madh\u00ebsi tjet\u00ebr ose nj\u00eb produkt tjet\u00ebr p\u00ebr t\u00eb nj\u00ebjtin ose p\u00ebr \u00e7mim m\u00eb t\u00eb lart\u00eb ose megjithat\u00eb keni vendosur ta ktheni produktin dhe t\u2019ju kthehen parat\u00eb, ju lutemi na kontaktoni n\u00eb 075 385 221 ose na d\u00ebrgoni nj\u00eb porosi n\u00eb <a href=\"mailto:online@slavej.mk\">online@slavej.mk<\/a> p\u00ebr nd\u00ebrrim produkti. Ju lutemi t\u00eb na kontaktoni me informacionin e nevojsh\u00ebm, p.sh. numrin e fatur\u00ebs, kodin dhe madh\u00ebsin\u00eb e produktit q\u00eb d\u00ebshironi ta nd\u00ebrroni, si dhe kodin dhe madh\u00ebsin\u00eb e produktit me t\u00eb cilin d\u00ebshironi t\u00eb nd\u00ebrroni produktin e m\u00ebparsh\u00ebm. P\u00ebr m\u00eb tep\u00ebr, p\u00ebr kthimin e parave, p\u00ebrve\u00e7 numrit t\u00eb fatur\u00ebs dhe kodit t\u00eb produktit q\u00eb do t\u00eb kthehet, duhet t\u00eb na jepni edhe llogarin\u00eb tuaj t\u00eb transaksionit n\u00eb m\u00ebnyr\u00eb q\u00eb t\u00eb p\u00ebrfundoj\u00eb me sukses kthimi i parave.<\/p>\n<p><strong>*V\u00ebrejtje:<\/strong> Kthimi i pages\u00ebs s\u00eb porosis\u00eb b\u00ebhet brenda 15 deri 30 dit\u00ebsh pune pas kthimit t\u00eb produktit n\u00eb dyqanin ton\u00eb.<\/p>\n<p>Nd\u00ebrrimi dhe kthimi i parave b\u00ebhet vet\u00ebm <em>online, <\/em>pra nuk b\u00ebhet nd\u00ebrrim fizik ose kthim parash n\u00eb dyqanet tona. Produktet nd\u00ebrrohen ose kthehen parat\u00eb vet\u00ebm sipas kushteve t\u00eb p\u00ebrcaktuara me Ligjin e Mbrojtjes s\u00eb Konsumator\u00ebve.<\/p>\n<p>Produkti q\u00eb d\u00ebshironi ta kthemi duhet t\u00eb mos jet\u00eb i d\u00ebmtuar, i lar\u00eb, i veshur dhe t\u00eb jet\u00eb n\u00eb paketimin origjinal, me etiket\u00ebn, deklaracionin, kutin\u00eb dhe fatur\u00ebn.<\/p>\n<p>Pas pranimit t\u00eb k\u00ebrkes\u00ebs p\u00ebr nd\u00ebrrimin ose kthimin e parave, p\u00ebrgjegj\u00ebsit n\u00eb nj\u00ebsin\u00eb e porosive <em>online<\/em> n\u00eb Sllavej Sha Shkup njoftojn\u00eb sh\u00ebrbimin e korrierit q\u00eb t\u00eb t\u00ebrheqin nga adresa juaj produktin q\u00eb d\u00ebshironi ta nd\u00ebrroni dhe ta kthejn\u00eb n\u00eb dyqanin ton\u00eb. Para se t&#8217;i dor\u00ebzohen korrierit, produktet duhet t\u00eb paketohen sipas udh\u00ebzimeve t\u00eb punonj\u00ebsit t\u00eb Sllavejit, n\u00eb t\u00eb kund\u00ebrt, afati i nd\u00ebrrimit ose i kthimit t\u00eb parave mund t\u00eb zgjatet. N\u00eb disa raste madje produktet mund t\u00eb humbasin.<\/p>\n<p>Kur produkti t\u00eb mb\u00ebrrij\u00eb n\u00eb dyqan, ju vjen njoftimi n\u00eb post\u00ebn tuaj elektronike p\u00ebr kthimin dhe v\u00ebrtetohet n\u00ebse produkti \u00ebsht\u00eb gjendjen e rregullt e i pad\u00ebmtuar. N\u00ebse v\u00ebrtetohet se produkti \u00ebsht\u00eb i d\u00ebmtuar me faj t\u00eb bler\u00ebsit ose nuk \u00ebsht\u00eb kthyer n\u00eb paketimin origjinal, do t\u00eb refuzohet nd\u00ebrrimi ose kthimi i parave dhe produkti do t\u2019i kthehet bler\u00ebsit me shpenzimet e veta. N\u00eb t\u00eb kund\u00ebrt, n\u00ebse produkti \u00ebsht\u00eb n\u00eb gjendje t\u00eb rregullt dhe n\u00eb paketimin origjinal, do t\u00eb aktivizohet nd\u00ebrrimi i porosis\u00eb ose do t\u00eb kthehen parat\u00eb.<\/p>\n<p><strong>*V\u00ebrejtje<\/strong>: P\u00ebr shkaqe higjiene, k\u00ebto produkte nuk kthehen: \u00e7orapet e kompresimit dhe getat, dyshek\u00ebt e antidekubitit dhe pajisjet ndihm\u00ebse p\u00ebr tualet.<\/p>\n<p>Nd\u00ebrrimi mund t\u00eb kryhet brenda 15 dit\u00ebsh pas pranimit t\u00eb produktit, kurse kthimi i parave mund t\u00eb kryhet brenda 15 deri 30 dit\u00ebsh pas pranimit t\u00eb produktit.<\/p>\n<p><strong>AFATI I ND\u00cbRRIMIT DHE I KTHIMIT T\u00cb PARAVE<\/strong><\/p>\n<p>Afati i kthimit t\u00eb parave ose i nd\u00ebrrimit t\u00eb produktit \u00ebsht\u00eb 15 deri 30 dit\u00eb nga \u00e7asti kur bler\u00ebsi dor\u00ebzon k\u00ebrkes\u00ebn.<\/p>\n<p><strong>SHPENZIMET E KTHIMIT T\u00cb PRODUKTIT<\/strong><\/p>\n<p>N\u00eb rast t\u00eb kthimit t\u00eb parave\/nd\u00ebrrimit t\u00eb produktit, si pari duhet t\u00eb na kontaktoni n\u00eb k\u00ebt\u00eb num\u00ebr telefoni 075 385 221 ose t\u00eb na shkruani n\u00eb post\u00ebn elektronike <a href=\"mailto:online@slavej.mk\">online@slavej.mk<\/a>.<\/p>\n<p>Shpenzimet e kthimit do t\u00eb p\u00ebrcaktohen sipas \u00e7mimores zyrtare t\u00eb Kargo ekspres, duke u llogaritur pesha dhe v\u00ebllimi i porosis\u00eb. P\u00ebrjashtim b\u00ebn rasti kur bler\u00ebsi ka pranuar produkt t\u00eb d\u00ebmtuar ose tjet\u00ebr. N\u00eb k\u00ebt\u00eb rast vlejn\u00eb rregullat e <a href=\"https:\/\/slavej.mk\/sq\/reklamacii\/\">REKLAMIMIT<\/a> t\u00eb botuara n\u00eb faqen tone t\u00eb internetit. <strong>\u00a0<\/strong><\/p>\n<p><strong>V\u00cbREJTJE:<\/strong><\/p>\n<p>Me v\u00ebrtetimin e porosis\u00eb, duke trysur sust\u00ebn V\u00cbRTETO, pajtoheni me kushtet e nd\u00ebrrimit t\u00eb produktit, si dhe me kushtet e kthimit t\u00eb parave.<\/p>\n<div style=\"all: initial !important;\"><\/div>\n<div style=\"all: initial !important;\"><\/div>\n","protected":false},"excerpt":{"rendered":"<p>PROCEDURA E ND\u00cbRRIMIT\/KTHIMIT T\u00cb PARAVE T\u00cb PRODUKTIT N\u00ebse pas pranimit t\u00eb produktit t\u00eb porositur d\u00ebshironi ta nd\u00ebrroni me nj\u00eb madh\u00ebsi tjet\u00ebr ose nj\u00eb produkt tjet\u00ebr p\u00ebr t\u00eb nj\u00ebjtin ose p\u00ebr \u00e7mim m\u00eb t\u00eb lart\u00eb ose megjithat\u00eb keni vendosur ta ktheni produktin dhe t\u2019ju kthehen parat\u00eb, ju lutemi na kontaktoni n\u00eb 075 385 221 ose na [&hellip;]<\/p>\n","protected":false},"author":188,"featured_media":0,"parent":0,"menu_order":0,"comment_status":"closed","ping_status":"closed","template":"templates\/generic.php","meta":{"footnotes":""},"class_list":["post-25097","page","type-page","status-publish","hentry"],"yoast_head":"<!-- This site is optimized with the Yoast SEO plugin v26.3 - https:\/\/yoast.com\/wordpress\/plugins\/seo\/ -->\n<title>Nd\u00ebrrimi dhe kthimi i parave t\u00eb produktit - Slavej<\/title>\n<meta name=\"robots\" content=\"index, follow, max-snippet:-1, max-image-preview:large, max-video-preview:-1\" \/>\n<link rel=\"canonical\" href=\"https:\/\/slavej.mk\/sq\/zamena-i-refundacija-na-proizvodi\/\" \/>\n<meta property=\"og:locale\" content=\"sq_AL\" \/>\n<meta property=\"og:type\" content=\"article\" \/>\n<meta property=\"og:title\" content=\"Nd\u00ebrrimi dhe kthimi i parave t\u00eb produktit - Slavej\" \/>\n<meta property=\"og:description\" content=\"PROCEDURA E ND\u00cbRRIMIT\/KTHIMIT T\u00cb PARAVE T\u00cb PRODUKTIT N\u00ebse pas pranimit t\u00eb produktit t\u00eb porositur d\u00ebshironi ta nd\u00ebrroni me nj\u00eb madh\u00ebsi tjet\u00ebr ose nj\u00eb produkt tjet\u00ebr p\u00ebr t\u00eb nj\u00ebjtin ose p\u00ebr \u00e7mim m\u00eb t\u00eb lart\u00eb ose megjithat\u00eb keni vendosur ta ktheni produktin dhe t\u2019ju kthehen parat\u00eb, ju lutemi na kontaktoni n\u00eb 075 385 221 ose na [&hellip;]\" \/>\n<meta property=\"og:url\" content=\"https:\/\/slavej.mk\/sq\/zamena-i-refundacija-na-proizvodi\/\" \/>\n<meta property=\"og:site_name\" content=\"Slavej\" \/>\n<meta property=\"article:modified_time\" content=\"2025-11-14T08:53:09+00:00\" \/>\n<meta name=\"twitter:card\" content=\"summary_large_image\" \/>\n<meta name=\"twitter:label1\" content=\"Est. reading time\" \/>\n\t<meta name=\"twitter:data1\" content=\"4 minutes\" \/>\n<script type=\"application\/ld+json\" class=\"yoast-schema-graph\">{\"@context\":\"https:\/\/schema.org\",\"@graph\":[{\"@type\":\"WebPage\",\"@id\":\"https:\/\/slavej.mk\/sq\/zamena-i-refundacija-na-proizvodi\/\",\"url\":\"https:\/\/slavej.mk\/sq\/zamena-i-refundacija-na-proizvodi\/\",\"name\":\"Nd\u00ebrrimi dhe kthimi i parave t\u00eb produktit - Slavej\",\"isPartOf\":{\"@id\":\"https:\/\/slavej.mk\/sq\/#website\"},\"datePublished\":\"2025-11-11T10:46:44+00:00\",\"dateModified\":\"2025-11-14T08:53:09+00:00\",\"breadcrumb\":{\"@id\":\"https:\/\/slavej.mk\/sq\/zamena-i-refundacija-na-proizvodi\/#breadcrumb\"},\"inLanguage\":\"sq-AL\",\"potentialAction\":[{\"@type\":\"ReadAction\",\"target\":[\"https:\/\/slavej.mk\/sq\/zamena-i-refundacija-na-proizvodi\/\"]}]},{\"@type\":\"BreadcrumbList\",\"@id\":\"https:\/\/slavej.mk\/sq\/zamena-i-refundacija-na-proizvodi\/#breadcrumb\",\"itemListElement\":[{\"@type\":\"ListItem\",\"position\":1,\"name\":\"Home\",\"item\":\"https:\/\/slavej.mk\/sq\/pochetna\/\"},{\"@type\":\"ListItem\",\"position\":2,\"name\":\"Nd\u00ebrrimi dhe kthimi i parave t\u00eb produktit\"}]},{\"@type\":\"WebSite\",\"@id\":\"https:\/\/slavej.mk\/sq\/#website\",\"url\":\"https:\/\/slavej.mk\/sq\/\",\"name\":\"Slavej\",\"description\":\"\",\"publisher\":{\"@id\":\"https:\/\/slavej.mk\/sq\/#organization\"},\"potentialAction\":[{\"@type\":\"SearchAction\",\"target\":{\"@type\":\"EntryPoint\",\"urlTemplate\":\"https:\/\/slavej.mk\/sq\/?s={search_term_string}\"},\"query-input\":{\"@type\":\"PropertyValueSpecification\",\"valueRequired\":true,\"valueName\":\"search_term_string\"}}],\"inLanguage\":\"sq-AL\"},{\"@type\":\"Organization\",\"@id\":\"https:\/\/slavej.mk\/sq\/#organization\",\"name\":\"Slavej\",\"url\":\"https:\/\/slavej.mk\/sq\/\",\"logo\":{\"@type\":\"ImageObject\",\"inLanguage\":\"sq-AL\",\"@id\":\"https:\/\/slavej.mk\/sq\/#\/schema\/logo\/image\/\",\"url\":\"\",\"contentUrl\":\"\",\"caption\":\"Slavej\"},\"image\":{\"@id\":\"https:\/\/slavej.mk\/sq\/#\/schema\/logo\/image\/\"}}]}<\/script>\n<!-- \/ Yoast SEO plugin. -->","yoast_head_json":{"title":"Nd\u00ebrrimi dhe kthimi i parave t\u00eb produktit - Slavej","robots":{"index":"index","follow":"follow","max-snippet":"max-snippet:-1","max-image-preview":"max-image-preview:large","max-video-preview":"max-video-preview:-1"},"canonical":"https:\/\/slavej.mk\/sq\/zamena-i-refundacija-na-proizvodi\/","og_locale":"sq_AL","og_type":"article","og_title":"Nd\u00ebrrimi dhe kthimi i parave t\u00eb produktit - Slavej","og_description":"PROCEDURA E ND\u00cbRRIMIT\/KTHIMIT T\u00cb PARAVE T\u00cb PRODUKTIT N\u00ebse pas pranimit t\u00eb produktit t\u00eb porositur d\u00ebshironi ta nd\u00ebrroni me nj\u00eb madh\u00ebsi tjet\u00ebr ose nj\u00eb produkt tjet\u00ebr p\u00ebr t\u00eb nj\u00ebjtin ose p\u00ebr \u00e7mim m\u00eb t\u00eb lart\u00eb ose megjithat\u00eb keni vendosur ta ktheni produktin dhe t\u2019ju kthehen parat\u00eb, ju lutemi na kontaktoni n\u00eb 075 385 221 ose na [&hellip;]","og_url":"https:\/\/slavej.mk\/sq\/zamena-i-refundacija-na-proizvodi\/","og_site_name":"Slavej","article_modified_time":"2025-11-14T08:53:09+00:00","twitter_card":"summary_large_image","twitter_misc":{"Est. reading time":"4 minutes"},"schema":{"@context":"https:\/\/schema.org","@graph":[{"@type":"WebPage","@id":"https:\/\/slavej.mk\/sq\/zamena-i-refundacija-na-proizvodi\/","url":"https:\/\/slavej.mk\/sq\/zamena-i-refundacija-na-proizvodi\/","name":"Nd\u00ebrrimi dhe kthimi i parave t\u00eb produktit - Slavej","isPartOf":{"@id":"https:\/\/slavej.mk\/sq\/#website"},"datePublished":"2025-11-11T10:46:44+00:00","dateModified":"2025-11-14T08:53:09+00:00","breadcrumb":{"@id":"https:\/\/slavej.mk\/sq\/zamena-i-refundacija-na-proizvodi\/#breadcrumb"},"inLanguage":"sq-AL","potentialAction":[{"@type":"ReadAction","target":["https:\/\/slavej.mk\/sq\/zamena-i-refundacija-na-proizvodi\/"]}]},{"@type":"BreadcrumbList","@id":"https:\/\/slavej.mk\/sq\/zamena-i-refundacija-na-proizvodi\/#breadcrumb","itemListElement":[{"@type":"ListItem","position":1,"name":"Home","item":"https:\/\/slavej.mk\/sq\/pochetna\/"},{"@type":"ListItem","position":2,"name":"Nd\u00ebrrimi dhe kthimi i parave t\u00eb produktit"}]},{"@type":"WebSite","@id":"https:\/\/slavej.mk\/sq\/#website","url":"https:\/\/slavej.mk\/sq\/","name":"Slavej","description":"","publisher":{"@id":"https:\/\/slavej.mk\/sq\/#organization"},"potentialAction":[{"@type":"SearchAction","target":{"@type":"EntryPoint","urlTemplate":"https:\/\/slavej.mk\/sq\/?s={search_term_string}"},"query-input":{"@type":"PropertyValueSpecification","valueRequired":true,"valueName":"search_term_string"}}],"inLanguage":"sq-AL"},{"@type":"Organization","@id":"https:\/\/slavej.mk\/sq\/#organization","name":"Slavej","url":"https:\/\/slavej.mk\/sq\/","logo":{"@type":"ImageObject","inLanguage":"sq-AL","@id":"https:\/\/slavej.mk\/sq\/#\/schema\/logo\/image\/","url":"","contentUrl":"","caption":"Slavej"},"image":{"@id":"https:\/\/slavej.mk\/sq\/#\/schema\/logo\/image\/"}}]}},"_links":{"self":[{"href":"https:\/\/slavej.mk\/sq\/wp-json\/wp\/v2\/pages\/25097","targetHints":{"allow":["GET"]}}],"collection":[{"href":"https:\/\/slavej.mk\/sq\/wp-json\/wp\/v2\/pages"}],"about":[{"href":"https:\/\/slavej.mk\/sq\/wp-json\/wp\/v2\/types\/page"}],"author":[{"embeddable":true,"href":"https:\/\/slavej.mk\/sq\/wp-json\/wp\/v2\/users\/188"}],"replies":[{"embeddable":true,"href":"https:\/\/slavej.mk\/sq\/wp-json\/wp\/v2\/comments?post=25097"}],"version-history":[{"count":2,"href":"https:\/\/slavej.mk\/sq\/wp-json\/wp\/v2\/pages\/25097\/revisions"}],"predecessor-version":[{"id":25223,"href":"https:\/\/slavej.mk\/sq\/wp-json\/wp\/v2\/pages\/25097\/revisions\/25223"}],"wp:attachment":[{"href":"https:\/\/slavej.mk\/sq\/wp-json\/wp\/v2\/media?parent=25097"}],"curies":[{"name":"wp","href":"https:\/\/api.w.org\/{rel}","templated":true}]}}