{"id":25090,"date":"2025-11-04T12:57:11","date_gmt":"2025-11-04T11:57:11","guid":{"rendered":"https:\/\/slavej.mk\/kako-da-naracate-proizvod\/"},"modified":"2025-11-11T11:43:59","modified_gmt":"2025-11-11T10:43:59","slug":"kako-da-naracate-proizvod","status":"publish","type":"page","link":"https:\/\/slavej.mk\/sq\/kako-da-naracate-proizvod\/","title":{"rendered":"Si t\u00eb blini nj\u00eb produkt"},"content":{"rendered":"<p><strong>Krijimi i urdh\u00ebrblerjes <\/strong><\/p>\n<p>Q\u00eb t\u2019ju mund\u00ebsohet t\u00eb blini n\u00eb faqen ton\u00eb t\u00eb internetit, mund \u2013 por nuk \u00ebsht\u00eb e domosdoshme \u2013 t\u00eb jeni p\u00ebrdorues i regjistruar. Procesi i blerjes dhe i regjistrimit \u00ebsht\u00eb tep\u00ebr i thjesht\u00eb. Duhet t\u00eb sh\u00ebnoni t\u00eb dh\u00ebnat personale t\u00eb juaja. P\u00ebr t\u00eb nisur regjistrimin, duhet t\u00eb trysni (klikoni) n\u00eb k\u00ebndin lart\u00eb, djathtas, n\u00eb ikon\u00ebn e shport\u00ebs. Pastaj shfaqen fusha ku duhet t\u00eb sh\u00ebnoni t\u00eb dh\u00ebnat e juaja. Pasi t\u00eb sh\u00ebnoni t\u00eb gjitha t\u00eb dh\u00ebnat, trysni \u201cREGJISTROHU\u201d. N\u00eb post\u00ebn elektronike do t\u2019ju vij\u00eb vjeg\u00ebza (linku) n\u00eb t\u00eb cilin duhet t\u00eb trysni. Me k\u00ebt\u00eb rast p\u00ebrfundon regjistrimi i juaj p\u00ebr t\u00eb vazhduar me blerjen.<\/p>\n<p>Po qe se jeni t\u00eb regjistruar n\u00eb faqen ton\u00eb t\u00eb internetit, duhet t\u00eb trysni shenj\u00ebn e nj\u00ebjt\u00eb n\u00eb k\u00ebndin lart\u00eb, djathtas, q\u00eb t\u00eb hyni n\u00eb post\u00ebn tuaj elektronike dhe t\u00eb vazhdoni me blerjen.<\/p>\n<p>N\u00eb rast se nuk jeni p\u00ebrdorues i regjistruar, pasi shtoni produktet e d\u00ebshiruara n\u00eb shport\u00eb, duhet t\u00eb sh\u00ebnoni t\u00eb dh\u00ebnat e juaja t\u00eb sakta, pastaj t\u00eb zgjidhni m\u00ebnyr\u00ebn e pages\u00ebs dhe t\u00eb trysni n\u00eb fush\u00ebn \u201cV\u00cbRTETO\u201d. Mandej n\u00eb post\u00ebn elektronike do t\u2019ju vij\u00eb nj\u00eb porosi e cila v\u00ebrteton blerjen.<\/p>\n<p><strong>*V\u00ebrejtje: Ju lutemi q\u00eb t\u00eb verifikoni t\u00eb dh\u00ebnat e juaja personale.<br \/>\n<\/strong><br \/>\nFormulari n\u00eb t\u00eb cilin sh\u00ebnoni t\u00eb dh\u00ebnat e juaja gjat\u00eb regjistrimit, plot\u00ebsohet vet\u00ebm nj\u00eb her\u00eb, nd\u00ebrkaq sa her\u00eb q\u00eb t\u00eb hyni n\u00eb profilin tuaj, t\u00eb dh\u00ebnat do t\u00eb mbeten aty.<\/p>\n<p><strong>Zgjedhja e produkteve\u00a0\u00a0\u00a0\u00a0\u00a0\u00a0\u00a0\u00a0\u00a0\u00a0\u00a0\u00a0\u00a0\u00a0\u00a0\u00a0\u00a0\u00a0\u00a0\u00a0\u00a0\u00a0\u00a0\u00a0\u00a0\u00a0\u00a0\u00a0\u00a0\u00a0\u00a0\u00a0\u00a0<\/strong><\/p>\n<p>N\u00eb faqen e par\u00eb \u00ebsht\u00eb vendosur menyja kryesore ku mund t\u00eb shihni produktet sipas kategoris\u00eb.<\/p>\n<p>Me p\u00ebrzgjedhjen e ndonj\u00ebr\u00ebs prej kategorive \u00e7elet faqe me produktet q\u00eb jan\u00eb n\u00eb dispozicion. N\u00ebse i keni gjetur produktet q\u00eb ju interesojn\u00eb, t\u00eb dh\u00ebnat shtes\u00eb p\u00ebr produktin konkret mund t\u2019i lexoni duke trysur mbi foto. N\u00ebse nuk dini se cil\u00ebs kategori i takon produkti q\u00eb ju intereson, mund t\u00eb p\u00ebrdorni fush\u00ebn e k\u00ebrkimit q\u00eb gjendet te pjesa lart n\u00eb secil\u00ebn faqe interneti. N\u00eb k\u00ebt\u00eb fush\u00eb mund t\u00eb sh\u00ebnoni shifr\u00ebn, emrin e produktit e t\u00eb ngjashme.<\/p>\n<p>Gjat\u00eb k\u00ebrkimeve t\u00eb produkteve, n\u00eb an\u00ebn e djatht\u00eb t\u00eb fotos jan\u00eb t\u00eb dh\u00ebnat e produktit si: emri, \u00e7mimi, shifra dhe n\u00ebse \u00ebsht\u00eb n\u00eb dispozicion.<\/p>\n<p><strong>P\u00ebrmbajtja e shport\u00ebs<\/strong><\/p>\n<p>Verifikimi i t\u00eb gjitha produkteve q\u00eb d\u00ebshironi t\u2019i blini \u00ebsht\u00eb i mundsh\u00ebm n\u00eb \u00e7do \u00e7ast. Me nj\u00eb trysje t\u00eb thjesht\u00eb n\u00eb ikon\u00ebn e shport\u00ebs n\u00eb pjes\u00ebn lart\u00eb, djathtas, t\u00eb faqes s\u00eb internetit, shfaqet faqe ku jan\u00eb t\u00eb sh\u00ebnuara t\u00eb gjitha produktet e zgjedhura p\u00ebr blerje. Mund t\u00eb fshini leht\u00ebsisht produktin nga shporta ose t\u00eb shtoni sasin\u00eb<\/p>\n<p><strong>*V\u00ebrejtje<\/strong>\u00a0\u2013 Produktet q\u00eb shtohen n\u00eb shport\u00eb nuk rezervohen.<\/p>\n<p><strong>Porositja e produkteve nga shporta<\/strong><\/p>\n<p>Kur t\u00eb jeni gati p\u00ebr t\u00eb bler\u00eb, duhet q\u00eb n\u00eb k\u00ebndin lart, djathtas, t\u00eb trysni n\u00eb fush\u00ebn shporta. Pastaj duhet t\u00eb sh\u00ebnoni t\u00eb dh\u00ebnat e sakta dhe t\u00eb zgjidhni m\u00ebnyr\u00ebn e pages\u00ebs, me \u00e7\u2019rast do t\u00eb shfaqet faqja e p\u00ebrmbylljes s\u00eb blerjes.<\/p>\n<p><strong>*V\u00ebrejtje<\/strong>\u00a0\u2013 n\u00ebse shuma e p\u00ebrgjithshme e produkteve n\u00eb shport\u00eb \u00ebsht\u00eb n\u00ebn 3000 denar\u00eb, d\u00ebrges\u00ebn e heq bler\u00ebsi si m\u00eb posht\u00eb:<\/p>\n<p>-170 denar\u00eb p\u00ebr porosi t\u00eb paguara <em>online<\/em> me kartel\u00eb pagese.<\/p>\n<p>-200 denar\u00eb p\u00ebr porosi t\u00eb paguara me para n\u00eb dor\u00eb pas pranimit t\u00eb d\u00ebrges\u00ebs.<\/p>\n<p><strong>M\u00ebnyra e pages\u00ebs<br \/>\n<\/strong>Ka dy mund\u00ebsi p\u00ebr t\u00eb bler\u00eb n\u00ebp\u00ebrmjet faqes s\u00eb internetit: me kartel\u00eb pagese ose pages\u00eb me para n\u00eb dor\u00eb pas pranimit t\u00eb produktit.<\/p>\n<p>T\u00eb gjitha \u00e7mimet e shpallura n\u00eb faqen e Sllavej ShA Shkup p\u00ebrfshijn\u00eb edhe TVSh.<\/p>\n<p><strong>Pagesa pas pranimit t\u00eb d\u00ebrges\u00ebs<\/strong><strong>:<\/strong><\/p>\n<p>I paguhet korrierit, menj\u00ebher\u00eb pas pranimit t\u00eb porosis\u00eb suaj, vet\u00ebm me para n\u00eb dor\u00eb.<\/p>\n<p><strong>Pagesa me kartel\u00eb pagese:<\/strong><\/p>\n<p>Mund t\u00eb paguani me kartel\u00eb pagese Visa, Visa Electron, MasterVard, Maestro ose Diners. Banka q\u00eb jep kartel\u00ebn duhet patjet\u00ebr t\u00eb ket\u00eb miratuar pagesat <em>online.<\/em><\/p>\n<p>Gjat\u00eb procedimit t\u00eb blerjes <em>online, <\/em>pas zgjedhjes s\u00eb m\u00ebnyr\u00ebs s\u00eb pages\u00ebs, do t\u00eb shfaqet faqja CPAY e cila \u00ebsht\u00eb e sigurt dhe e mbrojtur p\u00ebr pagesa t\u00eb k\u00ebtilla. T\u00eb dh\u00ebnat e kartel\u00ebs suaj nuk jan\u00eb n\u00eb asnj\u00eb \u00e7ast n\u00eb dispozicion n\u00eb sistemin ton\u00eb.<\/p>\n<p>N\u00eb k\u00ebt\u00eb faqe duhet t\u00eb sh\u00ebnoni k\u00ebto t\u00eb dh\u00ebna:<\/p>\n<p>&#8211;\u00a0\u00a0\u00a0 Numrin e kartel\u00ebs s\u00eb pagesave<\/p>\n<p>&#8211;\u00a0\u00a0\u00a0 Emrin dhe mbiemrin e zot\u00ebruesit t\u00eb kartel\u00ebs<\/p>\n<p>&#8211;\u00a0\u00a0\u00a0 Dat\u00ebn e vlefshm\u00ebris\u00eb s\u00eb kartel\u00ebs<\/p>\n<p>&#8211;\u00a0\u00a0\u00a0 Kodin CVV2\/CVC2 n\u00eb an\u00ebn tjet\u00ebr t\u00eb kartel\u00ebs<\/p>\n<p>T\u00eb dh\u00ebnat q\u00eb sh\u00ebnohen p\u00ebrdoren sidomos vet\u00ebm p\u00ebr komunikim nd\u00ebrmjet p\u00ebrdoruesit t\u00eb kartel\u00ebs dhe Bank\u00ebs Komerciale\/CPAY, nd\u00ebrsa tregtari <em>online <\/em>nuk ka asnj\u00eb k\u00ebqyrje ose qasje n\u00eb t\u00eb dh\u00ebnat q\u00eb sh\u00ebnohen.<\/p>\n<p><strong>V\u00ebrejtje:<\/strong><\/p>\n<p>N\u00eb rast t\u00eb heqjes dor\u00eb nga porosia ose nga ndonj\u00eb produkt, mjetet e juaja do t\u2019ju kthehen brenda 15 deri 30 dit\u00ebve n\u00eb llogarin\u00eb e transaksionit.<\/p>\n<p>**V\u00ebrejtje p\u00ebr p\u00ebrdoruesit e kartelave Diners Club. P\u00ebr \u00e7do pyetje p\u00ebr leht\u00ebsime, paraqituni n\u00eb numrin e telefonit 15 155.<\/p>\n<p><strong>D\u00ebrgesa<\/strong><\/p>\n<p>Afati i d\u00ebrges\u00ebs \u00ebsht\u00eb tre deri pes\u00eb dit\u00eb pune.<\/p>\n<p>Korrieri d\u00ebrgon porosin\u00eb n\u00eb adres\u00ebn e duhur n\u00eb periudh\u00ebn kohore prej or\u00ebs 9:00 deri 16:00. Ju lutemi q\u00eb gjat\u00eb k\u00ebsaj kohe t\u00eb ket\u00eb dikush n\u00eb adres\u00ebn e duhur p\u00ebr t\u00eb pranuar porosin\u00eb. Para se t\u00eb dor\u00ebzohet porosia, praktika e zakonshme e do q\u00eb korrieri t\u2019ju telefonoj\u00eb q\u00eb e keni sh\u00ebnuar gjat\u00eb urdh\u00ebrblerjes. Kjo b\u00ebhet p\u00ebr t\u00eb caktuar koh\u00ebn dor\u00ebzimit t\u00eb porosis\u00eb. N\u00ebse korrieri nuk ju gjen n\u00eb adres\u00ebn e dh\u00ebn\u00eb, ka detyr\u00eb q\u00eb t\u2019ju telefonoj\u00eb p\u00ebrs\u00ebri. N\u00ebse nuk ju gjen n\u00eb adres\u00ebn e dh\u00ebn\u00eb edhe n\u00eb tentimin e dyt\u00eb, porosin\u00eb tuaj na e kthen neve. Pas kthimit t\u00eb porosis\u00eb, ju kontaktojm\u00eb p\u00ebr t\u00eb v\u00ebrtetuar shkaqet e mospranimit t\u00eb d\u00ebrges\u00ebs dhe do t\u00eb caktojm\u00eb nj\u00eb tentim t\u00eb dyt\u00eb d\u00ebrgese.<\/p>\n<p>&nbsp;<\/p>\n<div style=\"all: initial !important;\"><\/div>\n<div style=\"all: initial !important;\"><\/div>\n<div style=\"all: initial !important;\"><\/div>\n","protected":false},"excerpt":{"rendered":"<p>Krijimi i urdh\u00ebrblerjes Q\u00eb t\u2019ju mund\u00ebsohet t\u00eb blini n\u00eb faqen ton\u00eb t\u00eb internetit, mund \u2013 por nuk \u00ebsht\u00eb e domosdoshme \u2013 t\u00eb jeni p\u00ebrdorues i regjistruar. Procesi i blerjes dhe i regjistrimit \u00ebsht\u00eb tep\u00ebr i thjesht\u00eb. Duhet t\u00eb sh\u00ebnoni t\u00eb dh\u00ebnat personale t\u00eb juaja. P\u00ebr t\u00eb nisur regjistrimin, duhet t\u00eb trysni (klikoni) n\u00eb k\u00ebndin lart\u00eb, [&hellip;]<\/p>\n","protected":false},"author":188,"featured_media":0,"parent":0,"menu_order":0,"comment_status":"closed","ping_status":"closed","template":"templates\/generic.php","meta":{"footnotes":""},"class_list":["post-25090","page","type-page","status-publish","hentry"],"yoast_head":"<!-- This site is optimized with the Yoast SEO plugin v26.3 - https:\/\/yoast.com\/wordpress\/plugins\/seo\/ -->\n<title>Si t\u00eb blini nj\u00eb produkt - Slavej<\/title>\n<meta name=\"robots\" content=\"index, follow, max-snippet:-1, max-image-preview:large, max-video-preview:-1\" \/>\n<link rel=\"canonical\" href=\"https:\/\/slavej.mk\/sq\/kako-da-naracate-proizvod\/\" \/>\n<meta property=\"og:locale\" content=\"sq_AL\" \/>\n<meta property=\"og:type\" content=\"article\" \/>\n<meta property=\"og:title\" content=\"Si t\u00eb blini nj\u00eb produkt - Slavej\" \/>\n<meta property=\"og:description\" content=\"Krijimi i urdh\u00ebrblerjes Q\u00eb t\u2019ju mund\u00ebsohet t\u00eb blini n\u00eb faqen ton\u00eb t\u00eb internetit, mund \u2013 por nuk \u00ebsht\u00eb e domosdoshme \u2013 t\u00eb jeni p\u00ebrdorues i regjistruar. Procesi i blerjes dhe i regjistrimit \u00ebsht\u00eb tep\u00ebr i thjesht\u00eb. Duhet t\u00eb sh\u00ebnoni t\u00eb dh\u00ebnat personale t\u00eb juaja. P\u00ebr t\u00eb nisur regjistrimin, duhet t\u00eb trysni (klikoni) n\u00eb k\u00ebndin lart\u00eb, [&hellip;]\" \/>\n<meta property=\"og:url\" content=\"https:\/\/slavej.mk\/sq\/kako-da-naracate-proizvod\/\" \/>\n<meta property=\"og:site_name\" content=\"Slavej\" \/>\n<meta property=\"article:modified_time\" content=\"2025-11-11T10:43:59+00:00\" \/>\n<meta name=\"twitter:card\" content=\"summary_large_image\" \/>\n<meta name=\"twitter:label1\" content=\"Est. reading time\" \/>\n\t<meta name=\"twitter:data1\" content=\"5 minutes\" \/>\n<script type=\"application\/ld+json\" class=\"yoast-schema-graph\">{\"@context\":\"https:\/\/schema.org\",\"@graph\":[{\"@type\":\"WebPage\",\"@id\":\"https:\/\/slavej.mk\/sq\/kako-da-naracate-proizvod\/\",\"url\":\"https:\/\/slavej.mk\/sq\/kako-da-naracate-proizvod\/\",\"name\":\"Si t\u00eb blini nj\u00eb produkt - Slavej\",\"isPartOf\":{\"@id\":\"https:\/\/slavej.mk\/sq\/#website\"},\"datePublished\":\"2025-11-04T11:57:11+00:00\",\"dateModified\":\"2025-11-11T10:43:59+00:00\",\"breadcrumb\":{\"@id\":\"https:\/\/slavej.mk\/sq\/kako-da-naracate-proizvod\/#breadcrumb\"},\"inLanguage\":\"sq-AL\",\"potentialAction\":[{\"@type\":\"ReadAction\",\"target\":[\"https:\/\/slavej.mk\/sq\/kako-da-naracate-proizvod\/\"]}]},{\"@type\":\"BreadcrumbList\",\"@id\":\"https:\/\/slavej.mk\/sq\/kako-da-naracate-proizvod\/#breadcrumb\",\"itemListElement\":[{\"@type\":\"ListItem\",\"position\":1,\"name\":\"Home\",\"item\":\"https:\/\/slavej.mk\/sq\/pochetna\/\"},{\"@type\":\"ListItem\",\"position\":2,\"name\":\"Si t\u00eb blini nj\u00eb produkt\"}]},{\"@type\":\"WebSite\",\"@id\":\"https:\/\/slavej.mk\/sq\/#website\",\"url\":\"https:\/\/slavej.mk\/sq\/\",\"name\":\"Slavej\",\"description\":\"\",\"publisher\":{\"@id\":\"https:\/\/slavej.mk\/sq\/#organization\"},\"potentialAction\":[{\"@type\":\"SearchAction\",\"target\":{\"@type\":\"EntryPoint\",\"urlTemplate\":\"https:\/\/slavej.mk\/sq\/?s={search_term_string}\"},\"query-input\":{\"@type\":\"PropertyValueSpecification\",\"valueRequired\":true,\"valueName\":\"search_term_string\"}}],\"inLanguage\":\"sq-AL\"},{\"@type\":\"Organization\",\"@id\":\"https:\/\/slavej.mk\/sq\/#organization\",\"name\":\"Slavej\",\"url\":\"https:\/\/slavej.mk\/sq\/\",\"logo\":{\"@type\":\"ImageObject\",\"inLanguage\":\"sq-AL\",\"@id\":\"https:\/\/slavej.mk\/sq\/#\/schema\/logo\/image\/\",\"url\":\"\",\"contentUrl\":\"\",\"caption\":\"Slavej\"},\"image\":{\"@id\":\"https:\/\/slavej.mk\/sq\/#\/schema\/logo\/image\/\"}}]}<\/script>\n<!-- \/ Yoast SEO plugin. -->","yoast_head_json":{"title":"Si t\u00eb blini nj\u00eb produkt - Slavej","robots":{"index":"index","follow":"follow","max-snippet":"max-snippet:-1","max-image-preview":"max-image-preview:large","max-video-preview":"max-video-preview:-1"},"canonical":"https:\/\/slavej.mk\/sq\/kako-da-naracate-proizvod\/","og_locale":"sq_AL","og_type":"article","og_title":"Si t\u00eb blini nj\u00eb produkt - Slavej","og_description":"Krijimi i urdh\u00ebrblerjes Q\u00eb t\u2019ju mund\u00ebsohet t\u00eb blini n\u00eb faqen ton\u00eb t\u00eb internetit, mund \u2013 por nuk \u00ebsht\u00eb e domosdoshme \u2013 t\u00eb jeni p\u00ebrdorues i regjistruar. Procesi i blerjes dhe i regjistrimit \u00ebsht\u00eb tep\u00ebr i thjesht\u00eb. Duhet t\u00eb sh\u00ebnoni t\u00eb dh\u00ebnat personale t\u00eb juaja. P\u00ebr t\u00eb nisur regjistrimin, duhet t\u00eb trysni (klikoni) n\u00eb k\u00ebndin lart\u00eb, [&hellip;]","og_url":"https:\/\/slavej.mk\/sq\/kako-da-naracate-proizvod\/","og_site_name":"Slavej","article_modified_time":"2025-11-11T10:43:59+00:00","twitter_card":"summary_large_image","twitter_misc":{"Est. reading time":"5 minutes"},"schema":{"@context":"https:\/\/schema.org","@graph":[{"@type":"WebPage","@id":"https:\/\/slavej.mk\/sq\/kako-da-naracate-proizvod\/","url":"https:\/\/slavej.mk\/sq\/kako-da-naracate-proizvod\/","name":"Si t\u00eb blini nj\u00eb produkt - Slavej","isPartOf":{"@id":"https:\/\/slavej.mk\/sq\/#website"},"datePublished":"2025-11-04T11:57:11+00:00","dateModified":"2025-11-11T10:43:59+00:00","breadcrumb":{"@id":"https:\/\/slavej.mk\/sq\/kako-da-naracate-proizvod\/#breadcrumb"},"inLanguage":"sq-AL","potentialAction":[{"@type":"ReadAction","target":["https:\/\/slavej.mk\/sq\/kako-da-naracate-proizvod\/"]}]},{"@type":"BreadcrumbList","@id":"https:\/\/slavej.mk\/sq\/kako-da-naracate-proizvod\/#breadcrumb","itemListElement":[{"@type":"ListItem","position":1,"name":"Home","item":"https:\/\/slavej.mk\/sq\/pochetna\/"},{"@type":"ListItem","position":2,"name":"Si t\u00eb blini nj\u00eb produkt"}]},{"@type":"WebSite","@id":"https:\/\/slavej.mk\/sq\/#website","url":"https:\/\/slavej.mk\/sq\/","name":"Slavej","description":"","publisher":{"@id":"https:\/\/slavej.mk\/sq\/#organization"},"potentialAction":[{"@type":"SearchAction","target":{"@type":"EntryPoint","urlTemplate":"https:\/\/slavej.mk\/sq\/?s={search_term_string}"},"query-input":{"@type":"PropertyValueSpecification","valueRequired":true,"valueName":"search_term_string"}}],"inLanguage":"sq-AL"},{"@type":"Organization","@id":"https:\/\/slavej.mk\/sq\/#organization","name":"Slavej","url":"https:\/\/slavej.mk\/sq\/","logo":{"@type":"ImageObject","inLanguage":"sq-AL","@id":"https:\/\/slavej.mk\/sq\/#\/schema\/logo\/image\/","url":"","contentUrl":"","caption":"Slavej"},"image":{"@id":"https:\/\/slavej.mk\/sq\/#\/schema\/logo\/image\/"}}]}},"_links":{"self":[{"href":"https:\/\/slavej.mk\/sq\/wp-json\/wp\/v2\/pages\/25090","targetHints":{"allow":["GET"]}}],"collection":[{"href":"https:\/\/slavej.mk\/sq\/wp-json\/wp\/v2\/pages"}],"about":[{"href":"https:\/\/slavej.mk\/sq\/wp-json\/wp\/v2\/types\/page"}],"author":[{"embeddable":true,"href":"https:\/\/slavej.mk\/sq\/wp-json\/wp\/v2\/users\/188"}],"replies":[{"embeddable":true,"href":"https:\/\/slavej.mk\/sq\/wp-json\/wp\/v2\/comments?post=25090"}],"version-history":[{"count":3,"href":"https:\/\/slavej.mk\/sq\/wp-json\/wp\/v2\/pages\/25090\/revisions"}],"predecessor-version":[{"id":25093,"href":"https:\/\/slavej.mk\/sq\/wp-json\/wp\/v2\/pages\/25090\/revisions\/25093"}],"wp:attachment":[{"href":"https:\/\/slavej.mk\/sq\/wp-json\/wp\/v2\/media?parent=25090"}],"curies":[{"name":"wp","href":"https:\/\/api.w.org\/{rel}","templated":true}]}}