{"id":22074,"date":"2024-09-03T09:15:43","date_gmt":"2024-09-03T07:15:43","guid":{"rendered":"https:\/\/slavej.mk\/ortotika\/ortopedski-chevli-i-vloshki-za-dijabetichno-stapalo\/"},"modified":"2025-04-07T11:44:31","modified_gmt":"2025-04-07T09:44:31","slug":"ortopedski-chevli-i-vloshki-za-dijabetichno-stapalo","status":"publish","type":"page","link":"https:\/\/slavej.mk\/sq\/ortotika\/ortopedski-chevli-i-vloshki-za-dijabetichno-stapalo\/","title":{"rendered":"K\u00ebpuc\u00eb, sholla e \u00e7orape p\u00ebr shput\u00eb diabetike"},"content":{"rendered":"","protected":false},"excerpt":{"rendered":"","protected":false},"author":2,"featured_media":0,"parent":20591,"menu_order":0,"comment_status":"closed","ping_status":"closed","template":"templates\/ortotika-single.php","meta":{"footnotes":""},"class_list":["post-22074","page","type-page","status-publish","hentry"],"yoast_head":"<!-- This site is optimized with the Yoast SEO plugin v26.3 - https:\/\/yoast.com\/wordpress\/plugins\/seo\/ -->\n<title>K\u00ebpuc\u00eb, sholla e \u00e7orape p\u00ebr shput\u00eb diabetike - Slavej<\/title>\n<meta name=\"robots\" content=\"index, follow, max-snippet:-1, max-image-preview:large, max-video-preview:-1\" \/>\n<link rel=\"canonical\" href=\"https:\/\/slavej.mk\/sq\/ortotika\/ortopedski-chevli-i-vloshki-za-dijabetichno-stapalo\/\" \/>\n<meta property=\"og:locale\" content=\"sq_AL\" \/>\n<meta property=\"og:type\" content=\"article\" \/>\n<meta property=\"og:title\" content=\"K\u00ebpuc\u00eb, sholla e \u00e7orape p\u00ebr shput\u00eb diabetike - Slavej\" \/>\n<meta property=\"og:url\" content=\"https:\/\/slavej.mk\/sq\/ortotika\/ortopedski-chevli-i-vloshki-za-dijabetichno-stapalo\/\" \/>\n<meta property=\"og:site_name\" content=\"Slavej\" \/>\n<meta property=\"article:modified_time\" content=\"2025-04-07T09:44:31+00:00\" \/>\n<meta name=\"twitter:card\" content=\"summary_large_image\" \/>\n<script type=\"application\/ld+json\" class=\"yoast-schema-graph\">{\"@context\":\"https:\/\/schema.org\",\"@graph\":[{\"@type\":\"WebPage\",\"@id\":\"https:\/\/slavej.mk\/sq\/ortotika\/ortopedski-chevli-i-vloshki-za-dijabetichno-stapalo\/\",\"url\":\"https:\/\/slavej.mk\/sq\/ortotika\/ortopedski-chevli-i-vloshki-za-dijabetichno-stapalo\/\",\"name\":\"K\u00ebpuc\u00eb, sholla e \u00e7orape p\u00ebr shput\u00eb diabetike - Slavej\",\"isPartOf\":{\"@id\":\"https:\/\/slavej.mk\/#website\"},\"datePublished\":\"2024-09-03T07:15:43+00:00\",\"dateModified\":\"2025-04-07T09:44:31+00:00\",\"breadcrumb\":{\"@id\":\"https:\/\/slavej.mk\/sq\/ortotika\/ortopedski-chevli-i-vloshki-za-dijabetichno-stapalo\/#breadcrumb\"},\"inLanguage\":\"sq-AL\",\"potentialAction\":[{\"@type\":\"ReadAction\",\"target\":[\"https:\/\/slavej.mk\/sq\/ortotika\/ortopedski-chevli-i-vloshki-za-dijabetichno-stapalo\/\"]}]},{\"@type\":\"BreadcrumbList\",\"@id\":\"https:\/\/slavej.mk\/sq\/ortotika\/ortopedski-chevli-i-vloshki-za-dijabetichno-stapalo\/#breadcrumb\",\"itemListElement\":[{\"@type\":\"ListItem\",\"position\":1,\"name\":\"Home\",\"item\":\"https:\/\/slavej.mk\/\"},{\"@type\":\"ListItem\",\"position\":2,\"name\":\"Ortotika\",\"item\":\"https:\/\/slavej.mk\/sq\/ortotika\/\"},{\"@type\":\"ListItem\",\"position\":3,\"name\":\"K\u00ebpuc\u00eb, sholla e \u00e7orape p\u00ebr shput\u00eb diabetike\"}]},{\"@type\":\"WebSite\",\"@id\":\"https:\/\/slavej.mk\/#website\",\"url\":\"https:\/\/slavej.mk\/\",\"name\":\"Slavej\",\"description\":\"\",\"publisher\":{\"@id\":\"https:\/\/slavej.mk\/#organization\"},\"potentialAction\":[{\"@type\":\"SearchAction\",\"target\":{\"@type\":\"EntryPoint\",\"urlTemplate\":\"https:\/\/slavej.mk\/?s={search_term_string}\"},\"query-input\":{\"@type\":\"PropertyValueSpecification\",\"valueRequired\":true,\"valueName\":\"search_term_string\"}}],\"inLanguage\":\"sq-AL\"},{\"@type\":\"Organization\",\"@id\":\"https:\/\/slavej.mk\/#organization\",\"name\":\"Slavej\",\"url\":\"https:\/\/slavej.mk\/\",\"logo\":{\"@type\":\"ImageObject\",\"inLanguage\":\"sq-AL\",\"@id\":\"https:\/\/slavej.mk\/#\/schema\/logo\/image\/\",\"url\":\"\",\"contentUrl\":\"\",\"caption\":\"Slavej\"},\"image\":{\"@id\":\"https:\/\/slavej.mk\/#\/schema\/logo\/image\/\"}}]}<\/script>\n<!-- \/ Yoast SEO plugin. -->","yoast_head_json":{"title":"K\u00ebpuc\u00eb, sholla e \u00e7orape p\u00ebr shput\u00eb diabetike - Slavej","robots":{"index":"index","follow":"follow","max-snippet":"max-snippet:-1","max-image-preview":"max-image-preview:large","max-video-preview":"max-video-preview:-1"},"canonical":"https:\/\/slavej.mk\/sq\/ortotika\/ortopedski-chevli-i-vloshki-za-dijabetichno-stapalo\/","og_locale":"sq_AL","og_type":"article","og_title":"K\u00ebpuc\u00eb, sholla e \u00e7orape p\u00ebr shput\u00eb diabetike - Slavej","og_url":"https:\/\/slavej.mk\/sq\/ortotika\/ortopedski-chevli-i-vloshki-za-dijabetichno-stapalo\/","og_site_name":"Slavej","article_modified_time":"2025-04-07T09:44:31+00:00","twitter_card":"summary_large_image","schema":{"@context":"https:\/\/schema.org","@graph":[{"@type":"WebPage","@id":"https:\/\/slavej.mk\/sq\/ortotika\/ortopedski-chevli-i-vloshki-za-dijabetichno-stapalo\/","url":"https:\/\/slavej.mk\/sq\/ortotika\/ortopedski-chevli-i-vloshki-za-dijabetichno-stapalo\/","name":"K\u00ebpuc\u00eb, sholla e \u00e7orape p\u00ebr shput\u00eb diabetike - Slavej","isPartOf":{"@id":"https:\/\/slavej.mk\/#website"},"datePublished":"2024-09-03T07:15:43+00:00","dateModified":"2025-04-07T09:44:31+00:00","breadcrumb":{"@id":"https:\/\/slavej.mk\/sq\/ortotika\/ortopedski-chevli-i-vloshki-za-dijabetichno-stapalo\/#breadcrumb"},"inLanguage":"sq-AL","potentialAction":[{"@type":"ReadAction","target":["https:\/\/slavej.mk\/sq\/ortotika\/ortopedski-chevli-i-vloshki-za-dijabetichno-stapalo\/"]}]},{"@type":"BreadcrumbList","@id":"https:\/\/slavej.mk\/sq\/ortotika\/ortopedski-chevli-i-vloshki-za-dijabetichno-stapalo\/#breadcrumb","itemListElement":[{"@type":"ListItem","position":1,"name":"Home","item":"https:\/\/slavej.mk\/"},{"@type":"ListItem","position":2,"name":"Ortotika","item":"https:\/\/slavej.mk\/sq\/ortotika\/"},{"@type":"ListItem","position":3,"name":"K\u00ebpuc\u00eb, sholla e \u00e7orape p\u00ebr shput\u00eb diabetike"}]},{"@type":"WebSite","@id":"https:\/\/slavej.mk\/#website","url":"https:\/\/slavej.mk\/","name":"Slavej","description":"","publisher":{"@id":"https:\/\/slavej.mk\/#organization"},"potentialAction":[{"@type":"SearchAction","target":{"@type":"EntryPoint","urlTemplate":"https:\/\/slavej.mk\/?s={search_term_string}"},"query-input":{"@type":"PropertyValueSpecification","valueRequired":true,"valueName":"search_term_string"}}],"inLanguage":"sq-AL"},{"@type":"Organization","@id":"https:\/\/slavej.mk\/#organization","name":"Slavej","url":"https:\/\/slavej.mk\/","logo":{"@type":"ImageObject","inLanguage":"sq-AL","@id":"https:\/\/slavej.mk\/#\/schema\/logo\/image\/","url":"","contentUrl":"","caption":"Slavej"},"image":{"@id":"https:\/\/slavej.mk\/#\/schema\/logo\/image\/"}}]}},"_links":{"self":[{"href":"https:\/\/slavej.mk\/sq\/wp-json\/wp\/v2\/pages\/22074","targetHints":{"allow":["GET"]}}],"collection":[{"href":"https:\/\/slavej.mk\/sq\/wp-json\/wp\/v2\/pages"}],"about":[{"href":"https:\/\/slavej.mk\/sq\/wp-json\/wp\/v2\/types\/page"}],"author":[{"embeddable":true,"href":"https:\/\/slavej.mk\/sq\/wp-json\/wp\/v2\/users\/2"}],"replies":[{"embeddable":true,"href":"https:\/\/slavej.mk\/sq\/wp-json\/wp\/v2\/comments?post=22074"}],"version-history":[{"count":1,"href":"https:\/\/slavej.mk\/sq\/wp-json\/wp\/v2\/pages\/22074\/revisions"}],"predecessor-version":[{"id":22075,"href":"https:\/\/slavej.mk\/sq\/wp-json\/wp\/v2\/pages\/22074\/revisions\/22075"}],"up":[{"embeddable":true,"href":"https:\/\/slavej.mk\/sq\/wp-json\/wp\/v2\/pages\/20591"}],"wp:attachment":[{"href":"https:\/\/slavej.mk\/sq\/wp-json\/wp\/v2\/media?parent=22074"}],"curies":[{"name":"wp","href":"https:\/\/api.w.org\/{rel}","templated":true}]}}