{"id":21881,"date":"2024-08-30T00:48:24","date_gmt":"2024-08-29T22:48:24","guid":{"rendered":"https:\/\/slavej.mk\/?page_id=21881"},"modified":"2025-03-25T14:08:41","modified_gmt":"2025-03-25T13:08:41","slug":"gju-mekanik-protetik","status":"publish","type":"page","link":"https:\/\/slavej.mk\/sq\/protetika\/protezi-za-dolni-ekstremiteti\/gju-mekanik-protetik\/","title":{"rendered":"Gju mekanik protetik"},"content":{"rendered":"<p>Gjunj\u00ebt mekanike protetike, ndryshe nga gjeneratat m\u00eb t\u00eb avancuara t\u00eb ky\u00e7eve protetike t\u00eb gjurit, p\u00ebrfaq\u00ebsojn\u00eb nj\u00eb klas\u00eb gjunj\u00ebsh q\u00eb nuk kan\u00eb mikroprocesor\u00eb, sensor\u00eb n\u00eb koh\u00eb reale, rezistenc\u00eb hidraulike ose cilindra l\u00ebngu. K\u00ebta mekanizma m\u00eb t\u00eb thjesht\u00eb t\u00eb gjurit jan\u00eb t\u00eb menduara p\u00ebr personat me nj\u00eb shpejt\u00ebsi t\u00eb pandryshueshme t\u00eb ecjes dhe shpesh jan\u00eb m\u00eb t\u00eb vegj\u00ebl dhe m\u00eb t\u00eb leht\u00eb se modelet m\u00eb t\u00eb avancuara. Dallimi par\u00ebsor n\u00eb gjunj\u00ebt mekanik\u00eb \u00ebsht\u00eb numri i boshteve. N\u00eb baz\u00eb t\u00eb k\u00ebsaj ndarje, kemi gjunj\u00eb me nj\u00eb bosht ose me shum\u00eb boshte (t\u00eb quajtur edhe shum\u00ebboshtor). Gjunj\u00ebt me nj\u00eb bosht t\u00eb vet\u00ebm b\u00ebhen me nj\u00eb mentesh\u00eb. Ky lloj gjuri \u00ebsht\u00eb i q\u00ebndruesh\u00ebm dhe i leht\u00eb, por ka nj\u00eb kufizim p\u00ebr sa i p\u00ebrket rregullimit kur ndryshon shpejt\u00ebsin\u00eb e ecjes. Ka aft\u00ebsin\u00eb p\u00ebr t\u00eb rregulluar forcat e f\u00ebrkimit gjat\u00eb ecjes, gj\u00eb q\u00eb ndihmon n\u00eb parandalimin e l\u00ebkundjes shum\u00eb t\u00eb shpejt\u00eb t\u00eb k\u00ebmb\u00ebs p\u00ebrpara, duke mund\u00ebsuar nj\u00eb shpejt\u00ebsi optimale t\u00eb ecjes. Shumica e gjunj\u00ebve me nj\u00eb bosht kan\u00eb aft\u00ebsin\u00eb p\u00ebr t\u00eb frenuar n\u00eb vend gjat\u00eb q\u00ebndrimit ose ecjes, kur p\u00ebrdoruesi k\u00ebrkon siguri shtes\u00eb. Gjunj\u00ebt shum\u00ebboshtor\u00eb kan\u00eb boshte t\u00eb shumta rrotullimi n\u00eb gju, gj\u00eb q\u00eb zvog\u00eblon gjasat e p\u00ebrkuljes s\u00eb gjurit gjat\u00eb q\u00ebndrimit n\u00eb k\u00ebmb\u00eb. N\u00eb disa modele t\u00eb k\u00ebtyre gjunj\u00ebve, vet\u00eb konstruksioni k\u00ebrkon shkurtimin e protez\u00ebs p\u00ebr t\u00eb zvog\u00ebluar rrezikun e pengimit dhe t\u00eb rr\u00ebzimit kur p\u00ebrdoruesi l\u00ebkundet me protez\u00ebn p\u00ebr t\u00eb hap\u00ebruar. Gjunj\u00ebt me shum\u00eb boshte mund t\u00eb plot\u00ebsojn\u00eb nevojat e njer\u00ebzve me nivele t\u00eb ndryshme aktiviteti. Versionet m\u00eb t\u00eb thjeshta jan\u00eb t\u00eb p\u00ebrshtatshme p\u00ebr aktivitete t\u00eb lehta, nd\u00ebrkaq versionet m\u00eb t\u00eb avancuara jan\u00eb t\u00eb p\u00ebrshtatshme p\u00ebr aktivitete t\u00eb r\u00ebnda. Protetist\u00ebt tan\u00eb do t&#8217;ju ndihmojn\u00eb t\u00eb p\u00ebrcaktoni se cili gju u p\u00ebrshtatet m\u00eb mir\u00eb nevojave dhe aktiviteteve tuaja.<\/p>\n","protected":false},"excerpt":{"rendered":"<p>Gjunj\u00ebt mekanike protetike, ndryshe nga gjeneratat m\u00eb t\u00eb avancuara t\u00eb ky\u00e7eve protetike t\u00eb gjurit, p\u00ebrfaq\u00ebsojn\u00eb nj\u00eb klas\u00eb gjunj\u00ebsh q\u00eb nuk kan\u00eb mikroprocesor\u00eb, sensor\u00eb n\u00eb koh\u00eb reale, rezistenc\u00eb hidraulike ose cilindra l\u00ebngu. K\u00ebta mekanizma m\u00eb t\u00eb thjesht\u00eb t\u00eb gjurit jan\u00eb t\u00eb menduara p\u00ebr personat me nj\u00eb shpejt\u00ebsi t\u00eb pandryshueshme t\u00eb ecjes dhe shpesh jan\u00eb m\u00eb t\u00eb [&hellip;]<\/p>\n","protected":false},"author":188,"featured_media":0,"parent":20661,"menu_order":0,"comment_status":"closed","ping_status":"closed","template":"templates\/protetika-single.php","meta":{"footnotes":""},"class_list":["post-21881","page","type-page","status-publish","hentry"],"yoast_head":"<!-- This site is optimized with the Yoast SEO plugin v26.3 - https:\/\/yoast.com\/wordpress\/plugins\/seo\/ -->\n<title>Gju mekanik protetik - Slavej<\/title>\n<meta name=\"robots\" content=\"index, follow, max-snippet:-1, max-image-preview:large, max-video-preview:-1\" \/>\n<link rel=\"canonical\" href=\"https:\/\/slavej.mk\/sq\/protetika\/protezi-za-dolni-ekstremiteti\/gju-mekanik-protetik\/\" \/>\n<meta property=\"og:locale\" content=\"sq_AL\" \/>\n<meta property=\"og:type\" content=\"article\" \/>\n<meta property=\"og:title\" content=\"Gju mekanik protetik - Slavej\" \/>\n<meta property=\"og:description\" content=\"Gjunj\u00ebt mekanike protetike, ndryshe nga gjeneratat m\u00eb t\u00eb avancuara t\u00eb ky\u00e7eve protetike t\u00eb gjurit, p\u00ebrfaq\u00ebsojn\u00eb nj\u00eb klas\u00eb gjunj\u00ebsh q\u00eb nuk kan\u00eb mikroprocesor\u00eb, sensor\u00eb n\u00eb koh\u00eb reale, rezistenc\u00eb hidraulike ose cilindra l\u00ebngu. K\u00ebta mekanizma m\u00eb t\u00eb thjesht\u00eb t\u00eb gjurit jan\u00eb t\u00eb menduara p\u00ebr personat me nj\u00eb shpejt\u00ebsi t\u00eb pandryshueshme t\u00eb ecjes dhe shpesh jan\u00eb m\u00eb t\u00eb [&hellip;]\" \/>\n<meta property=\"og:url\" content=\"https:\/\/slavej.mk\/sq\/protetika\/protezi-za-dolni-ekstremiteti\/gju-mekanik-protetik\/\" \/>\n<meta property=\"og:site_name\" content=\"Slavej\" \/>\n<meta property=\"article:modified_time\" content=\"2025-03-25T13:08:41+00:00\" \/>\n<meta name=\"twitter:card\" content=\"summary_large_image\" \/>\n<meta name=\"twitter:label1\" content=\"Est. reading time\" \/>\n\t<meta name=\"twitter:data1\" content=\"2 minutes\" \/>\n<script type=\"application\/ld+json\" class=\"yoast-schema-graph\">{\"@context\":\"https:\/\/schema.org\",\"@graph\":[{\"@type\":\"WebPage\",\"@id\":\"https:\/\/slavej.mk\/sq\/protetika\/protezi-za-dolni-ekstremiteti\/gju-mekanik-protetik\/\",\"url\":\"https:\/\/slavej.mk\/sq\/protetika\/protezi-za-dolni-ekstremiteti\/gju-mekanik-protetik\/\",\"name\":\"Gju mekanik protetik - Slavej\",\"isPartOf\":{\"@id\":\"https:\/\/slavej.mk\/#website\"},\"datePublished\":\"2024-08-29T22:48:24+00:00\",\"dateModified\":\"2025-03-25T13:08:41+00:00\",\"breadcrumb\":{\"@id\":\"https:\/\/slavej.mk\/sq\/protetika\/protezi-za-dolni-ekstremiteti\/gju-mekanik-protetik\/#breadcrumb\"},\"inLanguage\":\"sq-AL\",\"potentialAction\":[{\"@type\":\"ReadAction\",\"target\":[\"https:\/\/slavej.mk\/sq\/protetika\/protezi-za-dolni-ekstremiteti\/gju-mekanik-protetik\/\"]}]},{\"@type\":\"BreadcrumbList\",\"@id\":\"https:\/\/slavej.mk\/sq\/protetika\/protezi-za-dolni-ekstremiteti\/gju-mekanik-protetik\/#breadcrumb\",\"itemListElement\":[{\"@type\":\"ListItem\",\"position\":1,\"name\":\"Home\",\"item\":\"https:\/\/slavej.mk\/\"},{\"@type\":\"ListItem\",\"position\":2,\"name\":\"Protetika\",\"item\":\"https:\/\/slavej.mk\/sq\/protetika\/\"},{\"@type\":\"ListItem\",\"position\":3,\"name\":\"Proteza p\u00ebr gjymtyr\u00ebt e poshtme\",\"item\":\"https:\/\/slavej.mk\/sq\/protetika\/protezi-za-dolni-ekstremiteti\/\"},{\"@type\":\"ListItem\",\"position\":4,\"name\":\"Gju mekanik protetik\"}]},{\"@type\":\"WebSite\",\"@id\":\"https:\/\/slavej.mk\/#website\",\"url\":\"https:\/\/slavej.mk\/\",\"name\":\"Slavej\",\"description\":\"\",\"publisher\":{\"@id\":\"https:\/\/slavej.mk\/#organization\"},\"potentialAction\":[{\"@type\":\"SearchAction\",\"target\":{\"@type\":\"EntryPoint\",\"urlTemplate\":\"https:\/\/slavej.mk\/?s={search_term_string}\"},\"query-input\":{\"@type\":\"PropertyValueSpecification\",\"valueRequired\":true,\"valueName\":\"search_term_string\"}}],\"inLanguage\":\"sq-AL\"},{\"@type\":\"Organization\",\"@id\":\"https:\/\/slavej.mk\/#organization\",\"name\":\"Slavej\",\"url\":\"https:\/\/slavej.mk\/\",\"logo\":{\"@type\":\"ImageObject\",\"inLanguage\":\"sq-AL\",\"@id\":\"https:\/\/slavej.mk\/#\/schema\/logo\/image\/\",\"url\":\"\",\"contentUrl\":\"\",\"caption\":\"Slavej\"},\"image\":{\"@id\":\"https:\/\/slavej.mk\/#\/schema\/logo\/image\/\"}}]}<\/script>\n<!-- \/ Yoast SEO plugin. -->","yoast_head_json":{"title":"Gju mekanik protetik - Slavej","robots":{"index":"index","follow":"follow","max-snippet":"max-snippet:-1","max-image-preview":"max-image-preview:large","max-video-preview":"max-video-preview:-1"},"canonical":"https:\/\/slavej.mk\/sq\/protetika\/protezi-za-dolni-ekstremiteti\/gju-mekanik-protetik\/","og_locale":"sq_AL","og_type":"article","og_title":"Gju mekanik protetik - Slavej","og_description":"Gjunj\u00ebt mekanike protetike, ndryshe nga gjeneratat m\u00eb t\u00eb avancuara t\u00eb ky\u00e7eve protetike t\u00eb gjurit, p\u00ebrfaq\u00ebsojn\u00eb nj\u00eb klas\u00eb gjunj\u00ebsh q\u00eb nuk kan\u00eb mikroprocesor\u00eb, sensor\u00eb n\u00eb koh\u00eb reale, rezistenc\u00eb hidraulike ose cilindra l\u00ebngu. K\u00ebta mekanizma m\u00eb t\u00eb thjesht\u00eb t\u00eb gjurit jan\u00eb t\u00eb menduara p\u00ebr personat me nj\u00eb shpejt\u00ebsi t\u00eb pandryshueshme t\u00eb ecjes dhe shpesh jan\u00eb m\u00eb t\u00eb [&hellip;]","og_url":"https:\/\/slavej.mk\/sq\/protetika\/protezi-za-dolni-ekstremiteti\/gju-mekanik-protetik\/","og_site_name":"Slavej","article_modified_time":"2025-03-25T13:08:41+00:00","twitter_card":"summary_large_image","twitter_misc":{"Est. reading time":"2 minutes"},"schema":{"@context":"https:\/\/schema.org","@graph":[{"@type":"WebPage","@id":"https:\/\/slavej.mk\/sq\/protetika\/protezi-za-dolni-ekstremiteti\/gju-mekanik-protetik\/","url":"https:\/\/slavej.mk\/sq\/protetika\/protezi-za-dolni-ekstremiteti\/gju-mekanik-protetik\/","name":"Gju mekanik protetik - Slavej","isPartOf":{"@id":"https:\/\/slavej.mk\/#website"},"datePublished":"2024-08-29T22:48:24+00:00","dateModified":"2025-03-25T13:08:41+00:00","breadcrumb":{"@id":"https:\/\/slavej.mk\/sq\/protetika\/protezi-za-dolni-ekstremiteti\/gju-mekanik-protetik\/#breadcrumb"},"inLanguage":"sq-AL","potentialAction":[{"@type":"ReadAction","target":["https:\/\/slavej.mk\/sq\/protetika\/protezi-za-dolni-ekstremiteti\/gju-mekanik-protetik\/"]}]},{"@type":"BreadcrumbList","@id":"https:\/\/slavej.mk\/sq\/protetika\/protezi-za-dolni-ekstremiteti\/gju-mekanik-protetik\/#breadcrumb","itemListElement":[{"@type":"ListItem","position":1,"name":"Home","item":"https:\/\/slavej.mk\/"},{"@type":"ListItem","position":2,"name":"Protetika","item":"https:\/\/slavej.mk\/sq\/protetika\/"},{"@type":"ListItem","position":3,"name":"Proteza p\u00ebr gjymtyr\u00ebt e poshtme","item":"https:\/\/slavej.mk\/sq\/protetika\/protezi-za-dolni-ekstremiteti\/"},{"@type":"ListItem","position":4,"name":"Gju mekanik protetik"}]},{"@type":"WebSite","@id":"https:\/\/slavej.mk\/#website","url":"https:\/\/slavej.mk\/","name":"Slavej","description":"","publisher":{"@id":"https:\/\/slavej.mk\/#organization"},"potentialAction":[{"@type":"SearchAction","target":{"@type":"EntryPoint","urlTemplate":"https:\/\/slavej.mk\/?s={search_term_string}"},"query-input":{"@type":"PropertyValueSpecification","valueRequired":true,"valueName":"search_term_string"}}],"inLanguage":"sq-AL"},{"@type":"Organization","@id":"https:\/\/slavej.mk\/#organization","name":"Slavej","url":"https:\/\/slavej.mk\/","logo":{"@type":"ImageObject","inLanguage":"sq-AL","@id":"https:\/\/slavej.mk\/#\/schema\/logo\/image\/","url":"","contentUrl":"","caption":"Slavej"},"image":{"@id":"https:\/\/slavej.mk\/#\/schema\/logo\/image\/"}}]}},"_links":{"self":[{"href":"https:\/\/slavej.mk\/sq\/wp-json\/wp\/v2\/pages\/21881","targetHints":{"allow":["GET"]}}],"collection":[{"href":"https:\/\/slavej.mk\/sq\/wp-json\/wp\/v2\/pages"}],"about":[{"href":"https:\/\/slavej.mk\/sq\/wp-json\/wp\/v2\/types\/page"}],"author":[{"embeddable":true,"href":"https:\/\/slavej.mk\/sq\/wp-json\/wp\/v2\/users\/188"}],"replies":[{"embeddable":true,"href":"https:\/\/slavej.mk\/sq\/wp-json\/wp\/v2\/comments?post=21881"}],"version-history":[{"count":2,"href":"https:\/\/slavej.mk\/sq\/wp-json\/wp\/v2\/pages\/21881\/revisions"}],"predecessor-version":[{"id":21883,"href":"https:\/\/slavej.mk\/sq\/wp-json\/wp\/v2\/pages\/21881\/revisions\/21883"}],"up":[{"embeddable":true,"href":"https:\/\/slavej.mk\/sq\/wp-json\/wp\/v2\/pages\/20661"}],"wp:attachment":[{"href":"https:\/\/slavej.mk\/sq\/wp-json\/wp\/v2\/media?parent=21881"}],"curies":[{"name":"wp","href":"https:\/\/api.w.org\/{rel}","templated":true}]}}