{"id":20834,"date":"2024-08-30T01:06:55","date_gmt":"2024-08-29T23:06:55","guid":{"rendered":"https:\/\/slavej.mk\/protetika\/protetika-na-gornite-ekstremiteti\/mioelektronska-dlanka\/"},"modified":"2024-12-03T13:36:15","modified_gmt":"2024-12-03T12:36:15","slug":"mioelektronska-dlanka","status":"publish","type":"page","link":"https:\/\/slavej.mk\/sq\/protetika\/protetika-na-gornite-ekstremiteti\/mioelektronska-dlanka\/","title":{"rendered":"Dora mioelektronike"},"content":{"rendered":"<p>\u041d\u0430\u0458\u043d\u043e\u0432\u0430\u0442\u0430 \u0442\u0435\u0445\u043d\u043e\u043b\u043e\u0433\u0438\u0458\u0430 \u0437\u0430 \u043f\u0440\u043e\u0442\u0435\u0442\u0438\u043a\u0430 \u043d\u0430 \u0433\u043e\u0440\u043d\u0438\u0442\u0435 \u0435\u043a\u0441\u0442\u0440\u0435\u043c\u0438\u0442\u0435\u0442\u0438 \u0435 \u0433\u0435\u043d\u0435\u0440\u0430\u043b\u043d\u043e \u043f\u043e\u0432\u0440\u0437\u0430\u043d\u0430 \u0441\u043e \u043c\u0438\u043e\u0435\u043b\u0435\u043a\u0442\u0440\u043e\u043d\u0441\u043a\u0438 \u0434\u043b\u0430\u043d\u043a\u0438. \u041c\u0438\u043e\u0435\u043b\u0435\u043a\u0442\u0440\u043e\u043d\u0441\u043a\u0438\u0442\u0435 \u043f\u0440\u043e\u0442\u0435\u0437\u0438 \u0438\u043c\u0430\u0430\u0442 \u0435\u043b\u0435\u043a\u0442\u0440\u043e\u0434\u0438 \u043a\u043e\u0438 \u0441\u0435 \u043f\u043e\u0441\u0442\u0430\u0432\u0435\u043d\u0438 \u043d\u0430 \u043f\u0440\u0435\u043e\u0441\u0442\u0430\u043d\u0430\u0442\u0438\u043e\u0442 \u0435\u043a\u0441\u0442\u0440\u0435\u043c\u0438\u0442\u0435\u0442 \u0438 \u0433\u0438 \u0434\u0435\u0442\u0435\u043a\u0442\u0438\u0440\u0430\u0430\u0442 \u0435\u043b\u0435\u043a\u0442\u0440\u0438\u0447\u043d\u0438\u0442\u0435 \u0438\u043c\u043f\u0443\u043b\u0441\u0438, \u0448\u0442\u043e \u0442\u0435\u043b\u043e\u0442\u043e \u0433\u0438 \u0441\u043e\u0437\u0434\u0430\u0432\u0430 \u043a\u043e\u0433\u0430 \u043c\u0443\u0441\u043a\u0443\u043b\u0438\u0442\u0435 \u043a\u043e\u043d\u0442\u0440\u0430\u0445\u0438\u0440\u0430\u0430\u0442. \u0412\u0440\u0437 \u043e\u0441\u043d\u043e\u0432\u0430 \u043d\u0430 \u0435\u043b\u0435\u043a\u0442\u0440\u0438\u0447\u043d\u0438\u0442\u0435 \u0438\u043c\u043f\u0443\u043b\u0441\u0438 \u0448\u0442\u043e \u0433\u0438 \u0434\u0435\u0442\u0435\u043a\u0442\u0438\u0440\u0430\u0430\u0442 \u0435\u043b\u0435\u043a\u0442\u0440\u043e\u0434\u0438\u0442\u0435, \u0443\u0440\u0435\u0434\u043e\u0442 \u0435 \u043f\u0440\u043e\u0433\u0440\u0430\u043c\u0438\u0440\u0430\u043d \u0434\u0430 \u043d\u0430\u043f\u0440\u0430\u0432\u0438 \u043e\u0434\u0440\u0435\u0434\u0435\u043d\u0430 \u0430\u043a\u0446\u0438\u0458\u0430.<\/p>\n<p>\u041c\u0438\u043e\u0435\u043b\u0435\u043a\u0442\u0440\u043e\u043d\u0441\u043a\u0430\u0442\u0430 \u0434\u043b\u0430\u043d\u043a\u0430, \u0435 \u043d\u0430\u043c\u0435\u043d\u0435\u0442\u0430 \u0437\u0430 \u043b\u0438\u0446\u0430 \u0441\u043e \u0434\u043e\u0431\u0440\u0430 \u043c\u0443\u0441\u043a\u0443\u043b\u043d\u0430 \u0444\u0443\u043d\u043a\u0446\u0438\u0458\u0430 \u043d\u0430 \u043f\u0440\u0435\u043e\u0441\u0442\u0430\u043d\u0430\u0442\u0438\u043e\u0442 \u0435\u043a\u0441\u0442\u0440\u0435\u043c\u0438\u0442\u0435\u0442 \u0441\u043e \u0446\u0435\u043b \u0434\u0430 \u0441\u0435 \u0433\u0435\u043d\u0435\u0440\u0438\u0440\u0430 \u0441\u043e\u043e\u0434\u0432\u0435\u0442\u043d\u0430 \u0440\u0435\u0430\u043a\u0446\u0438\u0458\u0430 \u043e\u0434 \u0443\u0440\u0435\u0434\u043e\u0442. \u041f\u0440\u0435\u0434 \u0434\u0430 \u0441\u0435 \u043d\u0430\u043f\u0440\u0430\u0432\u0438 \u043f\u0440\u043e\u0442\u0435\u0437\u0430\u0442\u0430, \u0444\u0443\u043d\u043a\u0446\u0438\u0458\u0430\u0442\u0430 \u043d\u0430 \u043c\u0443\u0441\u043a\u0443\u043b\u0438\u0442\u0435 \u043c\u043e\u0436\u0435 \u0434\u0430 \u0441\u0435 \u0442\u0435\u0441\u0442\u0438\u0440\u0430 \u0441\u043e \u043f\u043e\u0441\u0442\u0430\u0432\u0443\u0432\u0430\u045a\u0435 \u0435\u043b\u0435\u043a\u0442\u0440\u043e\u0434\u0438 \u0441\u043e \u0446\u0435\u043b \u0434\u0430 \u0431\u0438\u0434\u0435\u043c\u0435 \u0441\u0438\u0433\u0443\u0440\u043d\u0438 \u0434\u0435\u043a\u0430 \u0441\u0438\u0433\u043d\u0430\u043b\u043e\u0442 \u043c\u043e\u0436\u0435 \u0434\u0430 \u043f\u0440\u0435\u0434\u0438\u0437\u0432\u0438\u043a\u0430 \u0434\u0435\u0458\u0441\u0442\u0432\u043e.<\/p>\n<p>\u0417\u0430 \u043c\u0438\u043e\u0435\u043b\u0435\u043a\u0442\u043e\u0440\u043d\u0441\u043a\u0438\u0442\u0435 \u043f\u0440\u043e\u0442\u0435\u0437\u0438 \u0435 \u043f\u043e\u0442\u0440\u0435\u0431\u043d\u0430 \u043e\u0431\u0443\u043a\u0430, \u0437\u0430 \u043a\u043e\u0440\u0438\u0441\u043d\u0438\u043a\u043e\u0442 \u0434\u0430 \u0441\u0435 \u0437\u0430\u043f\u043e\u0437\u043d\u0430\u0435 \u043a\u0430\u043a\u043e \u0434\u0430 \u0433\u0438 \u0430\u043a\u0442\u0438\u0432\u0438\u0440\u0430 \u0440\u0430\u0437\u043b\u0438\u0447\u043d\u0438\u0442\u0435 \u043c\u0443\u0441\u043a\u0443\u043b\u0438 \u0441\u043e \u0446\u0435\u043b \u0434\u0430 \u0441\u0435 \u0434\u043e\u0431\u0438\u0435 \u0441\u0430\u043a\u0430\u043d\u0430\u0442\u0430 \u0430\u043a\u0446\u0438\u0458\u0430 \u043e\u0434 \u043f\u0440\u043e\u0442\u0435\u0437\u0430\u0442\u0430. \u0417\u0430\u043f\u043e\u043c\u043d\u0435\u0442\u0435 \u0434\u0435\u043a\u0430 \u0442\u0440\u043f\u0435\u043d\u0438\u0435\u0442\u043e \u0438 \u0443\u043f\u043e\u0440\u043d\u043e\u0441\u0442\u0430 \u043d\u0430 \u043a\u0440\u0430\u0458 \u045c\u0435 \u0441\u0435 \u0438\u0441\u043f\u043b\u0430\u0442\u0430\u0442. \u041e\u0442\u043a\u0430\u043a\u043e \u045c\u0435 \u043d\u0430\u0443\u0447\u0438\u0442\u0435 \u0434\u0430 \u0433\u0438 \u043a\u043e\u0440\u0438\u0441\u0442\u0438\u0442\u0435 \u043e\u0432\u0438\u0435 \u043f\u0440\u043e\u0442\u0435\u0437\u0438, \u043c\u043e\u0436\u0435 \u043c\u043d\u043e\u0433\u0443 \u0434\u0430 \u0432\u0438 \u043f\u043e\u043c\u043e\u0433\u043d\u0430\u0442 \u0432\u043e \u0441\u0435\u043a\u043e\u0458\u0434\u043d\u0435\u0432\u043d\u0438\u0442\u0435 \u0430\u043a\u0442\u0438\u0432\u043d\u043e\u0441\u0442\u0438.<\/p>\n","protected":false},"excerpt":{"rendered":"<p>\u041d\u0430\u0458\u043d\u043e\u0432\u0430\u0442\u0430 \u0442\u0435\u0445\u043d\u043e\u043b\u043e\u0433\u0438\u0458\u0430 \u0437\u0430 \u043f\u0440\u043e\u0442\u0435\u0442\u0438\u043a\u0430 \u043d\u0430 \u0433\u043e\u0440\u043d\u0438\u0442\u0435 \u0435\u043a\u0441\u0442\u0440\u0435\u043c\u0438\u0442\u0435\u0442\u0438 \u0435 \u0433\u0435\u043d\u0435\u0440\u0430\u043b\u043d\u043e \u043f\u043e\u0432\u0440\u0437\u0430\u043d\u0430 \u0441\u043e \u043c\u0438\u043e\u0435\u043b\u0435\u043a\u0442\u0440\u043e\u043d\u0441\u043a\u0438 \u0434\u043b\u0430\u043d\u043a\u0438. \u041c\u0438\u043e\u0435\u043b\u0435\u043a\u0442\u0440\u043e\u043d\u0441\u043a\u0438\u0442\u0435 \u043f\u0440\u043e\u0442\u0435\u0437\u0438 \u0438\u043c\u0430\u0430\u0442 \u0435\u043b\u0435\u043a\u0442\u0440\u043e\u0434\u0438 \u043a\u043e\u0438 \u0441\u0435 \u043f\u043e\u0441\u0442\u0430\u0432\u0435\u043d\u0438 \u043d\u0430 \u043f\u0440\u0435\u043e\u0441\u0442\u0430\u043d\u0430\u0442\u0438\u043e\u0442 \u0435\u043a\u0441\u0442\u0440\u0435\u043c\u0438\u0442\u0435\u0442 \u0438 \u0433\u0438 \u0434\u0435\u0442\u0435\u043a\u0442\u0438\u0440\u0430\u0430\u0442 \u0435\u043b\u0435\u043a\u0442\u0440\u0438\u0447\u043d\u0438\u0442\u0435 \u0438\u043c\u043f\u0443\u043b\u0441\u0438, \u0448\u0442\u043e \u0442\u0435\u043b\u043e\u0442\u043e \u0433\u0438 \u0441\u043e\u0437\u0434\u0430\u0432\u0430 \u043a\u043e\u0433\u0430 \u043c\u0443\u0441\u043a\u0443\u043b\u0438\u0442\u0435 \u043a\u043e\u043d\u0442\u0440\u0430\u0445\u0438\u0440\u0430\u0430\u0442. \u0412\u0440\u0437 \u043e\u0441\u043d\u043e\u0432\u0430 \u043d\u0430 \u0435\u043b\u0435\u043a\u0442\u0440\u0438\u0447\u043d\u0438\u0442\u0435 \u0438\u043c\u043f\u0443\u043b\u0441\u0438 \u0448\u0442\u043e \u0433\u0438 \u0434\u0435\u0442\u0435\u043a\u0442\u0438\u0440\u0430\u0430\u0442 \u0435\u043b\u0435\u043a\u0442\u0440\u043e\u0434\u0438\u0442\u0435, \u0443\u0440\u0435\u0434\u043e\u0442 \u0435 \u043f\u0440\u043e\u0433\u0440\u0430\u043c\u0438\u0440\u0430\u043d \u0434\u0430 \u043d\u0430\u043f\u0440\u0430\u0432\u0438 \u043e\u0434\u0440\u0435\u0434\u0435\u043d\u0430 \u0430\u043a\u0446\u0438\u0458\u0430. \u041c\u0438\u043e\u0435\u043b\u0435\u043a\u0442\u0440\u043e\u043d\u0441\u043a\u0430\u0442\u0430 \u0434\u043b\u0430\u043d\u043a\u0430, \u0435 \u043d\u0430\u043c\u0435\u043d\u0435\u0442\u0430 [&hellip;]<\/p>\n","protected":false},"author":2,"featured_media":0,"parent":20820,"menu_order":0,"comment_status":"closed","ping_status":"closed","template":"templates\/protetika-single.php","meta":{"footnotes":""},"class_list":["post-20834","page","type-page","status-publish","hentry"],"yoast_head":"<!-- This site is optimized with the Yoast SEO plugin v26.3 - https:\/\/yoast.com\/wordpress\/plugins\/seo\/ -->\n<title>Dora mioelektronike - Slavej<\/title>\n<meta name=\"robots\" content=\"index, follow, max-snippet:-1, max-image-preview:large, max-video-preview:-1\" \/>\n<link rel=\"canonical\" href=\"https:\/\/slavej.mk\/sq\/protetika\/protetika-na-gornite-ekstremiteti\/mioelektronska-dlanka\/\" \/>\n<meta property=\"og:locale\" content=\"sq_AL\" \/>\n<meta property=\"og:type\" content=\"article\" \/>\n<meta property=\"og:title\" content=\"Dora mioelektronike - Slavej\" \/>\n<meta property=\"og:description\" content=\"\u041d\u0430\u0458\u043d\u043e\u0432\u0430\u0442\u0430 \u0442\u0435\u0445\u043d\u043e\u043b\u043e\u0433\u0438\u0458\u0430 \u0437\u0430 \u043f\u0440\u043e\u0442\u0435\u0442\u0438\u043a\u0430 \u043d\u0430 \u0433\u043e\u0440\u043d\u0438\u0442\u0435 \u0435\u043a\u0441\u0442\u0440\u0435\u043c\u0438\u0442\u0435\u0442\u0438 \u0435 \u0433\u0435\u043d\u0435\u0440\u0430\u043b\u043d\u043e \u043f\u043e\u0432\u0440\u0437\u0430\u043d\u0430 \u0441\u043e \u043c\u0438\u043e\u0435\u043b\u0435\u043a\u0442\u0440\u043e\u043d\u0441\u043a\u0438 \u0434\u043b\u0430\u043d\u043a\u0438. \u041c\u0438\u043e\u0435\u043b\u0435\u043a\u0442\u0440\u043e\u043d\u0441\u043a\u0438\u0442\u0435 \u043f\u0440\u043e\u0442\u0435\u0437\u0438 \u0438\u043c\u0430\u0430\u0442 \u0435\u043b\u0435\u043a\u0442\u0440\u043e\u0434\u0438 \u043a\u043e\u0438 \u0441\u0435 \u043f\u043e\u0441\u0442\u0430\u0432\u0435\u043d\u0438 \u043d\u0430 \u043f\u0440\u0435\u043e\u0441\u0442\u0430\u043d\u0430\u0442\u0438\u043e\u0442 \u0435\u043a\u0441\u0442\u0440\u0435\u043c\u0438\u0442\u0435\u0442 \u0438 \u0433\u0438 \u0434\u0435\u0442\u0435\u043a\u0442\u0438\u0440\u0430\u0430\u0442 \u0435\u043b\u0435\u043a\u0442\u0440\u0438\u0447\u043d\u0438\u0442\u0435 \u0438\u043c\u043f\u0443\u043b\u0441\u0438, \u0448\u0442\u043e \u0442\u0435\u043b\u043e\u0442\u043e \u0433\u0438 \u0441\u043e\u0437\u0434\u0430\u0432\u0430 \u043a\u043e\u0433\u0430 \u043c\u0443\u0441\u043a\u0443\u043b\u0438\u0442\u0435 \u043a\u043e\u043d\u0442\u0440\u0430\u0445\u0438\u0440\u0430\u0430\u0442. \u0412\u0440\u0437 \u043e\u0441\u043d\u043e\u0432\u0430 \u043d\u0430 \u0435\u043b\u0435\u043a\u0442\u0440\u0438\u0447\u043d\u0438\u0442\u0435 \u0438\u043c\u043f\u0443\u043b\u0441\u0438 \u0448\u0442\u043e \u0433\u0438 \u0434\u0435\u0442\u0435\u043a\u0442\u0438\u0440\u0430\u0430\u0442 \u0435\u043b\u0435\u043a\u0442\u0440\u043e\u0434\u0438\u0442\u0435, \u0443\u0440\u0435\u0434\u043e\u0442 \u0435 \u043f\u0440\u043e\u0433\u0440\u0430\u043c\u0438\u0440\u0430\u043d \u0434\u0430 \u043d\u0430\u043f\u0440\u0430\u0432\u0438 \u043e\u0434\u0440\u0435\u0434\u0435\u043d\u0430 \u0430\u043a\u0446\u0438\u0458\u0430. \u041c\u0438\u043e\u0435\u043b\u0435\u043a\u0442\u0440\u043e\u043d\u0441\u043a\u0430\u0442\u0430 \u0434\u043b\u0430\u043d\u043a\u0430, \u0435 \u043d\u0430\u043c\u0435\u043d\u0435\u0442\u0430 [&hellip;]\" \/>\n<meta property=\"og:url\" content=\"https:\/\/slavej.mk\/sq\/protetika\/protetika-na-gornite-ekstremiteti\/mioelektronska-dlanka\/\" \/>\n<meta property=\"og:site_name\" content=\"Slavej\" \/>\n<meta property=\"article:modified_time\" content=\"2024-12-03T12:36:15+00:00\" \/>\n<meta name=\"twitter:card\" content=\"summary_large_image\" \/>\n<script type=\"application\/ld+json\" class=\"yoast-schema-graph\">{\"@context\":\"https:\/\/schema.org\",\"@graph\":[{\"@type\":\"WebPage\",\"@id\":\"https:\/\/slavej.mk\/sq\/protetika\/protetika-na-gornite-ekstremiteti\/mioelektronska-dlanka\/\",\"url\":\"https:\/\/slavej.mk\/sq\/protetika\/protetika-na-gornite-ekstremiteti\/mioelektronska-dlanka\/\",\"name\":\"Dora mioelektronike - Slavej\",\"isPartOf\":{\"@id\":\"https:\/\/slavej.mk\/#website\"},\"datePublished\":\"2024-08-29T23:06:55+00:00\",\"dateModified\":\"2024-12-03T12:36:15+00:00\",\"breadcrumb\":{\"@id\":\"https:\/\/slavej.mk\/sq\/protetika\/protetika-na-gornite-ekstremiteti\/mioelektronska-dlanka\/#breadcrumb\"},\"inLanguage\":\"sq-AL\",\"potentialAction\":[{\"@type\":\"ReadAction\",\"target\":[\"https:\/\/slavej.mk\/sq\/protetika\/protetika-na-gornite-ekstremiteti\/mioelektronska-dlanka\/\"]}]},{\"@type\":\"BreadcrumbList\",\"@id\":\"https:\/\/slavej.mk\/sq\/protetika\/protetika-na-gornite-ekstremiteti\/mioelektronska-dlanka\/#breadcrumb\",\"itemListElement\":[{\"@type\":\"ListItem\",\"position\":1,\"name\":\"Home\",\"item\":\"https:\/\/slavej.mk\/\"},{\"@type\":\"ListItem\",\"position\":2,\"name\":\"Protetika\",\"item\":\"https:\/\/slavej.mk\/sq\/protetika\/\"},{\"@type\":\"ListItem\",\"position\":3,\"name\":\"Protetika e gjymtyr\u00ebve t\u00eb sip\u00ebrme\",\"item\":\"https:\/\/slavej.mk\/sq\/protetika\/protetika-na-gornite-ekstremiteti\/\"},{\"@type\":\"ListItem\",\"position\":4,\"name\":\"Dora mioelektronike\"}]},{\"@type\":\"WebSite\",\"@id\":\"https:\/\/slavej.mk\/#website\",\"url\":\"https:\/\/slavej.mk\/\",\"name\":\"Slavej\",\"description\":\"\",\"publisher\":{\"@id\":\"https:\/\/slavej.mk\/#organization\"},\"potentialAction\":[{\"@type\":\"SearchAction\",\"target\":{\"@type\":\"EntryPoint\",\"urlTemplate\":\"https:\/\/slavej.mk\/?s={search_term_string}\"},\"query-input\":{\"@type\":\"PropertyValueSpecification\",\"valueRequired\":true,\"valueName\":\"search_term_string\"}}],\"inLanguage\":\"sq-AL\"},{\"@type\":\"Organization\",\"@id\":\"https:\/\/slavej.mk\/#organization\",\"name\":\"Slavej\",\"url\":\"https:\/\/slavej.mk\/\",\"logo\":{\"@type\":\"ImageObject\",\"inLanguage\":\"sq-AL\",\"@id\":\"https:\/\/slavej.mk\/#\/schema\/logo\/image\/\",\"url\":\"\",\"contentUrl\":\"\",\"caption\":\"Slavej\"},\"image\":{\"@id\":\"https:\/\/slavej.mk\/#\/schema\/logo\/image\/\"}}]}<\/script>\n<!-- \/ Yoast SEO plugin. -->","yoast_head_json":{"title":"Dora mioelektronike - Slavej","robots":{"index":"index","follow":"follow","max-snippet":"max-snippet:-1","max-image-preview":"max-image-preview:large","max-video-preview":"max-video-preview:-1"},"canonical":"https:\/\/slavej.mk\/sq\/protetika\/protetika-na-gornite-ekstremiteti\/mioelektronska-dlanka\/","og_locale":"sq_AL","og_type":"article","og_title":"Dora mioelektronike - Slavej","og_description":"\u041d\u0430\u0458\u043d\u043e\u0432\u0430\u0442\u0430 \u0442\u0435\u0445\u043d\u043e\u043b\u043e\u0433\u0438\u0458\u0430 \u0437\u0430 \u043f\u0440\u043e\u0442\u0435\u0442\u0438\u043a\u0430 \u043d\u0430 \u0433\u043e\u0440\u043d\u0438\u0442\u0435 \u0435\u043a\u0441\u0442\u0440\u0435\u043c\u0438\u0442\u0435\u0442\u0438 \u0435 \u0433\u0435\u043d\u0435\u0440\u0430\u043b\u043d\u043e \u043f\u043e\u0432\u0440\u0437\u0430\u043d\u0430 \u0441\u043e \u043c\u0438\u043e\u0435\u043b\u0435\u043a\u0442\u0440\u043e\u043d\u0441\u043a\u0438 \u0434\u043b\u0430\u043d\u043a\u0438. \u041c\u0438\u043e\u0435\u043b\u0435\u043a\u0442\u0440\u043e\u043d\u0441\u043a\u0438\u0442\u0435 \u043f\u0440\u043e\u0442\u0435\u0437\u0438 \u0438\u043c\u0430\u0430\u0442 \u0435\u043b\u0435\u043a\u0442\u0440\u043e\u0434\u0438 \u043a\u043e\u0438 \u0441\u0435 \u043f\u043e\u0441\u0442\u0430\u0432\u0435\u043d\u0438 \u043d\u0430 \u043f\u0440\u0435\u043e\u0441\u0442\u0430\u043d\u0430\u0442\u0438\u043e\u0442 \u0435\u043a\u0441\u0442\u0440\u0435\u043c\u0438\u0442\u0435\u0442 \u0438 \u0433\u0438 \u0434\u0435\u0442\u0435\u043a\u0442\u0438\u0440\u0430\u0430\u0442 \u0435\u043b\u0435\u043a\u0442\u0440\u0438\u0447\u043d\u0438\u0442\u0435 \u0438\u043c\u043f\u0443\u043b\u0441\u0438, \u0448\u0442\u043e \u0442\u0435\u043b\u043e\u0442\u043e \u0433\u0438 \u0441\u043e\u0437\u0434\u0430\u0432\u0430 \u043a\u043e\u0433\u0430 \u043c\u0443\u0441\u043a\u0443\u043b\u0438\u0442\u0435 \u043a\u043e\u043d\u0442\u0440\u0430\u0445\u0438\u0440\u0430\u0430\u0442. \u0412\u0440\u0437 \u043e\u0441\u043d\u043e\u0432\u0430 \u043d\u0430 \u0435\u043b\u0435\u043a\u0442\u0440\u0438\u0447\u043d\u0438\u0442\u0435 \u0438\u043c\u043f\u0443\u043b\u0441\u0438 \u0448\u0442\u043e \u0433\u0438 \u0434\u0435\u0442\u0435\u043a\u0442\u0438\u0440\u0430\u0430\u0442 \u0435\u043b\u0435\u043a\u0442\u0440\u043e\u0434\u0438\u0442\u0435, \u0443\u0440\u0435\u0434\u043e\u0442 \u0435 \u043f\u0440\u043e\u0433\u0440\u0430\u043c\u0438\u0440\u0430\u043d \u0434\u0430 \u043d\u0430\u043f\u0440\u0430\u0432\u0438 \u043e\u0434\u0440\u0435\u0434\u0435\u043d\u0430 \u0430\u043a\u0446\u0438\u0458\u0430. \u041c\u0438\u043e\u0435\u043b\u0435\u043a\u0442\u0440\u043e\u043d\u0441\u043a\u0430\u0442\u0430 \u0434\u043b\u0430\u043d\u043a\u0430, \u0435 \u043d\u0430\u043c\u0435\u043d\u0435\u0442\u0430 [&hellip;]","og_url":"https:\/\/slavej.mk\/sq\/protetika\/protetika-na-gornite-ekstremiteti\/mioelektronska-dlanka\/","og_site_name":"Slavej","article_modified_time":"2024-12-03T12:36:15+00:00","twitter_card":"summary_large_image","schema":{"@context":"https:\/\/schema.org","@graph":[{"@type":"WebPage","@id":"https:\/\/slavej.mk\/sq\/protetika\/protetika-na-gornite-ekstremiteti\/mioelektronska-dlanka\/","url":"https:\/\/slavej.mk\/sq\/protetika\/protetika-na-gornite-ekstremiteti\/mioelektronska-dlanka\/","name":"Dora mioelektronike - Slavej","isPartOf":{"@id":"https:\/\/slavej.mk\/#website"},"datePublished":"2024-08-29T23:06:55+00:00","dateModified":"2024-12-03T12:36:15+00:00","breadcrumb":{"@id":"https:\/\/slavej.mk\/sq\/protetika\/protetika-na-gornite-ekstremiteti\/mioelektronska-dlanka\/#breadcrumb"},"inLanguage":"sq-AL","potentialAction":[{"@type":"ReadAction","target":["https:\/\/slavej.mk\/sq\/protetika\/protetika-na-gornite-ekstremiteti\/mioelektronska-dlanka\/"]}]},{"@type":"BreadcrumbList","@id":"https:\/\/slavej.mk\/sq\/protetika\/protetika-na-gornite-ekstremiteti\/mioelektronska-dlanka\/#breadcrumb","itemListElement":[{"@type":"ListItem","position":1,"name":"Home","item":"https:\/\/slavej.mk\/"},{"@type":"ListItem","position":2,"name":"Protetika","item":"https:\/\/slavej.mk\/sq\/protetika\/"},{"@type":"ListItem","position":3,"name":"Protetika e gjymtyr\u00ebve t\u00eb sip\u00ebrme","item":"https:\/\/slavej.mk\/sq\/protetika\/protetika-na-gornite-ekstremiteti\/"},{"@type":"ListItem","position":4,"name":"Dora mioelektronike"}]},{"@type":"WebSite","@id":"https:\/\/slavej.mk\/#website","url":"https:\/\/slavej.mk\/","name":"Slavej","description":"","publisher":{"@id":"https:\/\/slavej.mk\/#organization"},"potentialAction":[{"@type":"SearchAction","target":{"@type":"EntryPoint","urlTemplate":"https:\/\/slavej.mk\/?s={search_term_string}"},"query-input":{"@type":"PropertyValueSpecification","valueRequired":true,"valueName":"search_term_string"}}],"inLanguage":"sq-AL"},{"@type":"Organization","@id":"https:\/\/slavej.mk\/#organization","name":"Slavej","url":"https:\/\/slavej.mk\/","logo":{"@type":"ImageObject","inLanguage":"sq-AL","@id":"https:\/\/slavej.mk\/#\/schema\/logo\/image\/","url":"","contentUrl":"","caption":"Slavej"},"image":{"@id":"https:\/\/slavej.mk\/#\/schema\/logo\/image\/"}}]}},"_links":{"self":[{"href":"https:\/\/slavej.mk\/sq\/wp-json\/wp\/v2\/pages\/20834","targetHints":{"allow":["GET"]}}],"collection":[{"href":"https:\/\/slavej.mk\/sq\/wp-json\/wp\/v2\/pages"}],"about":[{"href":"https:\/\/slavej.mk\/sq\/wp-json\/wp\/v2\/types\/page"}],"author":[{"embeddable":true,"href":"https:\/\/slavej.mk\/sq\/wp-json\/wp\/v2\/users\/2"}],"replies":[{"embeddable":true,"href":"https:\/\/slavej.mk\/sq\/wp-json\/wp\/v2\/comments?post=20834"}],"version-history":[{"count":1,"href":"https:\/\/slavej.mk\/sq\/wp-json\/wp\/v2\/pages\/20834\/revisions"}],"predecessor-version":[{"id":20835,"href":"https:\/\/slavej.mk\/sq\/wp-json\/wp\/v2\/pages\/20834\/revisions\/20835"}],"up":[{"embeddable":true,"href":"https:\/\/slavej.mk\/sq\/wp-json\/wp\/v2\/pages\/20820"}],"wp:attachment":[{"href":"https:\/\/slavej.mk\/sq\/wp-json\/wp\/v2\/media?parent=20834"}],"curies":[{"name":"wp","href":"https:\/\/api.w.org\/{rel}","templated":true}]}}