{"id":20824,"date":"2024-08-30T01:08:06","date_gmt":"2024-08-29T23:08:06","guid":{"rendered":"https:\/\/slavej.mk\/protetika\/protetika-na-gornite-ekstremiteti\/mioelektronski-lakti\/"},"modified":"2024-12-03T13:29:39","modified_gmt":"2024-12-03T12:29:39","slug":"mioelektronski-lakti","status":"publish","type":"page","link":"https:\/\/slavej.mk\/sq\/protetika\/protetika-na-gornite-ekstremiteti\/mioelektronski-lakti\/","title":{"rendered":"B\u00ebrryl\u00eb me karrikim t\u00eb jasht\u00ebm"},"content":{"rendered":"","protected":false},"excerpt":{"rendered":"","protected":false},"author":2,"featured_media":0,"parent":20820,"menu_order":0,"comment_status":"closed","ping_status":"closed","template":"templates\/protetika-single.php","meta":{"footnotes":""},"class_list":["post-20824","page","type-page","status-publish","hentry"],"yoast_head":"<!-- This site is optimized with the Yoast SEO plugin v26.3 - https:\/\/yoast.com\/wordpress\/plugins\/seo\/ -->\n<title>B\u00ebrryl\u00eb me karrikim t\u00eb jasht\u00ebm - Slavej<\/title>\n<meta name=\"robots\" content=\"index, follow, max-snippet:-1, max-image-preview:large, max-video-preview:-1\" \/>\n<link rel=\"canonical\" href=\"https:\/\/slavej.mk\/sq\/protetika\/protetika-na-gornite-ekstremiteti\/mioelektronski-lakti\/\" \/>\n<meta property=\"og:locale\" content=\"sq_AL\" \/>\n<meta property=\"og:type\" content=\"article\" \/>\n<meta property=\"og:title\" content=\"B\u00ebrryl\u00eb me karrikim t\u00eb jasht\u00ebm - Slavej\" \/>\n<meta property=\"og:url\" content=\"https:\/\/slavej.mk\/sq\/protetika\/protetika-na-gornite-ekstremiteti\/mioelektronski-lakti\/\" \/>\n<meta property=\"og:site_name\" content=\"Slavej\" \/>\n<meta property=\"article:modified_time\" content=\"2024-12-03T12:29:39+00:00\" \/>\n<meta name=\"twitter:card\" content=\"summary_large_image\" \/>\n<script type=\"application\/ld+json\" class=\"yoast-schema-graph\">{\"@context\":\"https:\/\/schema.org\",\"@graph\":[{\"@type\":\"WebPage\",\"@id\":\"https:\/\/slavej.mk\/sq\/protetika\/protetika-na-gornite-ekstremiteti\/mioelektronski-lakti\/\",\"url\":\"https:\/\/slavej.mk\/sq\/protetika\/protetika-na-gornite-ekstremiteti\/mioelektronski-lakti\/\",\"name\":\"B\u00ebrryl\u00eb me karrikim t\u00eb jasht\u00ebm - Slavej\",\"isPartOf\":{\"@id\":\"https:\/\/slavej.mk\/#website\"},\"datePublished\":\"2024-08-29T23:08:06+00:00\",\"dateModified\":\"2024-12-03T12:29:39+00:00\",\"breadcrumb\":{\"@id\":\"https:\/\/slavej.mk\/sq\/protetika\/protetika-na-gornite-ekstremiteti\/mioelektronski-lakti\/#breadcrumb\"},\"inLanguage\":\"sq-AL\",\"potentialAction\":[{\"@type\":\"ReadAction\",\"target\":[\"https:\/\/slavej.mk\/sq\/protetika\/protetika-na-gornite-ekstremiteti\/mioelektronski-lakti\/\"]}]},{\"@type\":\"BreadcrumbList\",\"@id\":\"https:\/\/slavej.mk\/sq\/protetika\/protetika-na-gornite-ekstremiteti\/mioelektronski-lakti\/#breadcrumb\",\"itemListElement\":[{\"@type\":\"ListItem\",\"position\":1,\"name\":\"Home\",\"item\":\"https:\/\/slavej.mk\/\"},{\"@type\":\"ListItem\",\"position\":2,\"name\":\"Protetika\",\"item\":\"https:\/\/slavej.mk\/sq\/protetika\/\"},{\"@type\":\"ListItem\",\"position\":3,\"name\":\"Protetika e gjymtyr\u00ebve t\u00eb sip\u00ebrme\",\"item\":\"https:\/\/slavej.mk\/sq\/protetika\/protetika-na-gornite-ekstremiteti\/\"},{\"@type\":\"ListItem\",\"position\":4,\"name\":\"B\u00ebrryl\u00eb me karrikim t\u00eb jasht\u00ebm\"}]},{\"@type\":\"WebSite\",\"@id\":\"https:\/\/slavej.mk\/#website\",\"url\":\"https:\/\/slavej.mk\/\",\"name\":\"Slavej\",\"description\":\"\",\"publisher\":{\"@id\":\"https:\/\/slavej.mk\/#organization\"},\"potentialAction\":[{\"@type\":\"SearchAction\",\"target\":{\"@type\":\"EntryPoint\",\"urlTemplate\":\"https:\/\/slavej.mk\/?s={search_term_string}\"},\"query-input\":{\"@type\":\"PropertyValueSpecification\",\"valueRequired\":true,\"valueName\":\"search_term_string\"}}],\"inLanguage\":\"sq-AL\"},{\"@type\":\"Organization\",\"@id\":\"https:\/\/slavej.mk\/#organization\",\"name\":\"Slavej\",\"url\":\"https:\/\/slavej.mk\/\",\"logo\":{\"@type\":\"ImageObject\",\"inLanguage\":\"sq-AL\",\"@id\":\"https:\/\/slavej.mk\/#\/schema\/logo\/image\/\",\"url\":\"\",\"contentUrl\":\"\",\"caption\":\"Slavej\"},\"image\":{\"@id\":\"https:\/\/slavej.mk\/#\/schema\/logo\/image\/\"}}]}<\/script>\n<!-- \/ Yoast SEO plugin. -->","yoast_head_json":{"title":"B\u00ebrryl\u00eb me karrikim t\u00eb jasht\u00ebm - Slavej","robots":{"index":"index","follow":"follow","max-snippet":"max-snippet:-1","max-image-preview":"max-image-preview:large","max-video-preview":"max-video-preview:-1"},"canonical":"https:\/\/slavej.mk\/sq\/protetika\/protetika-na-gornite-ekstremiteti\/mioelektronski-lakti\/","og_locale":"sq_AL","og_type":"article","og_title":"B\u00ebrryl\u00eb me karrikim t\u00eb jasht\u00ebm - Slavej","og_url":"https:\/\/slavej.mk\/sq\/protetika\/protetika-na-gornite-ekstremiteti\/mioelektronski-lakti\/","og_site_name":"Slavej","article_modified_time":"2024-12-03T12:29:39+00:00","twitter_card":"summary_large_image","schema":{"@context":"https:\/\/schema.org","@graph":[{"@type":"WebPage","@id":"https:\/\/slavej.mk\/sq\/protetika\/protetika-na-gornite-ekstremiteti\/mioelektronski-lakti\/","url":"https:\/\/slavej.mk\/sq\/protetika\/protetika-na-gornite-ekstremiteti\/mioelektronski-lakti\/","name":"B\u00ebrryl\u00eb me karrikim t\u00eb jasht\u00ebm - Slavej","isPartOf":{"@id":"https:\/\/slavej.mk\/#website"},"datePublished":"2024-08-29T23:08:06+00:00","dateModified":"2024-12-03T12:29:39+00:00","breadcrumb":{"@id":"https:\/\/slavej.mk\/sq\/protetika\/protetika-na-gornite-ekstremiteti\/mioelektronski-lakti\/#breadcrumb"},"inLanguage":"sq-AL","potentialAction":[{"@type":"ReadAction","target":["https:\/\/slavej.mk\/sq\/protetika\/protetika-na-gornite-ekstremiteti\/mioelektronski-lakti\/"]}]},{"@type":"BreadcrumbList","@id":"https:\/\/slavej.mk\/sq\/protetika\/protetika-na-gornite-ekstremiteti\/mioelektronski-lakti\/#breadcrumb","itemListElement":[{"@type":"ListItem","position":1,"name":"Home","item":"https:\/\/slavej.mk\/"},{"@type":"ListItem","position":2,"name":"Protetika","item":"https:\/\/slavej.mk\/sq\/protetika\/"},{"@type":"ListItem","position":3,"name":"Protetika e gjymtyr\u00ebve t\u00eb sip\u00ebrme","item":"https:\/\/slavej.mk\/sq\/protetika\/protetika-na-gornite-ekstremiteti\/"},{"@type":"ListItem","position":4,"name":"B\u00ebrryl\u00eb me karrikim t\u00eb jasht\u00ebm"}]},{"@type":"WebSite","@id":"https:\/\/slavej.mk\/#website","url":"https:\/\/slavej.mk\/","name":"Slavej","description":"","publisher":{"@id":"https:\/\/slavej.mk\/#organization"},"potentialAction":[{"@type":"SearchAction","target":{"@type":"EntryPoint","urlTemplate":"https:\/\/slavej.mk\/?s={search_term_string}"},"query-input":{"@type":"PropertyValueSpecification","valueRequired":true,"valueName":"search_term_string"}}],"inLanguage":"sq-AL"},{"@type":"Organization","@id":"https:\/\/slavej.mk\/#organization","name":"Slavej","url":"https:\/\/slavej.mk\/","logo":{"@type":"ImageObject","inLanguage":"sq-AL","@id":"https:\/\/slavej.mk\/#\/schema\/logo\/image\/","url":"","contentUrl":"","caption":"Slavej"},"image":{"@id":"https:\/\/slavej.mk\/#\/schema\/logo\/image\/"}}]}},"_links":{"self":[{"href":"https:\/\/slavej.mk\/sq\/wp-json\/wp\/v2\/pages\/20824","targetHints":{"allow":["GET"]}}],"collection":[{"href":"https:\/\/slavej.mk\/sq\/wp-json\/wp\/v2\/pages"}],"about":[{"href":"https:\/\/slavej.mk\/sq\/wp-json\/wp\/v2\/types\/page"}],"author":[{"embeddable":true,"href":"https:\/\/slavej.mk\/sq\/wp-json\/wp\/v2\/users\/2"}],"replies":[{"embeddable":true,"href":"https:\/\/slavej.mk\/sq\/wp-json\/wp\/v2\/comments?post=20824"}],"version-history":[{"count":1,"href":"https:\/\/slavej.mk\/sq\/wp-json\/wp\/v2\/pages\/20824\/revisions"}],"predecessor-version":[{"id":20825,"href":"https:\/\/slavej.mk\/sq\/wp-json\/wp\/v2\/pages\/20824\/revisions\/20825"}],"up":[{"embeddable":true,"href":"https:\/\/slavej.mk\/sq\/wp-json\/wp\/v2\/pages\/20820"}],"wp:attachment":[{"href":"https:\/\/slavej.mk\/sq\/wp-json\/wp\/v2\/media?parent=20824"}],"curies":[{"name":"wp","href":"https:\/\/api.w.org\/{rel}","templated":true}]}}